{"id":34,"date":"2023-02-17T08:52:37","date_gmt":"2023-02-17T08:52:37","guid":{"rendered":"https:\/\/orlandoexpeditionperu.com\/?page_id=34"},"modified":"2025-02-20T03:14:09","modified_gmt":"2025-02-20T03:14:09","slug":"inicio","status":"publish","type":"page","link":"https:\/\/orlandoexpeditionperu.com\/","title":{"rendered":"Inicio"},"content":{"rendered":"\t\t<div data-elementor-type=\"wp-page\" data-elementor-id=\"34\" class=\"elementor elementor-34\">\n\t\t\t\t\t\t\t\t\t<section class=\"elementor-section elementor-top-section elementor-element elementor-element-et6mk0y elementor-section-boxed elementor-section-height-default elementor-section-height-default\" data-id=\"et6mk0y\" data-element_type=\"section\" data-settings=\"{&quot;background_background&quot;:&quot;classic&quot;}\">\n\t\t\t\t\t\t\t<div class=\"elementor-background-overlay\"><\/div>\n\t\t\t\t\t\t\t<div class=\"elementor-container elementor-column-gap-default\">\n\t\t\t\t\t<div class=\"elementor-column elementor-col-100 elementor-top-column elementor-element elementor-element-52a255f1\" data-id=\"52a255f1\" data-element_type=\"column\">\n\t\t\t<div class=\"elementor-widget-wrap elementor-element-populated\">\n\t\t\t\t\t\t\t\t<div class=\"elementor-element elementor-element-110fbd5 elementor-invisible elementor-widget elementor-widget-heading\" data-id=\"110fbd5\" data-element_type=\"widget\" data-settings=\"{&quot;_animation&quot;:&quot;fadeIn&quot;,&quot;_animation_delay&quot;:600}\" data-widget_type=\"heading.default\">\n\t\t\t\t<div class=\"elementor-widget-container\">\n\t\t\t<style>\/*! elementor - v3.11.1 - 15-02-2023 *\/\n.elementor-heading-title{padding:0;margin:0;line-height:1}.elementor-widget-heading .elementor-heading-title[class*=elementor-size-]>a{color:inherit;font-size:inherit;line-height:inherit}.elementor-widget-heading .elementor-heading-title.elementor-size-small{font-size:15px}.elementor-widget-heading .elementor-heading-title.elementor-size-medium{font-size:19px}.elementor-widget-heading .elementor-heading-title.elementor-size-large{font-size:29px}.elementor-widget-heading .elementor-heading-title.elementor-size-xl{font-size:39px}.elementor-widget-heading .elementor-heading-title.elementor-size-xxl{font-size:59px}<\/style><h1 class=\"elementor-heading-title elementor-size-default\">Obt\u00e9n tu viaje so\u00f1ado con nosotros<\/h1>\t\t<\/div>\n\t\t\t\t<\/div>\n\t\t\t\t<div class=\"elementor-element elementor-element-03c864f elementor-invisible elementor-widget elementor-widget-heading\" data-id=\"03c864f\" data-element_type=\"widget\" data-settings=\"{&quot;_animation&quot;:&quot;fadeIn&quot;,&quot;_animation_delay&quot;:700}\" data-widget_type=\"heading.default\">\n\t\t\t\t<div class=\"elementor-widget-container\">\n\t\t\t<h3 class=\"elementor-heading-title elementor-size-default\">Paquetes turisticos en todo el Per\u00fa<\/h3>\t\t<\/div>\n\t\t\t\t<\/div>\n\t\t\t\t<div class=\"elementor-element elementor-element-78ab79a elementor-align-left elementor-mobile-align-justify elementor-tablet-align-left elementor-widget__width-auto elementor-widget-mobile__width-inherit elementor-widget elementor-widget-button\" data-id=\"78ab79a\" data-element_type=\"widget\" data-widget_type=\"button.default\">\n\t\t\t\t<div class=\"elementor-widget-container\">\n\t\t\t\t\t<div class=\"elementor-button-wrapper\">\n\t\t\t<a href=\"https:\/\/orlandoexpeditionperu.com\/index.php\/quienes-somos\/\" class=\"elementor-button-link elementor-button elementor-size-lg\" role=\"button\">\n\t\t\t\t\t\t<span class=\"elementor-button-content-wrapper\">\n\t\t\t\t\t\t<span class=\"elementor-button-text\">Mas Informaci\u00f3n<\/span>\n\t\t<\/span>\n\t\t\t\t\t<\/a>\n\t\t<\/div>\n\t\t\t\t<\/div>\n\t\t\t\t<\/div>\n\t\t\t\t\t<\/div>\n\t\t<\/div>\n\t\t\t\t\t\t\t<\/div>\n\t\t<\/section>\n\t\t\t\t<section class=\"elementor-section elementor-top-section elementor-element elementor-element-46eb6cf elementor-section-boxed elementor-section-height-default elementor-section-height-default\" data-id=\"46eb6cf\" data-element_type=\"section\">\n\t\t\t\t\t\t<div class=\"elementor-container elementor-column-gap-default\">\n\t\t\t\t\t<div class=\"elementor-column elementor-col-100 elementor-top-column elementor-element elementor-element-ef74350\" data-id=\"ef74350\" data-element_type=\"column\">\n\t\t\t<div class=\"elementor-widget-wrap\">\n\t\t\t\t\t\t\t\t\t<\/div>\n\t\t<\/div>\n\t\t\t\t\t\t\t<\/div>\n\t\t<\/section>\n\t\t\t\t<div class=\"elementor-section elementor-top-section elementor-element elementor-element-24kzal0 elementor-section-content-middle elementor-section-boxed elementor-section-height-default elementor-section-height-default elementor-invisible\" data-id=\"24kzal0\" data-element_type=\"section\" data-settings=\"{&quot;background_background&quot;:&quot;classic&quot;,&quot;animation&quot;:&quot;fadeIn&quot;}\">\n\t\t\t\t\t\t<div class=\"elementor-container elementor-column-gap-default\">\n\t\t\t\t\t<div class=\"elementor-column elementor-col-100 elementor-top-column elementor-element elementor-element-532eb909\" data-id=\"532eb909\" data-element_type=\"column\">\n\t\t\t<div class=\"elementor-widget-wrap elementor-element-populated\">\n\t\t\t\t\t\t\t\t<div class=\"elementor-element elementor-element-36b43d4e elementor-widget elementor-widget-heading\" data-id=\"36b43d4e\" data-element_type=\"widget\" data-widget_type=\"heading.default\">\n\t\t\t\t<div class=\"elementor-widget-container\">\n\t\t\t<h3 class=\"elementor-heading-title elementor-size-default\"><a href=\"http:\/\/Ica\"><a href=\"https:\/\/orlandoexpeditionperu.com\/index.php\/ica\/\">Tours en Ica<\/a><\/a><\/h3>\t\t<\/div>\n\t\t\t\t<\/div>\n\t\t\t\t<div class=\"elementor-element elementor-element-f7c0530 elementor-invisible elementor-widget elementor-widget-shortcode\" data-id=\"f7c0530\" data-element_type=\"widget\" data-settings=\"{&quot;_animation&quot;:&quot;fadeIn&quot;}\" data-widget_type=\"shortcode.default\">\n\t\t\t\t<div class=\"elementor-widget-container\">\n\t\t\t\t\t<div class=\"elementor-shortcode\"><div class=\"woocommerce columns-4 \"><ul class=\"products columns-4\">\n<li class=\"desktop-align-left tablet-align-left mobile-align-left product type-product post-18 status-publish first instock product_cat-ica product_tag-huacachina product_tag-ica product_tag-tour has-post-thumbnail shipping-taxable purchasable product-type-simple\">\n\t<\/li>\n<li class=\"desktop-align-left tablet-align-left mobile-align-left product type-product post-375 status-publish instock product_cat-ica product_tag-huacachinaicaturismo has-post-thumbnail sale shipping-taxable purchasable product-type-simple\">\n\t<\/li>\n<li class=\"desktop-align-left tablet-align-left mobile-align-left product type-product post-229 status-publish instock product_cat-ica has-post-thumbnail sale shipping-taxable purchasable product-type-simple\">\n\t<\/li>\n<li class=\"desktop-align-left tablet-align-left mobile-align-left product type-product post-123 status-publish last instock product_cat-ica product_tag-icatourcanonperdidos has-post-thumbnail shipping-taxable purchasable product-type-simple\">\n\t<\/li>\n<\/ul>\n<\/div><\/div>\n\t\t\t\t<\/div>\n\t\t\t\t<\/div>\n\t\t\t\t\t<\/div>\n\t\t<\/div>\n\t\t\t\t\t\t\t<\/div>\n\t\t<\/div>\n\t\t\t\t<div class=\"elementor-section elementor-top-section elementor-element elementor-element-f192ca7 elementor-section-content-middle elementor-section-boxed elementor-section-height-default elementor-section-height-default elementor-invisible\" data-id=\"f192ca7\" data-element_type=\"section\" data-settings=\"{&quot;background_background&quot;:&quot;classic&quot;,&quot;animation&quot;:&quot;fadeIn&quot;}\">\n\t\t\t\t\t\t<div class=\"elementor-container elementor-column-gap-default\">\n\t\t\t\t\t<div class=\"elementor-column elementor-col-100 elementor-top-column elementor-element elementor-element-9386321\" data-id=\"9386321\" data-element_type=\"column\">\n\t\t\t<div class=\"elementor-widget-wrap elementor-element-populated\">\n\t\t\t\t\t\t\t\t<div class=\"elementor-element elementor-element-3c2eeeb elementor-widget elementor-widget-heading\" data-id=\"3c2eeeb\" data-element_type=\"widget\" data-widget_type=\"heading.default\">\n\t\t\t\t<div class=\"elementor-widget-container\">\n\t\t\t<h3 class=\"elementor-heading-title elementor-size-default\"><a href=\"http:\/\/Ica\"><a href=\"https:\/\/orlandoexpeditionperu.com\/index.php\/paracas\/\">Tours en Paracas<\/a><\/a><\/h3>\t\t<\/div>\n\t\t\t\t<\/div>\n\t\t\t\t<div class=\"elementor-element elementor-element-565b49f elementor-invisible elementor-widget elementor-widget-shortcode\" data-id=\"565b49f\" data-element_type=\"widget\" data-settings=\"{&quot;_animation&quot;:&quot;fadeIn&quot;}\" data-widget_type=\"shortcode.default\">\n\t\t\t\t<div class=\"elementor-widget-container\">\n\t\t\t\t\t<div class=\"elementor-shortcode\"><div class=\"woocommerce columns-4 \"><ul class=\"products columns-4\">\n<li class=\"desktop-align-left tablet-align-left mobile-align-left product type-product post-164 status-publish first instock product_cat-paracas has-post-thumbnail shipping-taxable purchasable product-type-simple\">\n\t<\/li>\n<li class=\"desktop-align-left tablet-align-left mobile-align-left product type-product post-153 status-publish instock product_cat-paracas has-post-thumbnail shipping-taxable purchasable product-type-simple\">\n\t<\/li>\n<li class=\"desktop-align-left tablet-align-left mobile-align-left product type-product post-132 status-publish instock product_cat-nasca product_cat-paracas has-post-thumbnail sale shipping-taxable purchasable product-type-simple\">\n\t<\/li>\n<li class=\"desktop-align-left tablet-align-left mobile-align-left product type-product post-122 status-publish last instock product_cat-paracas has-post-thumbnail shipping-taxable purchasable product-type-simple\">\n\t<\/li>\n<\/ul>\n<\/div><\/div>\n\t\t\t\t<\/div>\n\t\t\t\t<\/div>\n\t\t\t\t\t<\/div>\n\t\t<\/div>\n\t\t\t\t\t\t\t<\/div>\n\t\t<\/div>\n\t\t\t\t<div class=\"elementor-section elementor-top-section elementor-element elementor-element-2dbc440 elementor-section-content-middle elementor-section-boxed elementor-section-height-default elementor-section-height-default elementor-invisible\" data-id=\"2dbc440\" data-element_type=\"section\" data-settings=\"{&quot;background_background&quot;:&quot;classic&quot;,&quot;animation&quot;:&quot;fadeIn&quot;}\">\n\t\t\t\t\t\t<div class=\"elementor-container elementor-column-gap-default\">\n\t\t\t\t\t<div class=\"elementor-column elementor-col-100 elementor-top-column elementor-element elementor-element-c11378b\" data-id=\"c11378b\" data-element_type=\"column\">\n\t\t\t<div class=\"elementor-widget-wrap elementor-element-populated\">\n\t\t\t\t\t\t\t\t<div class=\"elementor-element elementor-element-e93bf00 elementor-widget elementor-widget-heading\" data-id=\"e93bf00\" data-element_type=\"widget\" data-widget_type=\"heading.default\">\n\t\t\t\t<div class=\"elementor-widget-container\">\n\t\t\t<h3 class=\"elementor-heading-title elementor-size-default\"><a href=\"http:\/\/Ica\"><a href=\"https:\/\/orlandoexpeditionperu.com\/index.php\/nasca\/\">Tours en Nasca <\/a><\/a><\/h3>\t\t<\/div>\n\t\t\t\t<\/div>\n\t\t\t\t<div class=\"elementor-element elementor-element-e2f5659 elementor-invisible elementor-widget elementor-widget-shortcode\" data-id=\"e2f5659\" data-element_type=\"widget\" data-settings=\"{&quot;_animation&quot;:&quot;fadeIn&quot;}\" data-widget_type=\"shortcode.default\">\n\t\t\t\t<div class=\"elementor-widget-container\">\n\t\t\t\t\t<div class=\"elementor-shortcode\"><div class=\"woocommerce columns-4 \"><ul class=\"products columns-4\">\n<li class=\"desktop-align-left tablet-align-left mobile-align-left product type-product post-187 status-publish first instock product_cat-ica product_cat-nasca has-post-thumbnail shipping-taxable purchasable product-type-simple\">\n\t<\/li>\n<li class=\"desktop-align-left tablet-align-left mobile-align-left product type-product post-182 status-publish instock product_cat-nasca has-post-thumbnail sale shipping-taxable purchasable product-type-simple\">\n\t<\/li>\n<li class=\"desktop-align-left tablet-align-left mobile-align-left product type-product post-168 status-publish onbackorder product_cat-nasca product_tag-huacachinaicaturismo product_tag-nazcalines has-post-thumbnail shipping-taxable purchasable product-type-simple\">\n\t<\/li>\n<li class=\"desktop-align-left tablet-align-left mobile-align-left product type-product post-176 status-publish last instock product_cat-nasca has-post-thumbnail shipping-taxable purchasable product-type-simple\">\n\t<\/li>\n<\/ul>\n<\/div><\/div>\n\t\t\t\t<\/div>\n\t\t\t\t<\/div>\n\t\t\t\t\t<\/div>\n\t\t<\/div>\n\t\t\t\t\t\t\t<\/div>\n\t\t<\/div>\n\t\t\t\t<section class=\"elementor-section elementor-top-section elementor-element elementor-element-acf397f elementor-section-boxed elementor-section-height-default elementor-section-height-default\" data-id=\"acf397f\" data-element_type=\"section\">\n\t\t\t\t\t\t<div class=\"elementor-container elementor-column-gap-default\">\n\t\t\t\t\t<div class=\"elementor-column elementor-col-100 elementor-top-column elementor-element elementor-element-37786fd\" data-id=\"37786fd\" data-element_type=\"column\">\n\t\t\t<div class=\"elementor-widget-wrap elementor-element-populated\">\n\t\t\t\t\t\t\t\t<section class=\"elementor-section elementor-inner-section elementor-element elementor-element-0747571 elementor-section-boxed elementor-section-height-default elementor-section-height-default\" data-id=\"0747571\" data-element_type=\"section\">\n\t\t\t\t\t\t<div class=\"elementor-container elementor-column-gap-default\">\n\t\t\t\t\t<div class=\"elementor-column elementor-col-33 elementor-inner-column elementor-element elementor-element-0d52e9d\" data-id=\"0d52e9d\" data-element_type=\"column\">\n\t\t\t<div class=\"elementor-widget-wrap elementor-element-populated\">\n\t\t\t\t\t\t\t\t<div class=\"elementor-element elementor-element-dfd01ba elementor-position-top elementor-vertical-align-top elementor-widget elementor-widget-image-box\" data-id=\"dfd01ba\" data-element_type=\"widget\" data-widget_type=\"image-box.default\">\n\t\t\t\t<div class=\"elementor-widget-container\">\n\t\t\t<style>\/*! elementor - v3.11.1 - 15-02-2023 *\/\n.elementor-widget-image-box .elementor-image-box-content{width:100%}@media (min-width:768px){.elementor-widget-image-box.elementor-position-left .elementor-image-box-wrapper,.elementor-widget-image-box.elementor-position-right .elementor-image-box-wrapper{display:flex}.elementor-widget-image-box.elementor-position-right .elementor-image-box-wrapper{text-align:right;flex-direction:row-reverse}.elementor-widget-image-box.elementor-position-left .elementor-image-box-wrapper{text-align:left;flex-direction:row}.elementor-widget-image-box.elementor-position-top .elementor-image-box-img{margin:auto}.elementor-widget-image-box.elementor-vertical-align-top .elementor-image-box-wrapper{align-items:flex-start}.elementor-widget-image-box.elementor-vertical-align-middle .elementor-image-box-wrapper{align-items:center}.elementor-widget-image-box.elementor-vertical-align-bottom .elementor-image-box-wrapper{align-items:flex-end}}@media (max-width:767px){.elementor-widget-image-box .elementor-image-box-img{margin-left:auto!important;margin-right:auto!important;margin-bottom:15px}}.elementor-widget-image-box .elementor-image-box-img{display:inline-block}.elementor-widget-image-box .elementor-image-box-title a{color:inherit}.elementor-widget-image-box .elementor-image-box-wrapper{text-align:center}.elementor-widget-image-box .elementor-image-box-description{margin:0}<\/style><div class=\"elementor-image-box-wrapper\"><figure class=\"elementor-image-box-img\"><img decoding=\"async\" width=\"120\" height=\"120\" src=\"https:\/\/orlandoexpeditionperu.com\/wp-content\/uploads\/2023\/02\/globe-free-img.png\" class=\"attachment-full size-full wp-image-93\" alt=\"\" loading=\"lazy\" srcset=\"https:\/\/orlandoexpeditionperu.com\/wp-content\/uploads\/2023\/02\/globe-free-img.png 120w, https:\/\/orlandoexpeditionperu.com\/wp-content\/uploads\/2023\/02\/globe-free-img-100x100.png 100w\" sizes=\"(max-width: 120px) 100vw, 120px\" \/><\/figure><div class=\"elementor-image-box-content\"><h5 class=\"elementor-image-box-title\"><p style=\"color:#FEC64E;\">Disfrute de los destinos turist\u00edcos<\/p><\/h5><p class=\"elementor-image-box-description\">Descubre el Per\u00fa con nosotros<\/p><\/div><\/div>\t\t<\/div>\n\t\t\t\t<\/div>\n\t\t\t\t\t<\/div>\n\t\t<\/div>\n\t\t\t\t<div class=\"elementor-column elementor-col-33 elementor-inner-column elementor-element elementor-element-7719f0d\" data-id=\"7719f0d\" data-element_type=\"column\">\n\t\t\t<div class=\"elementor-widget-wrap elementor-element-populated\">\n\t\t\t\t\t\t\t\t<div class=\"elementor-element elementor-element-846d4b1 elementor-position-top elementor-vertical-align-top elementor-widget elementor-widget-image-box\" data-id=\"846d4b1\" data-element_type=\"widget\" data-widget_type=\"image-box.default\">\n\t\t\t\t<div class=\"elementor-widget-container\">\n\t\t\t<div class=\"elementor-image-box-wrapper\"><figure class=\"elementor-image-box-img\"><img decoding=\"async\" width=\"120\" height=\"120\" src=\"https:\/\/orlandoexpeditionperu.com\/wp-content\/uploads\/2023\/02\/tag-free-img.png\" class=\"attachment-full size-full wp-image-95\" alt=\"\" loading=\"lazy\" srcset=\"https:\/\/orlandoexpeditionperu.com\/wp-content\/uploads\/2023\/02\/tag-free-img.png 120w, https:\/\/orlandoexpeditionperu.com\/wp-content\/uploads\/2023\/02\/tag-free-img-100x100.png 100w\" sizes=\"(max-width: 120px) 100vw, 120px\" \/><\/figure><div class=\"elementor-image-box-content\"><h5 class=\"elementor-image-box-title\"><p style=\"color:#FEC64E;\">Aprovecha nuestros paquetes<\/p><\/h5><p class=\"elementor-image-box-description\">Disfruta de los mejores paquetes turist\u00edcos con los mejores precios y la calidad que te mereces<\/p><\/div><\/div>\t\t<\/div>\n\t\t\t\t<\/div>\n\t\t\t\t\t<\/div>\n\t\t<\/div>\n\t\t\t\t<div class=\"elementor-column elementor-col-33 elementor-inner-column elementor-element elementor-element-e6258a2\" data-id=\"e6258a2\" data-element_type=\"column\">\n\t\t\t<div class=\"elementor-widget-wrap elementor-element-populated\">\n\t\t\t\t\t\t\t\t<div class=\"elementor-element elementor-element-35b1c4a elementor-position-top elementor-vertical-align-top elementor-widget elementor-widget-image-box\" data-id=\"35b1c4a\" data-element_type=\"widget\" data-widget_type=\"image-box.default\">\n\t\t\t\t<div class=\"elementor-widget-container\">\n\t\t\t<div class=\"elementor-image-box-wrapper\"><figure class=\"elementor-image-box-img\"><img decoding=\"async\" width=\"120\" height=\"120\" src=\"https:\/\/orlandoexpeditionperu.com\/wp-content\/uploads\/2023\/02\/lock-free-img.png\" class=\"attachment-full size-full wp-image-96\" alt=\"\" loading=\"lazy\" srcset=\"https:\/\/orlandoexpeditionperu.com\/wp-content\/uploads\/2023\/02\/lock-free-img.png 120w, https:\/\/orlandoexpeditionperu.com\/wp-content\/uploads\/2023\/02\/lock-free-img-100x100.png 100w\" sizes=\"(max-width: 120px) 100vw, 120px\" \/><\/figure><div class=\"elementor-image-box-content\"><h5 class=\"elementor-image-box-title\"><p style=\"color:#FEC64E;\">Seguridad en tus pagos<\/p><\/h5><p class=\"elementor-image-box-description\">Contamos con seguridad para que realices tus pagos sin ning\u00fan problema<\/p><\/div><\/div>\t\t<\/div>\n\t\t\t\t<\/div>\n\t\t\t\t\t<\/div>\n\t\t<\/div>\n\t\t\t\t\t\t\t<\/div>\n\t\t<\/section>\n\t\t\t\t\t<\/div>\n\t\t<\/div>\n\t\t\t\t\t\t\t<\/div>\n\t\t<\/section>\n\t\t\t\t\t\t\t<\/div>\n\t\t","protected":false},"excerpt":{"rendered":"<p>Obt\u00e9n tu viaje so\u00f1ado con nosotros Paquetes turisticos en todo el Per\u00fa Mas Informaci\u00f3n Tours en Ica Tours en Paracas Tours en Nasca Disfrute de los destinos turist\u00edcos Descubre el Per\u00fa con nosotros Aprovecha nuestros paquetes Disfruta de los mejores paquetes turist\u00edcos con los mejores precios y la calidad que te mereces Seguridad en tus &hellip;<\/p>\n<p class=\"read-more\"> <a class=\"\" href=\"https:\/\/orlandoexpeditionperu.com\/\"> <span class=\"screen-reader-text\">Inicio<\/span> Read More &raquo;<\/a><\/p>\n","protected":false},"author":1,"featured_media":0,"parent":0,"menu_order":0,"comment_status":"closed","ping_status":"closed","template":"","meta":{"site-sidebar-layout":"no-sidebar","site-content-layout":"page-builder","ast-global-header-display":"","ast-main-header-display":"","ast-hfb-above-header-display":"","ast-hfb-below-header-display":"","ast-hfb-mobile-header-display":"","site-post-title":"disabled","ast-breadcrumbs-content":"","ast-featured-img":"disabled","footer-sml-layout":"","theme-transparent-header-meta":"","adv-header-id-meta":"","stick-header-meta":"","header-above-stick-meta":"","header-main-stick-meta":"","header-below-stick-meta":"","_joinchat":[]},"_links":{"self":[{"href":"https:\/\/orlandoexpeditionperu.com\/index.php\/wp-json\/wp\/v2\/pages\/34"}],"collection":[{"href":"https:\/\/orlandoexpeditionperu.com\/index.php\/wp-json\/wp\/v2\/pages"}],"about":[{"href":"https:\/\/orlandoexpeditionperu.com\/index.php\/wp-json\/wp\/v2\/types\/page"}],"author":[{"embeddable":true,"href":"https:\/\/orlandoexpeditionperu.com\/index.php\/wp-json\/wp\/v2\/users\/1"}],"replies":[{"embeddable":true,"href":"https:\/\/orlandoexpeditionperu.com\/index.php\/wp-json\/wp\/v2\/comments?post=34"}],"version-history":[{"count":65,"href":"https:\/\/orlandoexpeditionperu.com\/index.php\/wp-json\/wp\/v2\/pages\/34\/revisions"}],"predecessor-version":[{"id":551,"href":"https:\/\/orlandoexpeditionperu.com\/index.php\/wp-json\/wp\/v2\/pages\/34\/revisions\/551"}],"wp:attachment":[{"href":"https:\/\/orlandoexpeditionperu.com\/index.php\/wp-json\/wp\/v2\/media?parent=34"}],"curies":[{"name":"wp","href":"https:\/\/api.w.org\/{rel}","templated":true}]}}