{"id":132,"date":"2023-02-17T18:39:08","date_gmt":"2023-02-17T18:39:08","guid":{"rendered":"https:\/\/orlandoexpeditionperu.com\/?post_type=product&#038;p=132"},"modified":"2025-09-23T13:55:28","modified_gmt":"2025-09-23T13:55:28","slug":"tour-tambo-colorado","status":"publish","type":"product","link":"https:\/\/orlandoexpeditionperu.com\/index.php\/producto\/tour-tambo-colorado\/","title":{"rendered":"TOUR ISLAS BALLESTAS &#8211; LINEAS DE NASCA DESDE PISCO"},"content":{"rendered":"<div class=\"elementor-element elementor-element-fc2b8f2 elementor-widget elementor-widget-heading\" data-id=\"fc2b8f2\" data-element_type=\"widget\" data-widget_type=\"heading.default\">\n<div class=\"elementor-widget-container\">\n<div class=\"elementor-element elementor-element-94b2a09 elementor-widget elementor-widget-heading\" data-id=\"94b2a09\" data-element_type=\"widget\" data-widget_type=\"heading.default\">\n<div class=\"elementor-widget-container\">\n<h2 class=\"elementor-heading-title elementor-size-default\"><span style=\"color: #ff9900;\">Islas Ballestas y Sobre vuelos a las L\u00edneas de Nasca desde Pisco<\/span><\/h2>\n<\/div>\n<\/div>\n<div class=\"elementor-element elementor-element-a583b54 elementor-widget elementor-widget-heading\" data-id=\"a583b54\" data-element_type=\"widget\" data-widget_type=\"heading.default\">\n<div class=\"elementor-widget-container\">\n<h3 class=\"elementor-heading-title elementor-size-default\"><span style=\"color: #ffcc00;\">Lo m\u00e1s destacado<\/span><\/h3>\n<\/div>\n<\/div>\n<div class=\"elementor-element elementor-element-fefd8f9 elementor-icon-list--layout-traditional elementor-list-item-link-full_width elementor-widget elementor-widget-icon-list\" data-id=\"fefd8f9\" data-element_type=\"widget\" data-widget_type=\"icon-list.default\">\n<div class=\"elementor-widget-container\">\n<p><i class=\"fa-solid fa-tag\" style=\"color: #fea93c;\"><\/i><span class=\"elementor-icon-list-text\">Servicios en Movilidad Privada con Protocolos de Bioseguridad.<\/span><\/p>\n<p><i class=\"fa-solid fa-tag\" style=\"color: #fea93c;\"><\/i><span class=\"elementor-icon-list-text\">Grupo de viaje con m\u00e1ximo 08 personas.<\/span><\/p>\n<p><i class=\"fa-solid fa-tag\" style=\"color: #fea93c;\"><\/i><span class=\"elementor-icon-list-text\">Asistencia personal de inicio a fin.<\/span><\/p>\n<\/div>\n<\/div>\n<div class=\"elementor-element elementor-element-974c965 elementor-widget elementor-widget-heading\" data-id=\"974c965\" data-element_type=\"widget\" data-widget_type=\"heading.default\">\n<div class=\"elementor-widget-container\">\n<h3 class=\"elementor-heading-title elementor-size-default\"><span style=\"color: #ffcc00;\">Itinerario<\/span><\/h3>\n<\/div>\n<\/div>\n<div class=\"elementor-element elementor-element-4f19393 elementor-icon-list--layout-traditional elementor-list-item-link-full_width elementor-widget elementor-widget-icon-list\" data-id=\"4f19393\" data-element_type=\"widget\" data-widget_type=\"icon-list.default\">\n<div class=\"elementor-widget-container\">\n<p><i class=\"fa-solid fa-location-dot\" style=\"color: #fea93c;\"><\/i> <span style=\"color: #ffcc00;\"><strong>Inicio:\u00a0<\/strong><\/span>07:00hrs Recojo desde su hotel o estaci\u00f3n de bus.<\/p>\n<p><i class=\"fa-solid fa-location-dot\" style=\"color: #fea93c;\"><\/i> <strong><span class=\"elementor-icon-list-text\"><span style=\"color: #ffcc00;\"> Final:<\/span> <\/span><\/strong><span class=\"elementor-icon-list-text\">\u00a015:00hrs Hotel o estaci\u00f3n de buses.<\/span><\/p>\n<\/div>\n<\/div>\n<div class=\"elementor-element elementor-element-985ab08 color-scheme-inherit text-left elementor-widget elementor-widget-text-editor\" data-id=\"985ab08\" data-element_type=\"widget\" data-widget_type=\"text-editor.default\">\n<div class=\"elementor-widget-container\">\n<div class=\"elementor-text-editor elementor-clearfix\">\n<p><span style=\"color: #ffcc00;\"><strong>7:00 am<\/strong><\/span>\u00a0 recogeremos a nuestros pasajeros en la ciudad de Paracas\u00a0para ser trasladados al muelle conocido actualmente como\u00a0Marina Tur\u00edstica de Paracas, lugar en el que abordar\u00e1n un bote deslizador hacia las\u00a0Islas Ballestas, ya en el deslizador, nuestro gu\u00eda tur\u00edstico nos informar\u00e1 sobre las medidas sanitarias respectivas contra el\u00a0Covid-19, se nos brindar\u00e1n unos chalecos salvavidas como medio de protecci\u00f3n, haciendo que nuestra visita sea c\u00f3moda y segura.<\/p>\n<p>Durante esta traves\u00eda, el deslizador tur\u00edstico se detendr\u00e1 en mitad del oc\u00e9ano para poder apreciar la misteriosa figura del\u00a0Candelabro; un impresionante dise\u00f1o trazado sobre la falda de un cerro en la\u00a0bah\u00eda de Paracas.<\/p>\n<p>Hasta la fecha de hoy nadie sabe a ciencia cierta qui\u00e9n hizo esta figura o porqu\u00e9.<\/p>\n<p>Existen muchas teor\u00edas con respecto a su origen; algunos creen que tiene relaci\u00f3n con las\u00a0L\u00edneas de Nasca, las cuales se ubican a unos 200 kil\u00f3metros al sur, otros relacionan su construcci\u00f3n a los antiguos piratas, quienes seg\u00fan se dice la hicieron como punto de referencia para poder guiarse, debido a la densa neblina de la zona.<\/p>\n<p>Luego nos trasladaremos unos 15 minutos m\u00e1s de navegaci\u00f3n con direcci\u00f3n a las\u00a0Islas Ballestas, ya en las islas; los visitantes podr\u00e1n disfrutar de un impresionante escenario marino repleto de\u00a0aves guaneras y lobos marinos.<\/p>\n<p>Estaremos recorriendo en nuestro deslizador por los alrededores de las islas, cruzando cuevas, formaciones rocosas como el\u00a0Perfil de Cristo\u00a0y apreciaremos muchas otras especies acu\u00e1ticas. Debido a su ubicaci\u00f3n semi-tropical, hace un poco de calor, por lo cual recomendamos traer bloqueador solar y un sombrero para protegerse de los rayos solares.<\/p>\n<p>El paseo a las\u00a0Islas Ballestas\u00a0tiene una duraci\u00f3n total de 2 horas las cuales comprenden: 1 hora entre ida y retorno, y 1 hora de navegaci\u00f3n en las islas.<\/p>\n<p><strong><span style=\"color: #ffcc00;\">10:30hrs<\/span>\u00a0<\/strong>Retornaremos al muelle de Paracas y abordaremos la unidad m\u00f3vil para trasladarnos hacia el\u00a0Aeropuerto Capit\u00e1n FAP Ren\u00e1n El\u00edas Olivera\u00a0en la provincia de Pisco, luego haremos el Check In de vuelo, una vez iniciado el Sobrevuelo, durante el trayecto a la provincia de Nasca se puede apreciar la geograf\u00eda costera y estribaciones andinas, pasando por\u00a0Ica,\u00a0Palpa\u00a0hasta llegar a la pampa de\u00a0Nazca\u00a0en el que se podr\u00e1 observar hasta 12 figuras; la Ballena, el Comp\u00e1s, Trapezoides, el Astronauta, el Mono, el Perro, el Colibr\u00ed, la Ara\u00f1a, el C\u00f3ndor, el Alcatraz, el Loro y las Manos, que constituyen algunos de los principales geoglifos de la zona.<\/p>\n<p>Finalmente retornaremos al aeropuerto de la provincia de\u00a0Pisco\u00a0para abordar la movilidad y dirigirnos al Distrito de\u00a0Paracas.<\/p>\n<p><strong><span style=\"color: #ffcc00;\">15:00hrs Aprox.<\/span>\u00a0<\/strong>Dejaremos a nuestros pasajeros en su respectivo hotel en\u00a0Paracas.<\/p>\n<\/div>\n<\/div>\n<\/div>\n<div class=\"elementor-element elementor-element-edecbe2 elementor-widget elementor-widget-heading\" data-id=\"edecbe2\" data-element_type=\"widget\" data-widget_type=\"heading.default\">\n<div class=\"elementor-widget-container\">\n<h3 class=\"elementor-heading-title elementor-size-default\"><span style=\"color: #ff9900;\">Inclusiones<\/span><\/h3>\n<\/div>\n<\/div>\n<section class=\"wd-negative-gap elementor-section elementor-inner-section elementor-element elementor-element-bb18740 elementor-section-boxed elementor-section-height-default elementor-section-height-default wd-section-disabled\" data-id=\"bb18740\" data-element_type=\"section\" data-settings=\"{&quot;jet_parallax_layout_list&quot;:[]}\">\n<div class=\"elementor-container elementor-column-gap-default\">\n<div class=\"elementor-row\">\n<div class=\"elementor-column elementor-col-50 elementor-inner-column elementor-element elementor-element-ec33ef7\" data-id=\"ec33ef7\" data-element_type=\"column\">\n<div class=\"elementor-column-wrap elementor-element-populated\">\n<div class=\"elementor-widget-wrap\">\n<div class=\"elementor-element elementor-element-0b9994b elementor-widget elementor-widget-heading\" data-id=\"0b9994b\" data-element_type=\"widget\" data-widget_type=\"heading.default\">\n<div class=\"elementor-widget-container\">\n<h4 class=\"elementor-heading-title elementor-size-default\"><span style=\"color: #ffcc00;\">Incluye:<\/span><\/h4>\n<\/div>\n<\/div>\n<div class=\"elementor-element elementor-element-f2e2562 elementor-icon-list--layout-traditional elementor-list-item-link-full_width elementor-widget elementor-widget-icon-list\" data-id=\"f2e2562\" data-element_type=\"widget\" data-widget_type=\"icon-list.default\">\n<div class=\"elementor-widget-container\">\n<p><i class=\"fa-solid fa-check\" style=\"color: #3cfe42;\"><\/i><span class=\"elementor-icon-list-text\">Recepci\u00f3n de los turistas en la estaci\u00f3n del bus o recojo del hotel<\/span><\/p>\n<p><i class=\"fa-solid fa-check\" style=\"color: #3cfe42;\"><\/i><span class=\"elementor-icon-list-text\">Movilidad para visitar los puntos descritos en el itinerario<\/span><\/p>\n<p><i class=\"fa-solid fa-check\" style=\"color: #3cfe42;\"><\/i><span class=\"elementor-icon-list-text\">Traslados Ica &#8211; Paracas \/ Paracas &#8211; Ica<\/span><\/p>\n<p><i class=\"fa-solid fa-check\" style=\"color: #3cfe42;\"><\/i><span class=\"elementor-icon-list-text\">Tour Islas Ballestas<\/span><\/p>\n<p><i class=\"fa-solid fa-check\" style=\"color: #3cfe42;\"><\/i><span class=\"elementor-icon-list-text\">Tour Reserva Nacional de Paracas<\/span><\/p>\n<p><i class=\"fa-solid fa-check\" style=\"color: #3cfe42;\"><\/i><span class=\"elementor-icon-list-text\">Sobrevuelo a las l\u00edneas de Nasca desde Pisco (1hrs 40min)<\/span><\/p>\n<p><i class=\"fa-solid fa-check\" style=\"color: #3cfe42;\"><\/i><span class=\"elementor-icon-list-text\">Tickets de bus<\/span><\/p>\n<p><i class=\"fa-solid fa-check\" style=\"color: #3cfe42;\"><\/i><span class=\"elementor-icon-list-text\">Gu\u00eda profesional acreditado<\/span><\/p>\n<p><i class=\"fa-solid fa-check\" style=\"color: #3cfe42;\"><\/i><span class=\"elementor-icon-list-text\">Entradas e impuestos<\/span><\/p>\n<\/div>\n<\/div>\n<\/div>\n<\/div>\n<\/div>\n<div class=\"elementor-column elementor-col-50 elementor-inner-column elementor-element elementor-element-e967ca2\" data-id=\"e967ca2\" data-element_type=\"column\">\n<div class=\"elementor-column-wrap elementor-element-populated\">\n<div class=\"elementor-widget-wrap\">\n<div class=\"elementor-element elementor-element-0628fe3 elementor-widget elementor-widget-heading\" data-id=\"0628fe3\" data-element_type=\"widget\" data-widget_type=\"heading.default\">\n<div class=\"elementor-widget-container\">\n<h4 class=\"elementor-heading-title elementor-size-default\"><span style=\"color: #ffcc00;\">No incluye:<\/span><\/h4>\n<\/div>\n<\/div>\n<div class=\"elementor-element elementor-element-8680e8d elementor-icon-list--layout-traditional elementor-list-item-link-full_width elementor-widget elementor-widget-icon-list\" data-id=\"8680e8d\" data-element_type=\"widget\" data-widget_type=\"icon-list.default\">\n<div class=\"elementor-widget-container\">\n<p><i class=\"fa-solid fa-xmark\" style=\"color: red;\"><\/i><span class=\"elementor-icon-list-text\">Tickets de Bus Lima\/Ica o Ica\/Lima<\/span><\/p>\n<p><i class=\"fa-solid fa-xmark\" style=\"color: red;\"><\/i><span class=\"elementor-icon-list-text\">Hospedaje<\/span><\/p>\n<p><i class=\"fa-solid fa-xmark\" style=\"color: red;\"><\/i><span class=\"elementor-icon-list-text\">Alimentaci\u00f3n<\/span><\/p>\n<p><i class=\"fa-solid fa-xmark\" style=\"color: red;\"><\/i><span class=\"elementor-icon-list-text\">Impuesto Aeroportuario ($4USD)<\/span><\/p>\n<\/div>\n<\/div>\n<\/div>\n<\/div>\n<\/div>\n<\/div>\n<\/div>\n<\/section>\n<div class=\"elementor-element elementor-element-3e0d220 elementor-widget elementor-widget-heading\" data-id=\"3e0d220\" data-element_type=\"widget\" data-widget_type=\"heading.default\">\n<div class=\"elementor-widget-container\">\n<h3 class=\"elementor-heading-title elementor-size-default\"><span style=\"color: #ff9900;\">Recomendaciones<\/span><\/h3>\n<\/div>\n<\/div>\n<div class=\"elementor-element elementor-element-9bef963 color-scheme-inherit text-left elementor-widget elementor-widget-text-editor\" data-id=\"9bef963\" data-element_type=\"widget\" data-widget_type=\"text-editor.default\">\n<div class=\"elementor-widget-container\">\n<div class=\"elementor-text-editor elementor-clearfix\">\n<p>Sombrero, gafas de sol y bloqueador.<\/p>\n<p>Traer siempre consigo un poco de dinero extra en efectivo, en algunos lugares no hay cobertura y no hay uso de POS para tarjetas.<\/p>\n<p>Indicar si retorna a la ciudad de Ica o se queda en Paracas.<\/p>\n<\/div>\n<\/div>\n<\/div>\n<div class=\"elementor-element elementor-element-5c958df elementor-widget elementor-widget-spacer\" data-id=\"5c958df\" data-element_type=\"widget\" data-widget_type=\"spacer.default\">\n<div class=\"elementor-widget-container\">\n<div class=\"elementor-spacer\"><\/div>\n<\/div>\n<\/div>\n<\/div>\n<\/div>\n","protected":false},"excerpt":{"rendered":"<p>Visita junto a nosotros un espectacular paseo por las maravillosas\u00a0<strong>Islas Ballestas<\/strong>\u00a0donde disfrutaremos de la diversidad biol\u00f3gica de la zona como Lobos Marinos, Ping\u00fcinos de Humboldt y millares de aves como guanay, cormoranes, piqueros entre otros.<\/p>\n<p>Acomp\u00e1\u00f1anos a descubrir el misterio oculto de las famosas<strong>\u00a0L\u00edneas de Nasca<\/strong>, sobrevuela sus impresionantes pampas que encierran tan maravillosas figuras, las cuales nos han colocado en el ojo del mundo siendo uno de los lugares tur\u00edsticos m\u00e1s visitados y elogiados.<\/p>\n","protected":false},"featured_media":140,"comment_status":"open","ping_status":"closed","template":"","meta":{"site-sidebar-layout":"default","site-content-layout":"default","ast-global-header-display":"","ast-main-header-display":"","ast-hfb-above-header-display":"","ast-hfb-below-header-display":"","ast-hfb-mobile-header-display":"","site-post-title":"","ast-breadcrumbs-content":"","ast-featured-img":"","footer-sml-layout":"","theme-transparent-header-meta":"default","adv-header-id-meta":"","stick-header-meta":"","header-above-stick-meta":"","header-main-stick-meta":"","header-below-stick-meta":"","_joinchat":[]},"product_cat":[27,26],"product_tag":[],"_links":{"self":[{"href":"https:\/\/orlandoexpeditionperu.com\/index.php\/wp-json\/wp\/v2\/product\/132"}],"collection":[{"href":"https:\/\/orlandoexpeditionperu.com\/index.php\/wp-json\/wp\/v2\/product"}],"about":[{"href":"https:\/\/orlandoexpeditionperu.com\/index.php\/wp-json\/wp\/v2\/types\/product"}],"replies":[{"embeddable":true,"href":"https:\/\/orlandoexpeditionperu.com\/index.php\/wp-json\/wp\/v2\/comments?post=132"}],"wp:featuredmedia":[{"embeddable":true,"href":"https:\/\/orlandoexpeditionperu.com\/index.php\/wp-json\/wp\/v2\/media\/140"}],"wp:attachment":[{"href":"https:\/\/orlandoexpeditionperu.com\/index.php\/wp-json\/wp\/v2\/media?parent=132"}],"wp:term":[{"taxonomy":"product_cat","embeddable":true,"href":"https:\/\/orlandoexpeditionperu.com\/index.php\/wp-json\/wp\/v2\/product_cat?post=132"},{"taxonomy":"product_tag","embeddable":true,"href":"https:\/\/orlandoexpeditionperu.com\/index.php\/wp-json\/wp\/v2\/product_tag?post=132"}],"curies":[{"name":"wp","href":"https:\/\/api.w.org\/{rel}","templated":true}]}}