{"id":143,"date":"2023-02-17T21:11:07","date_gmt":"2023-02-17T21:11:07","guid":{"rendered":"https:\/\/orlandoexpeditionperu.com\/?post_type=product&#038;p=143"},"modified":"2023-03-05T15:22:17","modified_gmt":"2023-03-05T15:22:17","slug":"tour-islas-ballestas-el-catador-tour-areneros-en-huacachina-desde-paracas","status":"publish","type":"product","link":"https:\/\/orlandoexpeditionperu.com\/index.php\/producto\/tour-islas-ballestas-el-catador-tour-areneros-en-huacachina-desde-paracas\/","title":{"rendered":"TOUR ISLAS BALLESTAS &#8211; EL CATADOR &#8211; TOUR ARENEROS EN HUACACHINA DESDE PARACAS"},"content":{"rendered":"<div class=\"elementor-element elementor-element-a93f672 elementor-widget elementor-widget-heading\" data-id=\"a93f672\" data-element_type=\"widget\" data-widget_type=\"heading.default\">\n<div class=\"elementor-widget-container\">\n<h2 class=\"elementor-heading-title elementor-size-default\"><span style=\"color: #ff9900;\">Tour Islas Ballestas &#8211; El Catador &#8211; Tour Areneros en Huacachina desde Paracas<\/span><\/h2>\n<\/div>\n<\/div>\n<div class=\"elementor-element elementor-element-cedd078 elementor-widget elementor-widget-heading\" data-id=\"cedd078\" data-element_type=\"widget\" data-widget_type=\"heading.default\">\n<div class=\"elementor-widget-container\">\n<h3 class=\"elementor-heading-title elementor-size-default\"><span style=\"color: #ffcc00;\">Lo m\u00e1s destacado<\/span><\/h3>\n<\/div>\n<\/div>\n<div class=\"elementor-element elementor-element-a4bdaf9 elementor-icon-list--layout-traditional elementor-list-item-link-full_width elementor-widget elementor-widget-icon-list\" data-id=\"a4bdaf9\" data-element_type=\"widget\" data-widget_type=\"icon-list.default\">\n<div class=\"elementor-widget-container\">\n<p><i class=\"fa-solid fa-tag\" style=\"color: #fea93c;\"><\/i><span class=\"elementor-icon-list-text\">Servicios en Movilidad Grupal con Protocolos de Bioseguridad.<\/span><\/p>\n<p><i class=\"fa-solid fa-tag\" style=\"color: #fea93c;\"><\/i><span class=\"elementor-icon-list-text\">Grupo de viaje con m\u00e1ximo 10 personas.<\/span><\/p>\n<p><i class=\"fa-solid fa-tag\" style=\"color: #fea93c;\"><\/i><span class=\"elementor-icon-list-text\">Asistencia personal de inicio a fin.<\/span><\/p>\n<p><i class=\"fa-solid fa-tag\" style=\"color: #fea93c;\"><\/i><span class=\"elementor-icon-list-text\">Somos Tour Operador local registrado en Mincetur.<\/span><\/p>\n<\/div>\n<\/div>\n<div class=\"elementor-element elementor-element-7d96f85 elementor-widget elementor-widget-heading\" data-id=\"7d96f85\" data-element_type=\"widget\" data-widget_type=\"heading.default\">\n<div class=\"elementor-widget-container\">\n<h3 class=\"elementor-heading-title elementor-size-default\"><span style=\"color: #ffcc00;\">Itinerario<\/span><\/h3>\n<\/div>\n<\/div>\n<div class=\"elementor-element elementor-element-c634ca9 elementor-icon-list--layout-traditional elementor-list-item-link-full_width elementor-widget elementor-widget-icon-list\" data-id=\"c634ca9\" data-element_type=\"widget\" data-widget_type=\"icon-list.default\">\n<div class=\"elementor-widget-container\"><i class=\"fa-solid fa-location-dot\" style=\"color: #fea93c;\"><\/i> <span style=\"color: #ffcc00;\"><strong>Inicio:\u00a0<\/strong><\/span>07:00hrs Recojo desde su hotel en Paracas o estaci\u00f3n de bus.<i class=\"fa-solid fa-location-dot\" style=\"color: #fea93c;\"><\/i> <strong><span class=\"elementor-icon-list-text\"><span style=\"color: #ffcc00;\"> Final:<\/span> <\/span><\/strong><span class=\"elementor-icon-list-text\">19:00hrs en su hotel en Paracas o estaci\u00f3n de bus.<\/span><\/p>\n<\/div>\n<\/div>\n<div class=\"elementor-element elementor-element-ea5b76a color-scheme-inherit text-left elementor-widget elementor-widget-text-editor\" data-id=\"ea5b76a\" data-element_type=\"widget\" data-widget_type=\"text-editor.default\">\n<div class=\"elementor-widget-container\">\n<div class=\"elementor-text-editor elementor-clearfix\">\n<p><span style=\"color: #ffcc00;\"><strong>7:00 am<\/strong><\/span> aprox. Recojo de nuestros pasajeros desde su Hotel en Paracas o terminal de Bus en Paracas, luego nos dirigiremos a la Marina Tur\u00edstica\u00a0de Paracas, lugar en el que abordar\u00e1n un bote deslizador hacia\u00a0las Islas Ballestas.<\/p>\n<p><span style=\"color: #ffcc00;\"><strong>08:00hrs<\/strong><\/span>\u00a0Ya en el deslizador nuestro gu\u00eda nos brindar\u00e1n unos chalecos salvavidas como medio de protecci\u00f3n.<\/p>\n<p>Durante nuestro recorrido nos detendremos a apreciar la misteriosa figura del\u00a0Candelabro; un impresionante geoglifo trazado sobre una duna de arena salitrosa en la bah\u00eda de Paracas.<\/p>\n<p>Luego nos trasladaremos unos 15 minutos m\u00e1s de navegaci\u00f3n con direcci\u00f3n a las\u00a0Islas Ballestas, ya en las islas; los visitantes podr\u00e1n disfrutar de un impresionante escenario marino repleto de\u00a0aves guaneras y lobos marinos.<\/p>\n<p>Estaremos recorriendo en nuestro deslizador por los alrededores de las islas, cruzando cuevas, formaciones rocosas como el\u00a0Perfil de Cristo\u00a0y apreciaremos muchas otras especies acu\u00e1ticas. Debido a su ubicaci\u00f3n semi-tropical, hace un poco de calor, por lo cual recomendamos traer bloqueador solar y un sombrero para protegerse de los rayos solares.<\/p>\n<p>El paseo a las Islas Ballestas tiene una duraci\u00f3n total de 2 horas las cuales comprenden: 1 hora entre ida y retorno, y 1 hora de navegaci\u00f3n en las islas.<br \/>\nDespu\u00e9s retornaremos a la Marina Tur\u00edstica de Paracas.<\/p>\n<p>Al retorno los visitantes podr\u00e1n hacer un recorrido por la feria artesanal de Paracas; donde podr\u00e1n adquirir suvenires t\u00edpicos de la zona.<\/p>\n<p><span style=\"color: #ff0000;\"><strong>IMPORTANTE:<\/strong><\/span> En el caso que el d\u00eda del tour el puerto de Paracas se encuentre cerrado, ofreceremos una segunda alternativa a los pasajeros, la cual se llama paseo a Las Islas Blancas, la cual incluye la misma fauna marina que Islas Ballestas. En caso que el clima estuviera en malas condiciones y no hubiera salida tanto a Islas Ballestas o Islas Blancas, procederemos a realizar un reembolso de $14usd por persona.<\/p>\n<p><strong><span style=\"color: #ffcc00;\">10:30 hrs<\/span>\u00a0<\/strong>Luego procederemos a dirigirnos a la unidad m\u00f3vil para dejar Paracas y trasladarnos hacia la Ciudad de\u00a0Ica, donde visitaremos una de \u00a0las bodegas m\u00e1s populares llamada \u00abEl Catador\u00ab; la cual es una bodega artesanal donde la tradici\u00f3n en la elaboraci\u00f3n del vino y pisco se ha conservado con el paso de los a\u00f1os. Esta visita incluye el guiado profesional y degustaci\u00f3n de productos vitivin\u00edcolas como\u00a0Piscos, Mistelas de Uva, Vino Borgo\u00f1a, Cachina, Cremas de Pisco.<\/p>\n<p>Adem\u00e1s el turista tendr\u00e1 tiempo libre para almorzar de manera opcional en el restaurante tur\u00edstico de la bodega El Catador.<\/p>\n<p><span style=\"color: #ffcc00;\"><strong>14:00 hrs<\/strong>\u00a0<\/span>Luego nos dirigiremos al\u00a0Oasis de Huacachina, la cual est\u00e1 ubicada a solo 8 minutos del centro de la ciudad. En esta popular laguna los visitantes podr\u00e1n disfrutar de la tranquilidad del lugar y caminar por los alrededores en busca de excelentes fotograf\u00edas.<\/p>\n<p><strong><span style=\"color: #ffcc00;\">16:00hrs<\/span>\u00a0<\/strong>Continuaremos nuestro tour con el servicio de\u00a0Buggys, para ello deberemos escalar un peque\u00f1o m\u00e9dano de arena situado al lado de la laguna. Luego abordaremos nuestro Buggy y empezaremos la aventura final del d\u00eda.<\/p>\n<p>Las inmensas dunas que rodean el oasis permiten a los visitantes practicar uno de los deportes m\u00e1s populares de la zona, nos estamos refiriendo al\u00a0Sandboarding. Nuestro conductor\/gu\u00eda nos explicar\u00e1 como practicar este deporte sobre las dunas de arena.<\/p>\n<p><strong><span style=\"color: #ffcc00;\">18:00 hrs<\/span>\u00a0<\/strong>Finalmente retornamos a la unidad m\u00f3vil y nuestros clientes son traslados a\u00a0Paracas\u00a0donde finaliza el tour.<\/p>\n<p><span style=\"color: #ffcc00;\"><strong>19:00 hrs<\/strong><\/span>\u00a0Arribo a la ciudad de Paracas y traslado a su hotel respectivo.<\/p>\n<p><span style=\"color: #ffcc00;\"><strong>PD:<\/strong><\/span> El pasajero puede optar por quedarse en Ica, si es que as\u00ed lo desea.<\/p>\n<\/div>\n<\/div>\n<\/div>\n<div class=\"elementor-element elementor-element-1e3279b elementor-widget elementor-widget-heading\" data-id=\"1e3279b\" data-element_type=\"widget\" data-widget_type=\"heading.default\">\n<div class=\"elementor-widget-container\">\n<h3 class=\"elementor-heading-title elementor-size-default\"><span style=\"color: #ff9900;\">Inclusiones<\/span><\/h3>\n<\/div>\n<\/div>\n<section class=\"wd-negative-gap elementor-section elementor-inner-section elementor-element elementor-element-d334ca7 elementor-section-boxed elementor-section-height-default elementor-section-height-default wd-section-disabled\" data-id=\"d334ca7\" data-element_type=\"section\" data-settings=\"{&quot;jet_parallax_layout_list&quot;:[]}\">\n<div class=\"elementor-container elementor-column-gap-default\">\n<div class=\"elementor-row\">\n<div class=\"elementor-column elementor-col-100 elementor-inner-column elementor-element elementor-element-5d02392\" data-id=\"5d02392\" data-element_type=\"column\">\n<div class=\"elementor-column-wrap elementor-element-populated\">\n<div class=\"elementor-widget-wrap\">\n<div class=\"elementor-element elementor-element-9ffe2c2 elementor-widget elementor-widget-heading\" data-id=\"9ffe2c2\" data-element_type=\"widget\" data-widget_type=\"heading.default\">\n<div class=\"elementor-widget-container\">\n<h4 class=\"elementor-heading-title elementor-size-default\"><span style=\"color: #ffcc00;\">Incluye:<\/span><\/h4>\n<\/div>\n<\/div>\n<div class=\"elementor-element elementor-element-7707d36 elementor-icon-list--layout-traditional elementor-list-item-link-full_width elementor-widget elementor-widget-icon-list\" data-id=\"7707d36\" data-element_type=\"widget\" data-widget_type=\"icon-list.default\">\n<div class=\"elementor-widget-container\">\n<p><i class=\"fa-solid fa-check\" style=\"color: #3cfe42;\"><\/i><span class=\"elementor-icon-list-text\">Recepci\u00f3n de los turistas en la estaci\u00f3n del bus o recojo del hotel<\/span><\/p>\n<p><i class=\"fa-solid fa-check\" style=\"color: #3cfe42;\"><\/i><span class=\"elementor-icon-list-text\">Movilidad para visitar los puntos descritos en el itinerario<\/span><\/p>\n<p><i class=\"fa-solid fa-check\" style=\"color: #3cfe42;\"><\/i><span class=\"elementor-icon-list-text\">Traslados Ica &#8211; Paracas \/ Paracas &#8211; Ica<\/span><\/p>\n<p><i class=\"fa-solid fa-check\" style=\"color: #3cfe42;\"><\/i><span class=\"elementor-icon-list-text\">Ticket para el Paseo a las Islas Ballestas<\/span><\/p>\n<p><i class=\"fa-solid fa-check\" style=\"color: #3cfe42;\"><\/i><span class=\"elementor-icon-list-text\">Visita a una bodega vitivinicola + degustaci\u00f3n de piscos y vinos<\/span><\/p>\n<p><i class=\"fa-solid fa-check\" style=\"color: #3cfe42;\"><\/i><span class=\"elementor-icon-list-text\">Visita al Oasis de Huacachina<\/span><\/p>\n<p><i class=\"fa-solid fa-check\" style=\"color: #3cfe42;\"><\/i><span class=\"elementor-icon-list-text\">Paseo carros areneros y pr\u00e1ctica del sandboarding<\/span><\/p>\n<p><i class=\"fa-solid fa-check\" style=\"color: #3cfe42;\"><\/i><span class=\"elementor-icon-list-text\">Guiado y asistencia permanente<\/span><\/p>\n<p><i class=\"fa-solid fa-check\" style=\"color: #3cfe42;\"><\/i><span class=\"elementor-icon-list-text\">Traslado a la estaci\u00f3n del bus o al hotel, al finalizar el tour<\/span><\/p>\n<\/div>\n<\/div>\n<div class=\"elementor-element elementor-element-c49ffce elementor-widget elementor-widget-heading\" data-id=\"c49ffce\" data-element_type=\"widget\" data-widget_type=\"heading.default\">\n<div class=\"elementor-widget-container\">\n<h4 class=\"elementor-heading-title elementor-size-default\"><span style=\"color: #ffcc00;\">No incluye:<\/span><\/h4>\n<\/div>\n<\/div>\n<div class=\"elementor-element elementor-element-5aedcab elementor-icon-list--layout-traditional elementor-list-item-link-full_width elementor-widget elementor-widget-icon-list\" data-id=\"5aedcab\" data-element_type=\"widget\" data-widget_type=\"icon-list.default\">\n<div class=\"elementor-widget-container\">\n<p><i class=\"fa-solid fa-xmark\" style=\"color: red;\"><\/i><span class=\"elementor-icon-list-text\">Impuesto Tur\u00edstico en Paracas S\/16.00 soles por persona<\/span><\/p>\n<p><i class=\"fa-solid fa-xmark\" style=\"color: red;\"><\/i><span class=\"elementor-icon-list-text\">Impuesto Tur\u00edstico al desierto en Huacachina S\/3.60 soles por persona<\/span><\/p>\n<p><i class=\"fa-solid fa-xmark\" style=\"color: red;\"><\/i><span class=\"elementor-icon-list-text\">Tickets de Bus Lima\/Ica o Ica\/Lima<\/span><\/p>\n<p><i class=\"fa-solid fa-xmark\" style=\"color: red;\"><\/i><span class=\"elementor-icon-list-text\">Hospedaje<\/span><\/p>\n<p><i class=\"fa-solid fa-xmark\" style=\"color: red;\"><\/i><span class=\"elementor-icon-list-text\">Alimentaci\u00f3n<\/span><\/p>\n<\/div>\n<\/div>\n<\/div>\n<\/div>\n<\/div>\n<\/div>\n<\/div>\n<\/section>\n<div class=\"elementor-element elementor-element-a61d1de elementor-widget elementor-widget-heading\" data-id=\"a61d1de\" data-element_type=\"widget\" data-widget_type=\"heading.default\">\n<div class=\"elementor-widget-container\">\n<h3 class=\"elementor-heading-title elementor-size-default\"><span style=\"color: #ffcc00;\">Recomendaciones<\/span><\/h3>\n<\/div>\n<\/div>\n<div class=\"elementor-element elementor-element-a474961 color-scheme-inherit text-left elementor-widget elementor-widget-text-editor\" data-id=\"a474961\" data-element_type=\"widget\" data-widget_type=\"text-editor.default\">\n<div class=\"elementor-widget-container\">\n<div class=\"elementor-text-editor elementor-clearfix\">\n<p>Uso Obligatorio de Mascarilla.<\/p>\n<p>Portar alcohol desinfectante, de preferencia de 70\u00b0.<\/p>\n<p>Sombrero, gafas de sol y bloqueador.<\/p>\n<p>Traer siempre consigo un poco de dinero extra en efectivo, en algunos lugares no hay cobertura y no hay uso de POS para tarjetas.<\/p>\n<p>Indicar si retorna a la ciudad de Ica o se queda en Paracas.<\/p>\n<\/div>\n<\/div>\n<\/div>\n","protected":false},"excerpt":{"rendered":"<p>Ven a conocer con nosotros un fant\u00e1stico tour por nuestras sorprendentes\u00a0<strong>Islas Ballestas<\/strong>\u00a0donde disfrutaremos de la diversidad biol\u00f3gica, luego acomp\u00e1\u00f1anos a visitar una reconocida Bodega llamada\u00a0<strong>El Catador<\/strong>; donde podr\u00e1s observar el proceso del destilado de uva y degustaras las m\u00e1s exquisitas bebidas que nos ofrece esta maravillosa bodega.<\/p>\n<p>As\u00f3mbrate conociendo el\u00a0<strong>Oasis de Huacachina<\/strong>, disfruta de un bello paisaje natural en busca de hermosas fotos y experimenta el recorrido en los carros areneros popularmente llamados\u00a0<strong>Buggys<\/strong>, y tambi\u00e9n podr\u00e1n experimentar unos de los deportes m\u00e1s populares, llamado<strong>\u00a0Sandboarding<\/strong>.<\/p>\n","protected":false},"featured_media":148,"comment_status":"open","ping_status":"closed","template":"","meta":{"site-sidebar-layout":"default","site-content-layout":"default","ast-global-header-display":"","ast-main-header-display":"","ast-hfb-above-header-display":"","ast-hfb-below-header-display":"","ast-hfb-mobile-header-display":"","site-post-title":"","ast-breadcrumbs-content":"","ast-featured-img":"","footer-sml-layout":"","theme-transparent-header-meta":"default","adv-header-id-meta":"","stick-header-meta":"","header-above-stick-meta":"","header-main-stick-meta":"","header-below-stick-meta":"","_joinchat":[]},"product_cat":[25,26],"product_tag":[29],"_links":{"self":[{"href":"https:\/\/orlandoexpeditionperu.com\/index.php\/wp-json\/wp\/v2\/product\/143"}],"collection":[{"href":"https:\/\/orlandoexpeditionperu.com\/index.php\/wp-json\/wp\/v2\/product"}],"about":[{"href":"https:\/\/orlandoexpeditionperu.com\/index.php\/wp-json\/wp\/v2\/types\/product"}],"replies":[{"embeddable":true,"href":"https:\/\/orlandoexpeditionperu.com\/index.php\/wp-json\/wp\/v2\/comments?post=143"}],"wp:featuredmedia":[{"embeddable":true,"href":"https:\/\/orlandoexpeditionperu.com\/index.php\/wp-json\/wp\/v2\/media\/148"}],"wp:attachment":[{"href":"https:\/\/orlandoexpeditionperu.com\/index.php\/wp-json\/wp\/v2\/media?parent=143"}],"wp:term":[{"taxonomy":"product_cat","embeddable":true,"href":"https:\/\/orlandoexpeditionperu.com\/index.php\/wp-json\/wp\/v2\/product_cat?post=143"},{"taxonomy":"product_tag","embeddable":true,"href":"https:\/\/orlandoexpeditionperu.com\/index.php\/wp-json\/wp\/v2\/product_tag?post=143"}],"curies":[{"name":"wp","href":"https:\/\/api.w.org\/{rel}","templated":true}]}}