{"id":158,"date":"2023-02-17T21:43:23","date_gmt":"2023-02-17T21:43:23","guid":{"rendered":"https:\/\/orlandoexpeditionperu.com\/?post_type=product&#038;p=158"},"modified":"2026-03-04T02:14:14","modified_gmt":"2026-03-04T02:14:14","slug":"full-day-lima-islas-ballestas-areneros-huacachina-lima","status":"publish","type":"product","link":"https:\/\/orlandoexpeditionperu.com\/index.php\/producto\/full-day-lima-islas-ballestas-areneros-huacachina-lima\/","title":{"rendered":"FULL DAY LIMA &#8211; ISLAS BALLESTAS &#8211; ARENEROS HUACACHINA &#8211; LIMA"},"content":{"rendered":"<div class=\"elementor-element elementor-element-844130e elementor-widget elementor-widget-heading\" data-id=\"844130e\" data-element_type=\"widget\" data-widget_type=\"heading.default\">\n<div class=\"elementor-widget-container\">\n<h2 class=\"elementor-heading-title elementor-size-default\"><span style=\"color: #ff9900\">Paquete Full Day Lima &#8211; Islas Ballestas &#8211; Areneros en Huacachina &#8211; Lima<\/span><\/h2>\n<\/div>\n<\/div>\n<div class=\"elementor-element elementor-element-d6be50a elementor-widget elementor-widget-heading\" data-id=\"d6be50a\" data-element_type=\"widget\" data-widget_type=\"heading.default\">\n<div class=\"elementor-widget-container\">\n<h3 class=\"elementor-heading-title elementor-size-default\"><span style=\"color: #ffcc00\">Lo m\u00e1s destacado<\/span><\/h3>\n<\/div>\n<\/div>\n<div class=\"elementor-element elementor-element-198e9b9 elementor-icon-list--layout-traditional elementor-list-item-link-full_width elementor-widget elementor-widget-icon-list\" data-id=\"198e9b9\" data-element_type=\"widget\" data-widget_type=\"icon-list.default\">\n<div class=\"elementor-widget-container\">\n<p><i class=\"fa-solid fa-tag\" style=\"color: #fea93c\"><\/i><span class=\"elementor-icon-list-text\">Servicios en Movilidad Privada con Protocolos de Bioseguridad.<\/span><\/p>\n<p><i class=\"fa-solid fa-tag\" style=\"color: #fea93c\"><\/i><span class=\"elementor-icon-list-text\">Grupo de viaje con m\u00e1ximo 10 personas.<\/span><\/p>\n<p><i class=\"fa-solid fa-tag\" style=\"color: #fea93c\"><\/i><span class=\"elementor-icon-list-text\">Asistencia personal de inicio a fin.<\/span><\/p>\n<p><i class=\"fa-solid fa-tag\" style=\"color: #fea93c\"><\/i><span class=\"elementor-icon-list-text\">Somos Tour Operador local registrado en Mincetur.<\/span><\/p>\n<\/div>\n<\/div>\n<div class=\"elementor-element elementor-element-8fa1d48 elementor-widget elementor-widget-spacer\" data-id=\"8fa1d48\" data-element_type=\"widget\" data-widget_type=\"spacer.default\">\n<div class=\"elementor-widget-container\"><\/div>\n<\/div>\n<div class=\"elementor-element elementor-element-fd1beed elementor-widget elementor-widget-heading\" data-id=\"fd1beed\" data-element_type=\"widget\" data-widget_type=\"heading.default\">\n<div class=\"elementor-widget-container\">\n<h3 class=\"elementor-heading-title elementor-size-default\"><span style=\"color: #ffcc00\">Itinerario<\/span><\/h3>\n<\/div>\n<\/div>\n<div class=\"elementor-element elementor-element-ca2b617 elementor-icon-list--layout-traditional elementor-list-item-link-full_width elementor-widget elementor-widget-icon-list\" data-id=\"ca2b617\" data-element_type=\"widget\" data-widget_type=\"icon-list.default\">\n<div class=\"elementor-widget-container\">\n<p><i class=\"fa-solid fa-location-dot\" style=\"color: #fea93c\"><\/i> <span style=\"color: #ffcc00\"><strong>Inicio:\u00a0<\/strong><\/span>04:00hrs Estaci\u00f3n de bus en Lima.<\/p>\n<p><i class=\"fa-solid fa-location-dot\" style=\"color: #fea93c\"><\/i> <strong><span class=\"elementor-icon-list-text\"><span style=\"color: #ffcc00\"> Final:<\/span> <\/span><\/strong><span class=\"elementor-icon-list-text\">00:50hrs Estaci\u00f3n de bus en Lima.<\/span><\/p>\n<\/div>\n<\/div>\n<div class=\"elementor-element elementor-element-c934b3f color-scheme-inherit text-left elementor-widget elementor-widget-text-editor\" data-id=\"c934b3f\" data-element_type=\"widget\" data-widget_type=\"text-editor.default\">\n<div class=\"elementor-widget-container\">\n<div class=\"elementor-text-editor elementor-clearfix\">\n<p><span style=\"color: #ffcc00\"><strong>4:00hrs<\/strong> <\/span>aprox. Los pasajeros deber\u00e1n acercarse al terminal de bus Cruz del Sur en Lima (Av. Javier Prado) para abordar el bus de Lima hacia Paracas.<\/p>\n<p><strong><span style=\"color: #ffcc00\">6:55am<\/span>\u00a0<\/strong>Recogeremos a nuestros pasajeros en el terminal de bus Cruz del Sur en Paracas, y luego les trasladaremos hacia el muelle llamado \u00abEl Chaco\u00bb. brindaremos tiempo para que los pasajeros puedan tomar desayuno en la bah\u00eda de Paracas.<\/p>\n<p><strong><span style=\"color: #ffcc00\">8:30am<\/span>\u00a0<\/strong>Luego procederemos a dirigirnos hacia\u00a0La Marina Tur\u00edstica de Paracas, lugar en el que abordar\u00e1n un bote deslizador hacia las\u00a0Islas Ballestas, ya en el deslizador nuestro gu\u00eda nos brindar\u00e1n unos chalecos salvavidas como medio de protecci\u00f3n, tambi\u00e9n nos dar\u00e1 una introducci\u00f3n sobre las medidas de protecci\u00f3n contra el\u00a0Covid-19, haciendo que nuestra visita sea c\u00f3moda y segura.<\/p>\n<p>Durante el trayecto, nuestra lancha tur\u00edstica se detendr\u00e1 en mitad del oc\u00e9ano para poder apreciar la misteriosa figura del\u00a0Candelabro; un impresionante geoglifo trazado sobre una duna de arena salitrosa en la misma bah\u00eda de Paracas. El gu\u00eda tur\u00edstico empezar\u00e1 a explicar sobre las distintas teor\u00edas existentes.<\/p>\n<p>Luego nos trasladaremos unos 15 minutos m\u00e1s de navegaci\u00f3n con direcci\u00f3n a las\u00a0Islas Ballestas, ya en las islas; los visitantes podr\u00e1n disfrutar de un impresionante escenario marino repleto de\u00a0aves guaneras y lobos marinos.<\/p>\n<p>Estaremos recorriendo en nuestro deslizador por los alrededores de las islas, cruzando cuevas, formaciones rocosas como el\u00a0Perfil de Cristo\u00a0y apreciaremos muchas otras especies acu\u00e1ticas. Debido a su ubicaci\u00f3n semi-tropical, hace un poco de calor, por lo cual recomendamos traer bloqueador solar y un sombrero para protegerse de los rayos solares.<\/p>\n<p>El paseo a las Islas Ballestas tiene una duraci\u00f3n total de 2 horas las cuales comprenden: 1 hora entre ida y retorno, y 1 hora de navegaci\u00f3n en las islas.<\/p>\n<p><span style=\"color: #ffcc00\"><strong>11:00hrs aprox.\u00a0<\/strong><\/span>Despu\u00e9s retornaremos a la Marina Tur\u00edstica de Paracas, brindaremos tiempo disponible a nuestros pasajeros para usar los servicios higi\u00e9nicos y finalmente luego abordar nuestra unidad m\u00f3vil y trasladarnos hacia la Ciudad de Ica.<\/p>\n<p><span style=\"color: #ffcc00\"><strong>13:30hrs\u00a0<\/strong><\/span>Una vez arribemos a Ica, nos trasladaremos hacia una bodega vitivin\u00edcola, donde ofreceremos un tour con degustaci\u00f3n de piscos y vinos artesanales. Posteriormente los pasajeros podr\u00e1n almorzar en el restaurante de la bodega vitivin\u00edcola.<\/p>\n<p><span style=\"color: #ffcc00\"><strong>15:30hrs\u00a0<\/strong><\/span>Luego nos dirigiremos al\u00a0Oasis de Huacachina, la cual est\u00e1 ubicada a solo 15 minutos del centro de la ciudad. En esta popular laguna los visitantes podr\u00e1n disfrutar de la tranquilidad del lugar y caminar por los alrededores en busca de excelentes fotograf\u00edas.<\/p>\n<p>Continuaremos nuestro tour con el servicio de\u00a0Buggys, para ello deberemos escalar un peque\u00f1o m\u00e9dano de arena situado al lado de la laguna. Luego abordaremos nuestro Buggy y empezaremos la aventura final del d\u00eda.<\/p>\n<p>Las inmensas dunas que rodean el oasis permiten a los visitantes practicar uno de los deportes m\u00e1s populares de la zona, nos estamos refiriendo al\u00a0Sandboarding. Nuestro conductor\/gu\u00eda nos explicar\u00e1 como practicar este deporte sobre las dunas de arena.<\/p>\n<p><span style=\"color: #ffcc00\"><strong>18:15hrs<\/strong>\u00a0<\/span>Finalmente, retornaremos al Oasis de Huacachina, retornaremos a nuestra oficina, y brindaremos tiempo disponible a los pasajeros para quitarse la arena del cuerpo y usar los servicios higienicos.<\/p>\n<p><strong><span style=\"color: #ffcc00\">19:00hrs<\/span>\u00a0<\/strong>Abordaremos la unidad m\u00f3vil y nos trasladaremos hacia el terminal de bus terrestre Cruz del Sur en Ica, para abordar finalmente el bus Ica\/Lima.<\/p>\n<p>PD: El pasajero puede optar por quedarse en Ica, si es que as\u00ed lo desea.<\/p>\n<p><span style=\"color: #ffcc00\"><strong>00:50hrs<\/strong><\/span>\u00a0Arribo a la ciudad de Lima en el terminal de bus Cruz del Sur (Javier Prado).<\/p>\n<\/div>\n<\/div>\n<\/div>\n<div class=\"elementor-element elementor-element-49c54ee elementor-widget elementor-widget-heading\" data-id=\"49c54ee\" data-element_type=\"widget\" data-widget_type=\"heading.default\">\n<div class=\"elementor-widget-container\">\n<h3 class=\"elementor-heading-title elementor-size-default\"><span style=\"color: #ff9900\">Inclusiones<\/span><\/h3>\n<\/div>\n<\/div>\n<section class=\"wd-negative-gap elementor-section elementor-inner-section elementor-element elementor-element-91a2691 elementor-section-boxed elementor-section-height-default elementor-section-height-default wd-section-disabled\" data-id=\"91a2691\" data-element_type=\"section\" data-settings=\"{&quot;jet_parallax_layout_list&quot;:[]}\">\n<div class=\"elementor-container elementor-column-gap-default\">\n<div class=\"elementor-row\">\n<div class=\"elementor-column elementor-col-100 elementor-inner-column elementor-element elementor-element-ba1c8ac\" data-id=\"ba1c8ac\" data-element_type=\"column\">\n<div class=\"elementor-column-wrap elementor-element-populated\">\n<div class=\"elementor-widget-wrap\">\n<div class=\"elementor-element elementor-element-cae769c elementor-widget elementor-widget-heading\" data-id=\"cae769c\" data-element_type=\"widget\" data-widget_type=\"heading.default\">\n<div class=\"elementor-widget-container\">\n<h4 class=\"elementor-heading-title elementor-size-default\"><span style=\"color: #ffcc00\">Incluye:<\/span><\/h4>\n<\/div>\n<\/div>\n<div class=\"elementor-element elementor-element-0f5a3af elementor-icon-list--layout-traditional elementor-list-item-link-full_width elementor-widget elementor-widget-icon-list\" data-id=\"0f5a3af\" data-element_type=\"widget\" data-widget_type=\"icon-list.default\">\n<div class=\"elementor-widget-container\">\n<p><i class=\"fa-solid fa-check\" style=\"color: #3cfe42\"><\/i> <span class=\"elementor-icon-list-text\">Tickets de Bus Cruz del Sur Lima\/Paracas<\/span><\/p>\n<p><i class=\"fa-solid fa-check\" style=\"color: #3cfe42\"><\/i> <span class=\"elementor-icon-list-text\">Recepci\u00f3n de los turistas en la estaci\u00f3n del bus de Paracas<\/span><\/p>\n<p><i class=\"fa-solid fa-check\" style=\"color: #3cfe42\"><\/i> <span class=\"elementor-icon-list-text\">Traslado terminal de Bus\/Muelle de Paracas<\/span><\/p>\n<p><i class=\"fa-solid fa-check\" style=\"color: #3cfe42\"><\/i> <span class=\"elementor-icon-list-text\">Ticket para el Paseo a las Islas Ballestas<\/span><\/p>\n<p><i class=\"fa-solid fa-check\" style=\"color: #3cfe42\"><\/i> <span class=\"elementor-icon-list-text\">Traslados Paracas &#8211; Ica &#8211; Huacachina<\/span><\/p>\n<p><i class=\"fa-solid fa-check\" style=\"color: #3cfe42\"><\/i> <span class=\"elementor-icon-list-text\">Visita a una bodega vitivin\u00edcola artesanal en Ica<\/span><\/p>\n<p><i class=\"fa-solid fa-check\" style=\"color: #3cfe42\"><\/i> <span class=\"elementor-icon-list-text\">Paseo en buggies tubulares y pr\u00e1ctica de sandboard en Huacachina<\/span><\/p>\n<p><i class=\"fa-solid fa-check\" style=\"color: #3cfe42\"><\/i> <span class=\"elementor-icon-list-text\">Guiado y asistencia permanente<\/span><\/p>\n<p><i class=\"fa-solid fa-check\" style=\"color: #3cfe42\"><\/i> <span class=\"elementor-icon-list-text\">Traslado a la estaci\u00f3n del bus en Ica al finalizar el tour<\/span><\/p>\n<p><i class=\"fa-solid fa-check\" style=\"color: #3cfe42\"><\/i> <span class=\"elementor-icon-list-text\">Tickets de bus Cruz del Sur Ica\/Lima<\/span><\/p>\n<\/div>\n<\/div>\n<div class=\"elementor-element elementor-element-0534775 elementor-widget elementor-widget-heading\" data-id=\"0534775\" data-element_type=\"widget\" data-widget_type=\"heading.default\">\n<div class=\"elementor-widget-container\">\n<h4 class=\"elementor-heading-title elementor-size-default\"><span style=\"color: #ffcc00\">No incluye:<\/span><\/h4>\n<\/div>\n<\/div>\n<div class=\"elementor-element elementor-element-1d15797 elementor-icon-list--layout-traditional elementor-list-item-link-full_width elementor-widget elementor-widget-icon-list\" data-id=\"1d15797\" data-element_type=\"widget\" data-widget_type=\"icon-list.default\">\n<div class=\"elementor-widget-container\">\n<p><i class=\"fa-solid fa-xmark\" style=\"color: red\"><\/i><span class=\"elementor-icon-list-text\"> Impuesto tur\u00edstico en Paracas S\/16.00 soles por persona<\/span><\/p>\n<p><i class=\"fa-solid fa-xmark\" style=\"color: red\"><\/i><span class=\"elementor-icon-list-text\"> Impuesto tur\u00edstico en Huacachina S\/3.60 soles por persona<\/span><\/p>\n<p><i class=\"fa-solid fa-xmark\" style=\"color: red\"><\/i><span class=\"elementor-icon-list-text\"> Hospedaje<\/span><\/p>\n<p><i class=\"fa-solid fa-xmark\" style=\"color: red\"><\/i><span class=\"elementor-icon-list-text\"> Alimentaci\u00f3n<\/span><\/p>\n<\/div>\n<\/div>\n<\/div>\n<\/div>\n<\/div>\n<\/div>\n<\/div>\n<\/section>\n<div class=\"elementor-element elementor-element-b126675 elementor-widget elementor-widget-spacer\" data-id=\"b126675\" data-element_type=\"widget\" data-widget_type=\"spacer.default\">\n<div class=\"elementor-widget-container\">\n<div class=\"elementor-spacer\">\n<div class=\"elementor-spacer-inner\"><\/div>\n<\/div>\n<\/div>\n<\/div>\n<div class=\"elementor-element elementor-element-ac08480 elementor-widget elementor-widget-heading\" data-id=\"ac08480\" data-element_type=\"widget\" data-widget_type=\"heading.default\">\n<div class=\"elementor-widget-container\">\n<h3 class=\"elementor-heading-title elementor-size-default\"><span style=\"color: #ff9900\">Recomendaciones<\/span><\/h3>\n<\/div>\n<\/div>\n<div class=\"elementor-element elementor-element-185b360 color-scheme-inherit text-left elementor-widget elementor-widget-text-editor\" data-id=\"185b360\" data-element_type=\"widget\" data-widget_type=\"text-editor.default\">\n<div class=\"elementor-widget-container\">\n<div class=\"elementor-text-editor elementor-clearfix\">\n<p>Uso Obligatorio de Mascarilla.<\/p>\n<p>Portar alcohol desinfectante, de preferencia de 70\u00b0.<\/p>\n<p>Sombrero, gafas de sol y bloqueador.<\/p>\n<p>Traer siempre consigo un poco de dinero extra en efectivo, en algunos lugares no hay cobertura y no hay uso de POS para tarjetas.<\/p>\n<p>Indicar si retorna a la ciudad de Lima o se queda en Ica.<\/p>\n<\/div>\n<\/div>\n<\/div>\n","protected":false},"excerpt":{"rendered":"<p>Ven a conocer con nosotros un fant\u00e1stico tour full day por nuestras sorprendentes\u00a0<span style=\"color: #ff9900\"><strong>Islas Ballestas<\/strong>\u00a0donde disfrutaremos de la diversidad biol\u00f3gica, descubre el misterio del misterioso geoglifo \u00abEl Candelabro\u00bb ubicado en mitad del mar pac\u00edfico.<\/span><\/p>\n<p>Disfruta de la <span style=\"color: #ff9900\">visita a una bodega vitivin\u00edcola artesanal donde podr\u00e1s degustar de los mejores\u00a0<strong>piscos y vinos<\/strong>\u00a0de la regi\u00f3n de Ica<\/span>. Adem\u00e1s podr\u00e1s almorzar en un restaurante t\u00edpico de la zona, donde encontraras gran variedad de platos gastron\u00f3micos de la zona.<\/p>\n<p><span style=\"color: #ff9900\">Visita el\u00a0<strong>Oasis de Huacachina<\/strong><\/span>, goza de un bello atractivo natural en busca de excelentes fotos y experimenta el recorrido en los <span style=\"color: #ff9900\">carros areneros conocidos tambi\u00e9n como\u00a0<strong>Buggys<\/strong><\/span>, y tambi\u00e9n podr\u00e1n experimentar unos de los deportes m\u00e1s populares de los \u00faltimos tiempos, llamado<span style=\"color: #ff9900\">\u00a0<strong>Sandboarding o Tabla sobre Arena<\/strong>.<\/span><\/p>\n","protected":false},"featured_media":159,"comment_status":"open","ping_status":"closed","template":"","meta":{"site-sidebar-layout":"default","site-content-layout":"default","ast-global-header-display":"","ast-main-header-display":"","ast-hfb-above-header-display":"","ast-hfb-below-header-display":"","ast-hfb-mobile-header-display":"","site-post-title":"","ast-breadcrumbs-content":"","ast-featured-img":"","footer-sml-layout":"","theme-transparent-header-meta":"default","adv-header-id-meta":"","stick-header-meta":"","header-above-stick-meta":"","header-main-stick-meta":"","header-below-stick-meta":"","_joinchat":[]},"product_cat":[25,26],"product_tag":[],"_links":{"self":[{"href":"https:\/\/orlandoexpeditionperu.com\/index.php\/wp-json\/wp\/v2\/product\/158"}],"collection":[{"href":"https:\/\/orlandoexpeditionperu.com\/index.php\/wp-json\/wp\/v2\/product"}],"about":[{"href":"https:\/\/orlandoexpeditionperu.com\/index.php\/wp-json\/wp\/v2\/types\/product"}],"replies":[{"embeddable":true,"href":"https:\/\/orlandoexpeditionperu.com\/index.php\/wp-json\/wp\/v2\/comments?post=158"}],"wp:featuredmedia":[{"embeddable":true,"href":"https:\/\/orlandoexpeditionperu.com\/index.php\/wp-json\/wp\/v2\/media\/159"}],"wp:attachment":[{"href":"https:\/\/orlandoexpeditionperu.com\/index.php\/wp-json\/wp\/v2\/media?parent=158"}],"wp:term":[{"taxonomy":"product_cat","embeddable":true,"href":"https:\/\/orlandoexpeditionperu.com\/index.php\/wp-json\/wp\/v2\/product_cat?post=158"},{"taxonomy":"product_tag","embeddable":true,"href":"https:\/\/orlandoexpeditionperu.com\/index.php\/wp-json\/wp\/v2\/product_tag?post=158"}],"curies":[{"name":"wp","href":"https:\/\/api.w.org\/{rel}","templated":true}]}}