{"id":164,"date":"2023-02-17T22:13:58","date_gmt":"2023-02-17T22:13:58","guid":{"rendered":"https:\/\/orlandoexpeditionperu.com\/?post_type=product&#038;p=164"},"modified":"2025-10-06T05:21:49","modified_gmt":"2025-10-06T05:21:49","slug":"cuatrimotos-paracas","status":"publish","type":"product","link":"https:\/\/orlandoexpeditionperu.com\/index.php\/producto\/cuatrimotos-paracas\/","title":{"rendered":"CUATRIMOTOS PARACAS"},"content":{"rendered":"<div class=\"elementor-element elementor-element-0b8d34b elementor-widget elementor-widget-heading\" data-id=\"0b8d34b\" data-element_type=\"widget\" data-widget_type=\"heading.default\">\n<div class=\"elementor-widget-container\">\n<h2 class=\"elementor-heading-title elementor-size-default\"><span style=\"color: #ff9900;\">Tour cuatrimotos en Paracas<\/span><\/h2>\n<\/div>\n<\/div>\n<div class=\"elementor-element elementor-element-f7c19d5 color-scheme-inherit text-left elementor-widget elementor-widget-text-editor\" data-id=\"f7c19d5\" data-element_type=\"widget\" data-widget_type=\"text-editor.default\">\n<div class=\"elementor-widget-container\">\n<div class=\"elementor-text-editor elementor-clearfix\">\n<p>Nuestro recorrido se inicia desde la misma ciudad de\u00a0Paracas, visitando el Istmo de la pen\u00ednsula y luego realizaremos el circuito de Playas (Playa Roja y Yumaque), con un total aproximado de 24km de recorrido.<\/p>\n<\/div>\n<\/div>\n<\/div>\n<div class=\"elementor-element elementor-element-341a6b9 elementor-widget elementor-widget-heading\" data-id=\"341a6b9\" data-element_type=\"widget\" data-widget_type=\"heading.default\">\n<div class=\"elementor-widget-container\">\n<h3 class=\"elementor-heading-title elementor-size-default\"><span style=\"color: #ffcc00;\">Lo m\u00e1s destacado<\/span><\/h3>\n<\/div>\n<\/div>\n<div class=\"elementor-element elementor-element-d79af82 elementor-icon-list--layout-traditional elementor-list-item-link-full_width elementor-widget elementor-widget-icon-list\" data-id=\"d79af82\" data-element_type=\"widget\" data-widget_type=\"icon-list.default\">\n<div class=\"elementor-widget-container\">\n<p><i class=\"fa-solid fa-tag\" style=\"color: #fea93c;\"><\/i><span class=\"elementor-icon-list-text\">Servicios en Movilidad Privada con Protocolos de Bioseguridad.<\/span><\/p>\n<p><i class=\"fa-solid fa-tag\" style=\"color: #fea93c;\"><\/i><span class=\"elementor-icon-list-text\">Grupo de viaje con m\u00e1ximo 08 personas.<\/span><\/p>\n<p><i class=\"fa-solid fa-tag\" style=\"color: #fea93c;\"><\/i><span class=\"elementor-icon-list-text\">Asistencia personal de inicio a fin.<\/span><\/p>\n<p><i class=\"fa-solid fa-tag\" style=\"color: #fea93c;\"><\/i><span class=\"elementor-icon-list-text\">Somos Tour Operador local registrado en Mincetur.<\/span><\/p>\n<\/div>\n<\/div>\n<div class=\"elementor-element elementor-element-6180ede elementor-widget elementor-widget-heading\" data-id=\"6180ede\" data-element_type=\"widget\" data-widget_type=\"heading.default\">\n<div class=\"elementor-widget-container\">\n<h3 class=\"elementor-heading-title elementor-size-default\"><span style=\"color: #ffcc00;\">Itinerario<\/span><\/h3>\n<\/div>\n<\/div>\n<div class=\"elementor-element elementor-element-be46ad3 elementor-icon-list--layout-traditional elementor-list-item-link-full_width elementor-widget elementor-widget-icon-list\" data-id=\"be46ad3\" data-element_type=\"widget\" data-widget_type=\"icon-list.default\">\n<div class=\"elementor-widget-container\">\n<p><i class=\"fa-solid fa-location-dot\" style=\"color: #fea93c;\"><\/i> <span style=\"color: #ffcc00;\"><strong>Inicio:\u00a0<\/strong><\/span>Recojo desde su hotel o estaci\u00f3n de bus.<\/p>\n<p><i class=\"fa-solid fa-location-dot\" style=\"color: #fea93c;\"><\/i> <strong><span class=\"elementor-icon-list-text\"><span style=\"color: #ffcc00;\"> Final:<\/span> <\/span><\/strong><span class=\"elementor-icon-list-text\">Hotel en Paracas o estaci\u00f3n de bus.<\/span><\/p>\n<\/div>\n<\/div>\n<div class=\"elementor-element elementor-element-6fc1336 color-scheme-inherit text-left elementor-widget elementor-widget-text-editor\" data-id=\"6fc1336\" data-element_type=\"widget\" data-widget_type=\"text-editor.default\">\n<div class=\"elementor-widget-container\">\n<div class=\"elementor-text-editor elementor-clearfix\">\n<p><span style=\"color: #ffcc00;\"><strong>10:00hrs<\/strong><\/span>\u00a0El\u00a0Tour Cuatrimotos en Paracas\u00a0inicia con el recojo de nuestros pasajeros en su hotel (previa coordinaci\u00f3n de la hora), antes de iniciar este recorrido, nuestro\u00a0Conductor\/Gu\u00eda\u00a0les brindara algunas indicaciones sobre las medidas sanitarias para la protecci\u00f3n contra el\u00a0Covid-19, tambi\u00e9n se les dar\u00e1 recomendaciones e instrucciones de seguridad de c\u00f3mo manejar nuestras motos, ya que son motos autom\u00e1ticas de f\u00e1ciles maniobras.<\/p>\n<p>Luego de una breve explicaci\u00f3n, los viajeros abordar\u00e1n sus respectivas\u00a0Cuatrimotos\u00a0y seguir\u00e1n a nuestro gu\u00eda que ir\u00e1 por delante, durante esta excursi\u00f3n pasearemos por la\u00a0Reserva Nacional de Paracas, atravesaremos\u00a0la pen\u00ednsula observando un bello\u00a0y colorido paisaje sedimentario el cual le hace un paisaje \u00fanico, durante esta excursi\u00f3n podremos hacer diferentes paradas para observar los impresionantes atractivos que ofrece este desierto costero, podremos observar\u00a0f\u00f3siles marinos, formaciones rocosas con concentraci\u00f3n de\u00a0Hierro, la playa\u00a0Yumaque, el desierto lunar y\u00a0Playa Roja\u00a0la cual ofrece un contraste admirable entre el desierto amarillento y\u00a0rojo\u00a0debido a la alta concentraci\u00f3n del mineral de\u00a0Hierro.<\/p>\n<p>Este trayecto tiene una duraci\u00f3n entre 2\u2032 a 2\u2032 1\/2\u00bb horas y media, y se puede realizar en diferentes horarios de la ma\u00f1ana, por lo general su principal salida es a las 10 de la ma\u00f1ana.<\/p>\n<p><span style=\"color: #ffcc00;\"><strong>13:00hrs Aprox.<\/strong><\/span>\u00a0<span style=\"color: #000000;\">Luego del Tour, los pasajeros proceden a devolver las\u00a0Cuatrimotos\u00a0en la oficina respectiva, para poder finalizar el tour.<\/span><\/p>\n<div class=\"elementor-element elementor-element-f5762c0 elementor-widget elementor-widget-heading\" data-id=\"f5762c0\" data-element_type=\"widget\" data-widget_type=\"heading.default\">\n<div class=\"elementor-widget-container\">\n<h3 class=\"elementor-heading-title elementor-size-default\"><span style=\"color: #ff9900;\">Inclusiones<\/span><\/h3>\n<\/div>\n<\/div>\n<section class=\"wd-negative-gap elementor-section elementor-inner-section elementor-element elementor-element-4359731 elementor-section-boxed elementor-section-height-default elementor-section-height-default wd-section-disabled\" data-id=\"4359731\" data-element_type=\"section\" data-settings=\"{&quot;jet_parallax_layout_list&quot;:[]}\">\n<div class=\"elementor-container elementor-column-gap-default\">\n<div class=\"elementor-row\">\n<div class=\"elementor-column elementor-col-50 elementor-inner-column elementor-element elementor-element-6048c3a\" data-id=\"6048c3a\" data-element_type=\"column\">\n<div class=\"elementor-column-wrap elementor-element-populated\">\n<div class=\"elementor-widget-wrap\">\n<div class=\"elementor-element elementor-element-0e156a5 elementor-widget elementor-widget-heading\" data-id=\"0e156a5\" data-element_type=\"widget\" data-widget_type=\"heading.default\">\n<div class=\"elementor-widget-container\">\n<h4 class=\"elementor-heading-title elementor-size-default\"><span style=\"color: #ffcc00;\">Incluye:<\/span><\/h4>\n<\/div>\n<\/div>\n<div class=\"elementor-element elementor-element-b0b749b elementor-icon-list--layout-traditional elementor-list-item-link-full_width elementor-widget elementor-widget-icon-list\" data-id=\"b0b749b\" data-element_type=\"widget\" data-widget_type=\"icon-list.default\">\n<div class=\"elementor-widget-container\">\n<p><i class=\"fa-solid fa-check\" style=\"color: #3cfe42;\"><\/i><span class=\"elementor-icon-list-text\">Cuatrimoto<\/span><\/p>\n<p><i class=\"fa-solid fa-check\" style=\"color: #3cfe42;\"><\/i><span class=\"elementor-icon-list-text\">Gu\u00eda profesional acreditado<\/span><\/p>\n<p><i class=\"fa-solid fa-check\" style=\"color: #3cfe42;\"><\/i><span class=\"elementor-icon-list-text\">Entradas e impuestos<\/span><\/p>\n<\/div>\n<\/div>\n<\/div>\n<\/div>\n<\/div>\n<div class=\"elementor-column elementor-col-50 elementor-inner-column elementor-element elementor-element-3fe72f0\" data-id=\"3fe72f0\" data-element_type=\"column\">\n<div class=\"elementor-column-wrap elementor-element-populated\">\n<div class=\"elementor-widget-wrap\">\n<div class=\"elementor-element elementor-element-9ae4062 elementor-widget elementor-widget-heading\" data-id=\"9ae4062\" data-element_type=\"widget\" data-widget_type=\"heading.default\">\n<div class=\"elementor-widget-container\">\n<h4 class=\"elementor-heading-title elementor-size-default\"><span style=\"color: #ffcc00;\">No incluye:<\/span><\/h4>\n<\/div>\n<\/div>\n<div class=\"elementor-element elementor-element-89ceac5 elementor-icon-list--layout-traditional elementor-list-item-link-full_width elementor-widget elementor-widget-icon-list\" data-id=\"89ceac5\" data-element_type=\"widget\" data-widget_type=\"icon-list.default\">\n<div class=\"elementor-widget-container\">\n<p><i class=\"fa-solid fa-xmark\" style=\"color: red;\"><\/i><span class=\"elementor-icon-list-text\">Tickets de Bus Lima\/Ica o Ica\/Lima<\/span><\/p>\n<p><i class=\"fa-solid fa-xmark\" style=\"color: red;\"><\/i><span class=\"elementor-icon-list-text\">Hospedaje<\/span><\/p>\n<p><i class=\"fa-solid fa-xmark\" style=\"color: red;\"><\/i><span class=\"elementor-icon-list-text\">Alimentaci\u00f3n<\/span><\/p>\n<\/div>\n<\/div>\n<\/div>\n<\/div>\n<\/div>\n<\/div>\n<\/div>\n<\/section>\n<div class=\"elementor-element elementor-element-439a146 elementor-widget elementor-widget-heading\" data-id=\"439a146\" data-element_type=\"widget\" data-widget_type=\"heading.default\">\n<div class=\"elementor-widget-container\">\n<h3 class=\"elementor-heading-title elementor-size-default\"><span style=\"color: #ff9900;\">Recomendaciones<\/span><\/h3>\n<\/div>\n<\/div>\n<div class=\"elementor-element elementor-element-4e0483e color-scheme-inherit text-left elementor-widget elementor-widget-text-editor\" data-id=\"4e0483e\" data-element_type=\"widget\" data-widget_type=\"text-editor.default\">\n<div class=\"elementor-widget-container\">\n<div class=\"elementor-text-editor elementor-clearfix\">\n<p>Sombrero, gafas de sol y bloqueador.<\/p>\n<p>Traer siempre consigo un poco de dinero extra en efectivo, en algunos lugares no hay cobertura y no hay uso de POS para tarjetas.<\/p>\n<p>Indicar si retorna a la ciudad de Ica o se queda en Paracas.<\/p>\n<\/div>\n<\/div>\n<\/div>\n<div class=\"elementor-element elementor-element-ae085f4 elementor-widget elementor-widget-spacer\" data-id=\"ae085f4\" data-element_type=\"widget\" data-widget_type=\"spacer.default\"><\/div>\n<\/div>\n<\/div>\n<\/div>\n","protected":false},"excerpt":{"rendered":"<p>El\u00a0<strong>Tour de Cuatrimotos en Paracas<\/strong>\u00a0es una gran alternativa, llena de adrenalina y diversi\u00f3n.<\/p>\n<p>Usted disfrutar\u00e1 de un c\u00f3modo paseo a bordo de nuestros\u00a0<span style=\"color: #ff9900;\"><b>Cuatrimotos<\/b>\u00a0a lo largo de la\u00a0<strong>Reserva Nacional de Paracas<\/strong><\/span>, con nuestros gu\u00edas experimentados y el equipo completo.<\/p>\n","protected":false},"featured_media":165,"comment_status":"open","ping_status":"closed","template":"","meta":{"site-sidebar-layout":"default","site-content-layout":"default","ast-global-header-display":"","ast-main-header-display":"","ast-hfb-above-header-display":"","ast-hfb-below-header-display":"","ast-hfb-mobile-header-display":"","site-post-title":"","ast-breadcrumbs-content":"","ast-featured-img":"","footer-sml-layout":"","theme-transparent-header-meta":"default","adv-header-id-meta":"","stick-header-meta":"","header-above-stick-meta":"","header-main-stick-meta":"","header-below-stick-meta":"","_joinchat":[]},"product_cat":[26],"product_tag":[],"_links":{"self":[{"href":"https:\/\/orlandoexpeditionperu.com\/index.php\/wp-json\/wp\/v2\/product\/164"}],"collection":[{"href":"https:\/\/orlandoexpeditionperu.com\/index.php\/wp-json\/wp\/v2\/product"}],"about":[{"href":"https:\/\/orlandoexpeditionperu.com\/index.php\/wp-json\/wp\/v2\/types\/product"}],"replies":[{"embeddable":true,"href":"https:\/\/orlandoexpeditionperu.com\/index.php\/wp-json\/wp\/v2\/comments?post=164"}],"wp:featuredmedia":[{"embeddable":true,"href":"https:\/\/orlandoexpeditionperu.com\/index.php\/wp-json\/wp\/v2\/media\/165"}],"wp:attachment":[{"href":"https:\/\/orlandoexpeditionperu.com\/index.php\/wp-json\/wp\/v2\/media?parent=164"}],"wp:term":[{"taxonomy":"product_cat","embeddable":true,"href":"https:\/\/orlandoexpeditionperu.com\/index.php\/wp-json\/wp\/v2\/product_cat?post=164"},{"taxonomy":"product_tag","embeddable":true,"href":"https:\/\/orlandoexpeditionperu.com\/index.php\/wp-json\/wp\/v2\/product_tag?post=164"}],"curies":[{"name":"wp","href":"https:\/\/api.w.org\/{rel}","templated":true}]}}