{"id":176,"date":"2023-02-17T23:07:12","date_gmt":"2023-02-17T23:07:12","guid":{"rendered":"https:\/\/orlandoexpeditionperu.com\/?post_type=product&#038;p=176"},"modified":"2025-10-01T16:33:51","modified_gmt":"2025-10-01T16:33:51","slug":"tour-nasca-arqueologico-economico","status":"publish","type":"product","link":"https:\/\/orlandoexpeditionperu.com\/index.php\/producto\/tour-nasca-arqueologico-economico\/","title":{"rendered":"TOUR NASCA ARQUEOLOGICO ECONOMICO<br><br>"},"content":{"rendered":"<div class=\"elementor-element elementor-element-5dee8cf elementor-widget elementor-widget-heading\" data-id=\"5dee8cf\" data-element_type=\"widget\" data-widget_type=\"heading.default\">\n<div class=\"elementor-widget-container\">\n<h2 class=\"elementor-heading-title elementor-size-default\"><span style=\"color: #ff9900;\">Tour Nasca Arqueol\u00f3gico Econ\u00f3mico<\/span><\/h2>\n<\/div>\n<\/div>\n<div class=\"elementor-element elementor-element-8e1c26e elementor-widget elementor-widget-heading\" data-id=\"8e1c26e\" data-element_type=\"widget\" data-widget_type=\"heading.default\">\n<div class=\"elementor-widget-container\">\n<h3 class=\"elementor-heading-title elementor-size-default\"><span style=\"color: #ffcc00;\">Lo m\u00e1s destacado<\/span><\/h3>\n<\/div>\n<\/div>\n<div class=\"elementor-element elementor-element-a2d6b51 elementor-icon-list--layout-traditional elementor-list-item-link-full_width elementor-widget elementor-widget-icon-list\" data-id=\"a2d6b51\" data-element_type=\"widget\" data-widget_type=\"icon-list.default\">\n<div class=\"elementor-widget-container\">\n<p><i class=\"fa-solid fa-tag\" style=\"color: #fea93c;\"><\/i><span class=\"elementor-icon-list-text\">Servicios en Movilidad Privada con Protocolos de Bioseguridad.<\/span><\/p>\n<p><i class=\"fa-solid fa-tag\" style=\"color: #fea93c;\"><\/i><span class=\"elementor-icon-list-text\">Grupo de viaje con m\u00e1ximo 08 personas.<\/span><\/p>\n<p><i class=\"fa-solid fa-tag\" style=\"color: #fea93c;\"><\/i><span class=\"elementor-icon-list-text\">Asistencia personal de inicio a fin.<\/span><\/p>\n<p><i class=\"fa-solid fa-tag\" style=\"color: #fea93c;\"><\/i><span class=\"elementor-icon-list-text\">Somos Tour Operador local registrado en Mincetur.<\/span><\/p>\n<\/div>\n<\/div>\n<div class=\"elementor-element elementor-element-1948a4c elementor-widget elementor-widget-heading\" data-id=\"1948a4c\" data-element_type=\"widget\" data-widget_type=\"heading.default\">\n<div class=\"elementor-widget-container\">\n<h3 class=\"elementor-heading-title elementor-size-default\"><span style=\"color: #ffcc00;\">Itinerario<\/span><\/h3>\n<\/div>\n<\/div>\n<div class=\"elementor-element elementor-element-df86843 elementor-icon-list--layout-traditional elementor-list-item-link-full_width elementor-widget elementor-widget-icon-list\" data-id=\"df86843\" data-element_type=\"widget\" data-widget_type=\"icon-list.default\">\n<div class=\"elementor-widget-container\">\n<p><i class=\"fa-solid fa-location-dot\" style=\"color: #fea93c;\"><\/i> <span style=\"color: #ffcc00;\"><strong>Inicio:\u00a0<\/strong><\/span>06:30 Recojo desde su hotel o estaci\u00f3n de bus.<\/p>\n<p><i class=\"fa-solid fa-location-dot\" style=\"color: #fea93c;\"><\/i> <strong><span class=\"elementor-icon-list-text\"><span style=\"color: #ffcc00;\"> Final:<\/span> <\/span><\/strong><span class=\"elementor-icon-list-text\">17:00 hrs en su hotel en Ica o estaci\u00f3n de buses<\/span><\/p>\n<p><span style=\"font-size: 16px;\">En este emocionante tour empezaremos visitando los sitios tur\u00edsticos que se encuentran en la carretera camino a la Ciudad de Nasca. Conoceremos la famosa \u201c<\/span><span style=\"color: #ffcc00;\"><strong style=\"font-size: 16px;\">Cara del Inca<\/strong><\/span><span style=\"font-size: 16px;\">\u201d, la cu\u00e1l es una formaci\u00f3n rocosa natural con el aspecto de un rostro Inca. Mas adelante haremos una parada en el \u201c<\/span><span style=\"color: #ffcc00;\"><strong style=\"font-size: 16px;\">Mirador Met\u00e1lico de Llipata<\/strong><\/span><span style=\"font-size: 16px;\">\u201d (Provincia de Palpa), donde podremos apreciar un grupo de geoglifos en las monta\u00f1as, conocidos como \u201cLa Familia Real Paracas\u201d.<\/span><\/p>\n<\/div>\n<\/div>\n<div class=\"elementor-element elementor-element-770ad56 color-scheme-inherit text-left elementor-widget elementor-widget-text-editor\" data-id=\"770ad56\" data-element_type=\"widget\" data-widget_type=\"text-editor.default\">\n<div class=\"elementor-widget-container\">\n<div class=\"elementor-text-editor elementor-clearfix\">\n<p>Continuando con el tour, visitaremos otros\u00a0<span style=\"color: #ffcc00;\"><strong>02<\/strong>\u00a0<strong>Miradores Naturales<\/strong><\/span>, los cuales fueron inaugurados recientemente, en estos miradores podremos apreciar diferentes grupos de animales dibujados en las colinas de las monta\u00f1as, estos geoglifos son pertenecientes a la Cultura Nasca.<\/p>\n<p>Mas adelante visitaremos el \u201c<span style=\"color: #ffcc00;\"><strong>Museo Mar\u00eda Reiche<\/strong><\/span>\u201d, en el cual explicaremos la biograf\u00eda y logros de la Dra. Mar\u00eda Reiche, quien en vida fue la mujer que dedic\u00f3 la mayor parte de su vida al estudio y conservaci\u00f3n de las L\u00edneas de Nasca. Tambi\u00e9n podremos observar restos de cer\u00e1micas originales y una momia en muy buen estado de conservaci\u00f3n.<\/p>\n<p>Luego visitaremos el \u201c<span style=\"color: #ffcc00;\"><strong>Mirador Met\u00e1lico Mar\u00eda Reiche<\/strong><\/span>\u201d, debido que fue ella quien mando a construir este mirador. En este mirador observaremos algunos geoglifos como Las Manos, el \u00c1rbol y el Lagarto.<\/p>\n<p>Finalmente llegaremos a la\u00a0<span style=\"color: #ffcc00;\"><strong>Ciudad de Nasca<\/strong><\/span>, donde visitaremos la fortaleza Inca \u201c<span style=\"color: #ffcc00;\"><strong>Paredones<\/strong><\/span>\u201d, llamada as\u00ed por sus altas paredes y muros hechos en material de Adobe. Seguidamente conoceremos los \u201c<span style=\"color: #ffcc00;\"><strong>Acueductos de Cantalloc<\/strong><\/span>\u201d, los cuales serv\u00edan como fuente de agua natural. Los acueductos son t\u00faneles subterr\u00e1neos hechos por los Nasca, eran usados para irrigar campos de cultivos y para el uso cotidiano de las personas. Estos acueductos siguen funcionando hasta la actualidad.<\/p>\n<p>Despu\u00e9s nos dirigiremos al centro de Nasca a conocer los \u201c<span style=\"color: #ffcc00;\"><strong>Talleres Artesanales de Textiler\u00eda y Cer\u00e1mica<\/strong><\/span>\u201d, donde tendremos una peque\u00f1a clase sobre c\u00f3mo se elaboraban estas tradicionales t\u00e9cnicas que a\u00fan con el paso del tiempo, se siguen conservando.<\/p>\n<p>Ofreceremos un tiempo libre a nuestros pasajeros para poder almorzar en un restaurante tur\u00edstico del centro de Nasca. Finalmente retornaremos a la Ciudad de Ica.<\/p>\n<\/div>\n<\/div>\n<\/div>\n<div class=\"elementor-element elementor-element-fc64e9e elementor-widget elementor-widget-heading\" data-id=\"fc64e9e\" data-element_type=\"widget\" data-widget_type=\"heading.default\">\n<div class=\"elementor-widget-container\">\n<h3 class=\"elementor-heading-title elementor-size-default\"><span style=\"color: #ff9900;\">Inclusiones<\/span><\/h3>\n<\/div>\n<\/div>\n<section class=\"wd-negative-gap elementor-section elementor-inner-section elementor-element elementor-element-fb6858e elementor-section-boxed elementor-section-height-default elementor-section-height-default wd-section-disabled\" data-id=\"fb6858e\" data-element_type=\"section\" data-settings=\"{&quot;jet_parallax_layout_list&quot;:[]}\">\n<div class=\"elementor-container elementor-column-gap-default\">\n<div class=\"elementor-row\">\n<div class=\"elementor-column elementor-col-50 elementor-inner-column elementor-element elementor-element-b054eb6\" data-id=\"b054eb6\" data-element_type=\"column\">\n<div class=\"elementor-column-wrap elementor-element-populated\">\n<div class=\"elementor-widget-wrap\">\n<div class=\"elementor-element elementor-element-aa6c81c elementor-widget elementor-widget-heading\" data-id=\"aa6c81c\" data-element_type=\"widget\" data-widget_type=\"heading.default\">\n<div class=\"elementor-widget-container\">\n<h4 class=\"elementor-heading-title elementor-size-default\"><span style=\"color: #ffcc00;\">Incluye:<\/span><\/h4>\n<\/div>\n<\/div>\n<div class=\"elementor-element elementor-element-8d585f2 elementor-icon-list--layout-traditional elementor-list-item-link-full_width elementor-widget elementor-widget-icon-list\" data-id=\"8d585f2\" data-element_type=\"widget\" data-widget_type=\"icon-list.default\">\n<div class=\"elementor-widget-container\">\n<p><i class=\"fa-solid fa-check\" style=\"color: #3cfe42;\"><\/i><span class=\"elementor-icon-list-text\">Transporte desde Ica a Nasca<\/span><\/p>\n<p><i class=\"fa-solid fa-check\" style=\"color: #3cfe42;\"><\/i><span class=\"elementor-icon-list-text\">Gu\u00eda profesional acreditado<\/span><\/p>\n<p><i class=\"fa-solid fa-check\" style=\"color: #3cfe42;\"><\/i><span class=\"elementor-icon-list-text\">Entradas e impuestos<\/span><\/p>\n<p><i class=\"fa-solid fa-check\" style=\"color: #3cfe42;\"><\/i><span class=\"elementor-icon-list-text\">Visita a la formaci\u00f3n rocosa \u201cLa Cara del Inca\u201d<\/span><\/p>\n<p><i class=\"fa-solid fa-check\" style=\"color: #3cfe42;\"><\/i><span class=\"elementor-icon-list-text\">Visita al Mirador Met\u00e1lico de Llipata<\/span><\/p>\n<p><i class=\"fa-solid fa-check\" style=\"color: #3cfe42;\"><\/i><span class=\"elementor-icon-list-text\">Visita a los 02 Miradores Naturales<\/span><\/p>\n<p><i class=\"fa-solid fa-check\" style=\"color: #3cfe42;\"><\/i><span class=\"elementor-icon-list-text\">Visita al Museo Mar\u00eda Reiche<\/span><\/p>\n<p><i class=\"fa-solid fa-check\" style=\"color: #3cfe42;\"><\/i><span class=\"elementor-icon-list-text\">Visita al Mirador Met\u00e1lico Mar\u00eda Reiche<\/span><\/p>\n<p><i class=\"fa-solid fa-check\" style=\"color: #3cfe42;\"><\/i><span class=\"elementor-icon-list-text\">Visita a la Fortaleza Inca \u201cLos Paredones\u201d<\/span><\/p>\n<p><i class=\"fa-solid fa-check\" style=\"color: #3cfe42;\"><\/i><span class=\"elementor-icon-list-text\">Visita a los Acueductos de Cantalloc<\/span><\/p>\n<p><i class=\"fa-solid fa-check\" style=\"color: #3cfe42;\"><\/i><span class=\"elementor-icon-list-text\">Visita a los Talleres Artesanales de Textiler\u00eda y Cer\u00e1mica<\/span><\/p>\n<p><i class=\"fa-solid fa-check\" style=\"color: #3cfe42;\"><\/i><span class=\"elementor-icon-list-text\">Tiempo libre para almorzar (opcional)<\/span><\/p>\n<p><i class=\"fa-solid fa-check\" style=\"color: #3cfe42;\"><\/i><span class=\"elementor-icon-list-text\">Traslado desde Nasca a Ica<\/span><\/p>\n<\/div>\n<\/div>\n<\/div>\n<\/div>\n<\/div>\n<div class=\"elementor-column elementor-col-50 elementor-inner-column elementor-element elementor-element-74a27ca\" data-id=\"74a27ca\" data-element_type=\"column\">\n<div class=\"elementor-column-wrap elementor-element-populated\">\n<div class=\"elementor-widget-wrap\">\n<div class=\"elementor-element elementor-element-193843c elementor-widget elementor-widget-heading\" data-id=\"193843c\" data-element_type=\"widget\" data-widget_type=\"heading.default\">\n<div class=\"elementor-widget-container\">\n<h4 class=\"elementor-heading-title elementor-size-default\"><span style=\"color: #ffcc00;\">No incluye:<\/span><\/h4>\n<\/div>\n<\/div>\n<div class=\"elementor-element elementor-element-9609c7f elementor-icon-list--layout-traditional elementor-list-item-link-full_width elementor-widget elementor-widget-icon-list\" data-id=\"9609c7f\" data-element_type=\"widget\" data-widget_type=\"icon-list.default\">\n<div class=\"elementor-widget-container\">\n<p><i class=\"fa-solid fa-xmark\" style=\"color: red;\"><\/i><span class=\"elementor-icon-list-text\">Tickets de Bus Lima\/Ica o Ica\/Lima<\/span><\/p>\n<p><i class=\"fa-solid fa-xmark\" style=\"color: red;\"><\/i><span class=\"elementor-icon-list-text\">Hospedaje<\/span><\/p>\n<p><i class=\"fa-solid fa-xmark\" style=\"color: red;\"><\/i><span class=\"elementor-icon-list-text\">Alimentaci\u00f3n<\/span><\/p>\n<p><i class=\"fa-solid fa-xmark\" style=\"color: red;\"><\/i><span class=\"elementor-icon-list-text\">Sobrevuelo a las L\u00edneas de Nasca<\/span><\/p>\n<\/div>\n<\/div>\n<\/div>\n<\/div>\n<\/div>\n<\/div>\n<\/div>\n<\/section>\n<div class=\"elementor-element elementor-element-34f48b7 elementor-widget elementor-widget-spacer\" data-id=\"34f48b7\" data-element_type=\"widget\" data-widget_type=\"spacer.default\">\n<div class=\"elementor-widget-container\"><\/div>\n<\/div>\n<div class=\"elementor-element elementor-element-dc9776f elementor-widget elementor-widget-heading\" data-id=\"dc9776f\" data-element_type=\"widget\" data-widget_type=\"heading.default\">\n<div class=\"elementor-widget-container\">\n<h3 class=\"elementor-heading-title elementor-size-default\"><span style=\"color: #ff9900;\">Recomendaciones<\/span><\/h3>\n<\/div>\n<\/div>\n<div class=\"elementor-element elementor-element-0f5aa7c color-scheme-inherit text-left elementor-widget elementor-widget-text-editor\" data-id=\"0f5aa7c\" data-element_type=\"widget\" data-widget_type=\"text-editor.default\">\n<div class=\"elementor-widget-container\">\n<div class=\"elementor-text-editor elementor-clearfix\">\n<p>Sombrero, gafas de sol y bloqueador.<\/p>\n<p>Traer siempre consigo un poco de dinero extra en efectivo, en algunos lugares no hay cobertura y no hay uso de POS para tarjetas.<\/p>\n<p>Indicar si retorna a la ciudad de Ica o se queda en Nasca.<\/p>\n<\/div>\n<\/div>\n<\/div>\n","protected":false},"excerpt":{"rendered":"<p>Nasca est\u00e1 ubicada a 02 Horas al sur de Ica, es una ciudad muy activa debido a la gran afluencia de visitantes que<span style=\"color: #ff9900;\"> llegan a diario a conocer las\u00a0<strong>L\u00edneas de Nazca<\/strong>\u00a0y tambi\u00e9n por sus incre\u00edbles atractivos tur\u00edsticos de la \u00e9poca Inca.<\/span><\/p>\n","protected":false},"featured_media":177,"comment_status":"open","ping_status":"closed","template":"","meta":{"site-sidebar-layout":"default","site-content-layout":"default","ast-global-header-display":"","ast-main-header-display":"","ast-hfb-above-header-display":"","ast-hfb-below-header-display":"","ast-hfb-mobile-header-display":"","site-post-title":"","ast-breadcrumbs-content":"","ast-featured-img":"","footer-sml-layout":"","theme-transparent-header-meta":"default","adv-header-id-meta":"","stick-header-meta":"","header-above-stick-meta":"","header-main-stick-meta":"","header-below-stick-meta":"","_joinchat":[]},"product_cat":[27],"product_tag":[],"_links":{"self":[{"href":"https:\/\/orlandoexpeditionperu.com\/index.php\/wp-json\/wp\/v2\/product\/176"}],"collection":[{"href":"https:\/\/orlandoexpeditionperu.com\/index.php\/wp-json\/wp\/v2\/product"}],"about":[{"href":"https:\/\/orlandoexpeditionperu.com\/index.php\/wp-json\/wp\/v2\/types\/product"}],"replies":[{"embeddable":true,"href":"https:\/\/orlandoexpeditionperu.com\/index.php\/wp-json\/wp\/v2\/comments?post=176"}],"wp:featuredmedia":[{"embeddable":true,"href":"https:\/\/orlandoexpeditionperu.com\/index.php\/wp-json\/wp\/v2\/media\/177"}],"wp:attachment":[{"href":"https:\/\/orlandoexpeditionperu.com\/index.php\/wp-json\/wp\/v2\/media?parent=176"}],"wp:term":[{"taxonomy":"product_cat","embeddable":true,"href":"https:\/\/orlandoexpeditionperu.com\/index.php\/wp-json\/wp\/v2\/product_cat?post=176"},{"taxonomy":"product_tag","embeddable":true,"href":"https:\/\/orlandoexpeditionperu.com\/index.php\/wp-json\/wp\/v2\/product_tag?post=176"}],"curies":[{"name":"wp","href":"https:\/\/api.w.org\/{rel}","templated":true}]}}