{"id":182,"date":"2023-02-17T23:22:17","date_gmt":"2023-02-17T23:22:17","guid":{"rendered":"https:\/\/orlandoexpeditionperu.com\/?post_type=product&#038;p=182"},"modified":"2023-03-12T17:17:49","modified_gmt":"2023-03-12T17:17:49","slug":"tour-nasca-2d-1n-sobrevuelo","status":"publish","type":"product","link":"https:\/\/orlandoexpeditionperu.com\/index.php\/producto\/tour-nasca-2d-1n-sobrevuelo\/","title":{"rendered":"TOUR NASCA 2D\/1N + SOBREVUELO <br><br>"},"content":{"rendered":"<div class=\"elementor-element elementor-element-5a82baf elementor-widget elementor-widget-heading\" data-id=\"5a82baf\" data-element_type=\"widget\" data-widget_type=\"heading.default\">\n<div class=\"elementor-widget-container\">\n<h2 class=\"elementor-heading-title elementor-size-default\"><span style=\"color: #ff9900;\">Tour Nasca 2D\/1N + Sobrevuelo + Cahuachi + Chauchilla<\/span><\/h2>\n<\/div>\n<\/div>\n<div class=\"elementor-element elementor-element-206c707 color-scheme-inherit text-left elementor-widget elementor-widget-text-editor\" data-id=\"206c707\" data-element_type=\"widget\" data-widget_type=\"text-editor.default\">\n<div class=\"elementor-widget-container\">\n<div class=\"elementor-text-editor elementor-clearfix\">\n<p><span style=\"font-size: 1.5em; font-weight: bold; color: #ffcc00;\">Lo m\u00e1s destacado<\/span><\/p>\n<\/div>\n<\/div>\n<\/div>\n<div class=\"elementor-element elementor-element-e1af72c elementor-icon-list--layout-traditional elementor-list-item-link-full_width elementor-widget elementor-widget-icon-list\" data-id=\"e1af72c\" data-element_type=\"widget\" data-widget_type=\"icon-list.default\">\n<div class=\"elementor-widget-container\">\n<p><i class=\"fa-solid fa-tag\" style=\"color: #fea93c;\"><\/i><span class=\"elementor-icon-list-text\">Servicios en Movilidad Privada con Protocolos de Bioseguridad.<\/span><\/p>\n<p><i class=\"fa-solid fa-tag\" style=\"color: #fea93c;\"><\/i><span class=\"elementor-icon-list-text\">Grupo de viaje con m\u00e1ximo 08 personas.<\/span><\/p>\n<p><i class=\"fa-solid fa-tag\" style=\"color: #fea93c;\"><\/i><span class=\"elementor-icon-list-text\">Asistencia personal de inicio a fin.<\/span><\/p>\n<p><i class=\"fa-solid fa-tag\" style=\"color: #fea93c;\"><\/i><span class=\"elementor-icon-list-text\">Somos Tour Operador local registrado en Mincetur.<\/span><\/p>\n<\/div>\n<\/div>\n<div class=\"elementor-element elementor-element-793bdc7 elementor-widget elementor-widget-spacer\" data-id=\"793bdc7\" data-element_type=\"widget\" data-widget_type=\"spacer.default\">\n<div class=\"elementor-widget-container\"><\/div>\n<\/div>\n<div class=\"elementor-element elementor-element-81ed2c3 elementor-widget elementor-widget-heading\" data-id=\"81ed2c3\" data-element_type=\"widget\" data-widget_type=\"heading.default\">\n<div class=\"elementor-widget-container\">\n<h3 class=\"elementor-heading-title elementor-size-default\"><span style=\"color: #ffcc00;\">Itinerario<\/span><\/h3>\n<\/div>\n<\/div>\n<div class=\"elementor-element elementor-element-bd1a708 elementor-icon-list--layout-traditional elementor-list-item-link-full_width elementor-widget elementor-widget-icon-list\" data-id=\"bd1a708\" data-element_type=\"widget\" data-widget_type=\"icon-list.default\">\n<div class=\"elementor-widget-container\">\n<p><i class=\"fa-solid fa-location-dot\" style=\"color: #fea93c;\"><\/i> <span style=\"color: #ffcc00;\"><strong>Inicio:\u00a0<\/strong><\/span>06:30 Recojo desde su hotel o estaci\u00f3n de bus.<\/p>\n<p><i class=\"fa-solid fa-location-dot\" style=\"color: #fea93c;\"><\/i> <strong><span class=\"elementor-icon-list-text\"><span style=\"color: #ffcc00;\"> Final:<\/span> <\/span><\/strong><span class=\"elementor-icon-list-text\">17:00 hrs en su hotel en Ica o estaci\u00f3n de bus.<\/span><\/p>\n<\/div>\n<\/div>\n<div class=\"elementor-element elementor-element-dbf345c color-scheme-inherit text-left elementor-widget elementor-widget-text-editor\" data-id=\"dbf345c\" data-element_type=\"widget\" data-widget_type=\"text-editor.default\">\n<div class=\"elementor-widget-container\">\n<div class=\"elementor-text-editor elementor-clearfix\">\n<p><span style=\"color: #ffcc00;\"><strong><u>D\u00cdA 01: NASCA ARQUEOL\u00d3GICO<\/u><\/strong><\/span><\/p>\n<p><span style=\"color: #ffcc00;\"><strong>07:00 hrs\u00a0<\/strong><\/span>Recojeremos a nuestros pasajeros desde su hospedaje en Ica y los trasladaremos hacia la ciudad de Nasca la cu\u00e1l se encuentra a 02 horas al sur de Ica.<\/p>\n<p>En este espectacular tour empezaremos visitando los sitios tur\u00edsticos que se encuentran en la carretera camino a la Ciudad de Nasca. Conoceremos la famosa \u201cCara del Inca\u201d, la cu\u00e1l es una formaci\u00f3n rocosa natural con el aspecto de un rostro Inca. Mas adelante haremos una parada en el \u201cMirador Met\u00e1lico de Llipata\u201d (Provincia de Palpa), donde podremos apreciar un grupo de geoglifos en las monta\u00f1as, conocidos como \u201cLa Familia Real Paracas\u201d.<\/p>\n<p>Continuando con el tour, visitaremos otros\u00a002\u00a0Miradores Naturales, los cuales fueron inaugurados recientemente, en estos miradores podremos apreciar diferentes grupos de animales dibujados en las colinas de las monta\u00f1as, estos geoglifos son pertenecientes a la Cultura Nasca.<\/p>\n<p>Mas adelante visitaremos el \u201cMuseo Mar\u00eda Reiche\u201d, en el cual explicaremos la biograf\u00eda y logros de la Dra. Mar\u00eda Reiche, quien en vida fue la mujer que dedic\u00f3 la mayor parte de su vida al estudio y conservaci\u00f3n de las L\u00edneas de Nasca. Tambi\u00e9n podremos observar restos de cer\u00e1micas originales y una momia en muy buen estado de conservaci\u00f3n.<\/p>\n<p>Luego visitaremos el \u201cMirador Met\u00e1lico Mar\u00eda Reiche\u201d, debido que fue ella quien mando a construir este mirador. En este mirador observaremos algunos geoglifos como Las Manos, el \u00c1rbol y el Lagarto.<\/p>\n<p>Mas adelante visitaremos la fortaleza Inca \u201cParedones\u201d, llamada as\u00ed por sus altas paredes y muros hechos en material de Adobe. Seguidamente conoceremos los \u201cAcueductos de Cantalloc\u201d, los cuales serv\u00edan como fuente de agua natural. Los acueductos son t\u00faneles subterr\u00e1neos hechos por los Nasca, eran usados para irrigar campos de cultivos y para el uso cotidiano de las personas. Estos acueductos siguen funcionando hasta la actualidad.<\/p>\n<p><strong><span style=\"color: #ffcc00;\">13:00 hrs<\/span>\u00a0<\/strong>Ofreceremos un tiempo libre a nuestros pasajeros para poder almorzar en un restaurante tur\u00edstico del centro de Nasca.<\/p>\n<p>Despu\u00e9s nos dirigiremos a conocer los \u201cTalleres Artesanales de Textiler\u00eda y Cer\u00e1mica\u201d, donde tendremos una peque\u00f1a clase sobre c\u00f3mo se elaboraban estas tradicionales t\u00e9cnicas que a\u00fan con el paso del tiempo, se siguen conservando.<\/p>\n<p><strong><span style=\"color: #ffcc00;\">15:30 hrs<\/span>\u00a0<\/strong>Luego los pasajeros ser\u00e1n trasladados al Hotel cerca a la Plaza de Nasca. Tendr\u00e1n la tarde libre y finalmente el Pernocte.<\/p>\n<p><span style=\"color: #ffcc00;\"><strong><u>D\u00cdA 02: SOBREVUELO A LAS L\u00cdNEAS DE NASCA + CAHUACHI + CHAUCHILLA<\/u><\/strong><\/span><\/p>\n<p><span style=\"color: #ffcc00;\"><strong>07:00 hrs\u00a0<\/strong><\/span>A la ma\u00f1ana siguiente tendremos un desayuno incluido, luego de ello la m\u00f3vil nos trasladar\u00e1 hacia el aer\u00f3dromo de Nasca.<\/p>\n<p>Una vez en el Aer\u00f3dromo de Nasca, aqu\u00ed nuestros pasajeros podr\u00e1n visualizar un video introductorio sobre la historia y cultura de Nasca, seguidamente haremos el check in y procederemos a sobrevolar las Enigm\u00e1ticas \u201cL\u00edneas de Nasca\u201d.<\/p>\n<p><strong><span style=\"color: #ffcc00;\">10:30 hrs<\/span>\u00a0<\/strong>Una vez finalizado el sobrevuelo, nos dirigiremos hacia el Sur de Nasca a unos 30 minutos, donde conoceremos el espectacular\u00a0<strong>\u201c<\/strong>Cementerio de Chauchilla<strong>\u201d<\/strong>, aqu\u00ed podremos observar momias, fragmentos de cer\u00e1mica y textiles. Algunas de las momias de este cementerio se encuentran en buen estado de conservaci\u00f3n, en algunas se pueden ver restos de cabellos e incluso algo de piel. Esta conservaci\u00f3n ha sido gracias al clima \u00e1rido del desierto de Nasca.<\/p>\n<p><span style=\"color: #ffcc00;\"><strong>12:30 hrs\u00a0<\/strong><\/span>Despu\u00e9s de dejar el cementerio de Chauchilla, nos trasladaremos hacia el norte y nos desviaremos en un punto de la carretera, para poder visitar el \u201cCentro Ceremonial de Cahuachi\u201d. Se sabe que en este lugar han vivido pocas personas debido a una teor\u00eda donde se dice que Cahuachi era un centro de peregrinaje cuya poblaci\u00f3n crec\u00eda en las fechas de acontecimientos ceremoniales importantes, acontecimientos que implicaron probablemente las\u00a0L\u00edneas de Nasca. Sus construcciones eran de adobe alcanzando los 24 km\u00b2 siendo una de las zonas urbanas mas importantes del mundo andino y la mas importante de la cultura Nasca.<\/p>\n<p><strong><span style=\"color: #ffcc00;\">15:00hrs<\/span>\u00a0<\/strong>Finalizando el tour de\u00a0Cahuachi, procederemos a retornar a la Ciudad de Ica, la cual se encuentra a 2 horas de viaje.<\/p>\n<\/div>\n<\/div>\n<\/div>\n<div class=\"elementor-element elementor-element-46935f2 elementor-widget elementor-widget-heading\" data-id=\"46935f2\" data-element_type=\"widget\" data-widget_type=\"heading.default\">\n<div class=\"elementor-widget-container\">\n<h3 class=\"elementor-heading-title elementor-size-default\"><span style=\"color: #ff9900;\">Inclusiones<\/span><\/h3>\n<\/div>\n<\/div>\n<section class=\"wd-negative-gap elementor-section elementor-inner-section elementor-element elementor-element-5c6443b elementor-section-boxed elementor-section-height-default elementor-section-height-default wd-section-disabled\" data-id=\"5c6443b\" data-element_type=\"section\" data-settings=\"{&quot;jet_parallax_layout_list&quot;:[]}\">\n<div class=\"elementor-container elementor-column-gap-default\">\n<div class=\"elementor-row\">\n<div class=\"elementor-column elementor-col-50 elementor-inner-column elementor-element elementor-element-494e98a\" data-id=\"494e98a\" data-element_type=\"column\">\n<div class=\"elementor-column-wrap elementor-element-populated\">\n<div class=\"elementor-widget-wrap\">\n<div class=\"elementor-element elementor-element-a442356 elementor-widget elementor-widget-heading\" data-id=\"a442356\" data-element_type=\"widget\" data-widget_type=\"heading.default\">\n<div class=\"elementor-widget-container\">\n<h4 class=\"elementor-heading-title elementor-size-default\"><span style=\"color: #ffcc00;\">Incluye:<\/span><\/h4>\n<\/div>\n<\/div>\n<div class=\"elementor-element elementor-element-81622ad elementor-icon-list--layout-traditional elementor-list-item-link-full_width elementor-widget elementor-widget-icon-list\" data-id=\"81622ad\" data-element_type=\"widget\" data-widget_type=\"icon-list.default\">\n<div class=\"elementor-widget-container\">\n<p><i class=\"fa-solid fa-check\" style=\"color: #3cfe42;\"><\/i> <span class=\"elementor-icon-list-text\">Transporte desde Ica a Nasca<\/span><\/p>\n<p><i class=\"fa-solid fa-check\" style=\"color: #3cfe42;\"><\/i> <span class=\"elementor-icon-list-text\">Gu\u00eda profesional acreditado<\/span><\/p>\n<p><i class=\"fa-solid fa-check\" style=\"color: #3cfe42;\"><\/i> <span class=\"elementor-icon-list-text\">Entradas e impuestos mencionados<\/span><\/p>\n<p><i class=\"fa-solid fa-check\" style=\"color: #3cfe42;\"><\/i> <span class=\"elementor-icon-list-text\">Visita a la formaci\u00f3n rocosa \u201cLa Cara del Inca\u201d<\/span><\/p>\n<p><i class=\"fa-solid fa-check\" style=\"color: #3cfe42;\"><\/i> <span class=\"elementor-icon-list-text\">Visita al Museo Mar\u00eda Reiche<\/span><\/p>\n<p><i class=\"fa-solid fa-check\" style=\"color: #3cfe42;\"><\/i> <span class=\"elementor-icon-list-text\">Visita al Mirador Met\u00e1lico Mar\u00eda Reiche<\/span><\/p>\n<p><i class=\"fa-solid fa-check\" style=\"color: #3cfe42;\"><\/i> <span class=\"elementor-icon-list-text\">Visita a la Fortaleza Inca \u201cLos Paredones\u201d<\/span><\/p>\n<p><i class=\"fa-solid fa-check\" style=\"color: #3cfe42;\"><\/i> <span class=\"elementor-icon-list-text\">Visita a los Acueductos de Cantalloc<\/span><\/p>\n<p><i class=\"fa-solid fa-check\" style=\"color: #3cfe42;\"><\/i> <span class=\"elementor-icon-list-text\">Visita a los Talleres Artesanales de Textiler\u00eda y Cer\u00e1mica<\/span><\/p>\n<p><i class=\"fa-solid fa-check\" style=\"color: #3cfe42;\"><\/i> <span class=\"elementor-icon-list-text\">Tiempo libre para almorzar (opcional)<\/span><\/p>\n<p><i class=\"fa-solid fa-check\" style=\"color: #3cfe42;\"><\/i> <span class=\"elementor-icon-list-text\">01 noche de Alojamiento en un Hotel Standar en Nasca<\/span><\/p>\n<p><i class=\"fa-solid fa-check\" style=\"color: #3cfe42;\"><\/i> <span class=\"elementor-icon-list-text\">Desayuno en el Hotel<\/span><\/p>\n<p><i class=\"fa-solid fa-check\" style=\"color: #3cfe42;\"><\/i> <span class=\"elementor-icon-list-text\">Traslado al aer\u00f3dromo y sobrevuelo a las L\u00edneas de Nasca<\/span><\/p>\n<p><i class=\"fa-solid fa-check\" style=\"color: #3cfe42;\"><\/i> <span class=\"elementor-icon-list-text\">Visita al Cementerio de Chauchilla<\/span><\/p>\n<p><i class=\"fa-solid fa-check\" style=\"color: #3cfe42;\"><\/i> <span class=\"elementor-icon-list-text\">Visita al Centro Ceremonial de Cahuachi<\/span><\/p>\n<p><i class=\"fa-solid fa-check\" style=\"color: #3cfe42;\"><\/i> <span class=\"elementor-icon-list-text\">Transporte desde Nasca a Ica<\/span><\/p>\n<\/div>\n<\/div>\n<\/div>\n<\/div>\n<\/div>\n<div class=\"elementor-column elementor-col-50 elementor-inner-column elementor-element elementor-element-e4879f8\" data-id=\"e4879f8\" data-element_type=\"column\">\n<div class=\"elementor-column-wrap elementor-element-populated\">\n<div class=\"elementor-widget-wrap\">\n<div class=\"elementor-element elementor-element-c67bb34 elementor-widget elementor-widget-heading\" data-id=\"c67bb34\" data-element_type=\"widget\" data-widget_type=\"heading.default\">\n<div class=\"elementor-widget-container\">\n<h4 class=\"elementor-heading-title elementor-size-default\"><span style=\"color: #ffcc00;\">No incluye:<\/span><\/h4>\n<\/div>\n<\/div>\n<div class=\"elementor-element elementor-element-82320f4 elementor-icon-list--layout-traditional elementor-list-item-link-full_width elementor-widget elementor-widget-icon-list\" data-id=\"82320f4\" data-element_type=\"widget\" data-widget_type=\"icon-list.default\">\n<div class=\"elementor-widget-container\">\n<p><i class=\"fa-solid fa-xmark\" style=\"color: red;\"><\/i><span class=\"elementor-icon-list-text\">Tickets de Bus Lima\/Ica o Ica\/Lima<\/span><\/p>\n<p><i class=\"fa-solid fa-xmark\" style=\"color: red;\"><\/i><span class=\"elementor-icon-list-text\">Hospedaje<\/span><\/p>\n<p><i class=\"fa-solid fa-xmark\" style=\"color: red;\"><\/i>&gt;<span class=\"elementor-icon-list-text\">Alimentaci\u00f3n<\/span><\/p>\n<p><i class=\"fa-solid fa-xmark\" style=\"color: red;\"><\/i><span class=\"elementor-icon-list-text\">Tasa de Impuesto Aeroportuaria $10USD<\/span><\/p>\n<p><i class=\"fa-solid fa-xmark\" style=\"color: red;\"><\/i><span class=\"elementor-icon-list-text\">Boleto tur\u00edstico L\u00edneas de Nasca S\/47.00 soles por persona<\/span><\/p>\n<\/div>\n<\/div>\n<\/div>\n<\/div>\n<\/div>\n<\/div>\n<\/div>\n<\/section>\n<div class=\"elementor-element elementor-element-e3c1994 elementor-widget elementor-widget-spacer\" data-id=\"e3c1994\" data-element_type=\"widget\" data-widget_type=\"spacer.default\">\n<div class=\"elementor-widget-container\"><\/div>\n<\/div>\n<div class=\"elementor-element elementor-element-a4f6138 elementor-widget elementor-widget-heading\" data-id=\"a4f6138\" data-element_type=\"widget\" data-widget_type=\"heading.default\">\n<div class=\"elementor-widget-container\">\n<h3 class=\"elementor-heading-title elementor-size-default\"><span style=\"color: #ff9900;\">Recomendaciones<\/span><\/h3>\n<\/div>\n<\/div>\n<div class=\"elementor-element elementor-element-3e0e84f color-scheme-inherit text-left elementor-widget elementor-widget-text-editor\" data-id=\"3e0e84f\" data-element_type=\"widget\" data-widget_type=\"text-editor.default\">\n<div class=\"elementor-widget-container\">\n<div class=\"elementor-text-editor elementor-clearfix\">\n<p>Sombrero, gafas de sol y bloqueador.<\/p>\n<p>Traer siempre consigo un poco de dinero extra en efectivo, en algunos lugares no hay cobertura y no hay uso de POS para tarjetas.<\/p>\n<p>Indicar si retorna a la ciudad de Ica o se queda en Nasca.<\/p>\n<\/div>\n<\/div>\n<\/div>\n<div class=\"elementor-element elementor-element-c2f490b elementor-widget elementor-widget-spacer\" data-id=\"c2f490b\" data-element_type=\"widget\" data-widget_type=\"spacer.default\"><\/div>\n","protected":false},"excerpt":{"rendered":"<p>Se visitar\u00e1 03 puntos muy importantes de la hermosa ciudad de Nasca: <span style=\"color: #ff9900;\">sobrevolar las misteriosas <\/span><strong><span style=\"color: #ff9900;\">Lineas de Nasca, el centro ceremonial de Cahuachi y el Cementerio de Chauchilla.<\/span><br \/>\n<\/strong>Nasca est\u00e1 ubicada a 02 Horas al sur de Ica, es una ciudad muy activa debido a la gran afluencia de visitantes que llegan a diario a conocer las\u00a0<strong>L\u00edneas de Nazca<\/strong>\u00a0y tambi\u00e9n por sus incre\u00edbles atractivos tur\u00edsticos de la \u00e9poca Inca.<\/p>\n","protected":false},"featured_media":183,"comment_status":"open","ping_status":"closed","template":"","meta":{"site-sidebar-layout":"default","site-content-layout":"default","ast-global-header-display":"","ast-main-header-display":"","ast-hfb-above-header-display":"","ast-hfb-below-header-display":"","ast-hfb-mobile-header-display":"","site-post-title":"","ast-breadcrumbs-content":"","ast-featured-img":"","footer-sml-layout":"","theme-transparent-header-meta":"default","adv-header-id-meta":"","stick-header-meta":"","header-above-stick-meta":"","header-main-stick-meta":"","header-below-stick-meta":"","_joinchat":[]},"product_cat":[27],"product_tag":[],"_links":{"self":[{"href":"https:\/\/orlandoexpeditionperu.com\/index.php\/wp-json\/wp\/v2\/product\/182"}],"collection":[{"href":"https:\/\/orlandoexpeditionperu.com\/index.php\/wp-json\/wp\/v2\/product"}],"about":[{"href":"https:\/\/orlandoexpeditionperu.com\/index.php\/wp-json\/wp\/v2\/types\/product"}],"replies":[{"embeddable":true,"href":"https:\/\/orlandoexpeditionperu.com\/index.php\/wp-json\/wp\/v2\/comments?post=182"}],"wp:featuredmedia":[{"embeddable":true,"href":"https:\/\/orlandoexpeditionperu.com\/index.php\/wp-json\/wp\/v2\/media\/183"}],"wp:attachment":[{"href":"https:\/\/orlandoexpeditionperu.com\/index.php\/wp-json\/wp\/v2\/media?parent=182"}],"wp:term":[{"taxonomy":"product_cat","embeddable":true,"href":"https:\/\/orlandoexpeditionperu.com\/index.php\/wp-json\/wp\/v2\/product_cat?post=182"},{"taxonomy":"product_tag","embeddable":true,"href":"https:\/\/orlandoexpeditionperu.com\/index.php\/wp-json\/wp\/v2\/product_tag?post=182"}],"curies":[{"name":"wp","href":"https:\/\/api.w.org\/{rel}","templated":true}]}}