{"id":187,"date":"2023-02-17T23:27:05","date_gmt":"2023-02-17T23:27:05","guid":{"rendered":"https:\/\/orlandoexpeditionperu.com\/?post_type=product&#038;p=187"},"modified":"2025-09-28T20:13:27","modified_gmt":"2025-09-28T20:13:27","slug":"tour-lineas-de-nasca-y-carros-areneros-desde-ica","status":"publish","type":"product","link":"https:\/\/orlandoexpeditionperu.com\/index.php\/producto\/tour-lineas-de-nasca-y-carros-areneros-desde-ica\/","title":{"rendered":"TOUR LINEAS DE NASCA Y CARROS ARENEROS DESDE ICA"},"content":{"rendered":"<div class=\"elementor-element elementor-element-f4416bc elementor-widget elementor-widget-heading\" data-id=\"f4416bc\" data-element_type=\"widget\" data-widget_type=\"heading.default\">\n<p>&nbsp;<\/p>\n<div class=\"elementor-widget-container\">\n<h2 class=\"elementor-heading-title elementor-size-default\"><span style=\"color: #ff9900;\">Tour L\u00edneas de Nasca y Carros Areneros desde Ica<\/span><\/h2>\n<\/div>\n<\/div>\n<div class=\"elementor-element elementor-element-a87196b elementor-widget elementor-widget-heading\" data-id=\"a87196b\" data-element_type=\"widget\" data-widget_type=\"heading.default\">\n<div class=\"elementor-widget-container\">\n<h3 class=\"elementor-heading-title elementor-size-default\"><span style=\"color: #ffcc00;\">Lo m\u00e1s destacado<\/span><\/h3>\n<\/div>\n<\/div>\n<div class=\"elementor-element elementor-element-195b756 elementor-icon-list--layout-traditional elementor-list-item-link-full_width elementor-widget elementor-widget-icon-list\" data-id=\"195b756\" data-element_type=\"widget\" data-widget_type=\"icon-list.default\">\n<div class=\"elementor-widget-container\">\n<p><i class=\"fa-solid fa-tag\" style=\"color: #fea93c;\"><\/i><span class=\"elementor-icon-list-text\">Servicios en Movilidad Grupal con Protocolos de Bioseguridad.<\/span><\/p>\n<p><i class=\"fa-solid fa-tag\" style=\"color: #fea93c;\"><\/i><span class=\"elementor-icon-list-text\">Grupo de viaje con m\u00e1ximo 10 personas.<\/span><\/p>\n<p><i class=\"fa-solid fa-tag\" style=\"color: #fea93c;\"><\/i><span class=\"elementor-icon-list-text\">Asistencia personal de inicio a fin.<\/span><i class=\"fa-solid fa-check\" style=\"color: #3cfe42;\"><\/i><\/p>\n<\/div>\n<\/div>\n<div class=\"elementor-element elementor-element-d35e8bc elementor-widget elementor-widget-heading\" data-id=\"d35e8bc\" data-element_type=\"widget\" data-widget_type=\"heading.default\">\n<div class=\"elementor-widget-container\">\n<h3 class=\"elementor-heading-title elementor-size-default\"><span style=\"color: #ffcc00;\">Itinerario<\/span><\/h3>\n<\/div>\n<\/div>\n<div class=\"elementor-element elementor-element-b34e669 elementor-icon-list--layout-traditional elementor-list-item-link-full_width elementor-widget elementor-widget-icon-list\" data-id=\"b34e669\" data-element_type=\"widget\" data-widget_type=\"icon-list.default\">\n<div class=\"elementor-widget-container\">\n<p><i class=\"fa-solid fa-location-dot\" style=\"color: #fea93c;\"><\/i> <span style=\"color: #ffcc00;\"><strong>Inicio:\u00a0<\/strong><\/span> 07:00hrs Recojo desde su hotel o estaci\u00f3n de bus.<br \/>\n<i class=\"fa-solid fa-location-dot\" style=\"color: #fea93c;\"><\/i> <strong><span class=\"elementor-icon-list-text\"><span style=\"color: #ffcc00;\"> Final:<\/span> <\/span><\/strong><span class=\"elementor-icon-list-text\">18:00hrs en su hotel en Ica o estaci\u00f3n de buses.<\/span><\/p>\n<\/div>\n<\/div>\n<div class=\"elementor-element elementor-element-c2c9fb4 color-scheme-inherit text-left elementor-widget elementor-widget-text-editor\" data-id=\"c2c9fb4\" data-element_type=\"widget\" data-widget_type=\"text-editor.default\">\n<div class=\"elementor-widget-container\">\n<div class=\"elementor-text-editor elementor-clearfix\">\n<p><span style=\"color: #ffcc00;\"><strong>07:00 hrs (aproximadamente)<\/strong>\u00a0<\/span>Nuestro gu\u00eda tur\u00edstico recoger\u00e1 a nuestros pasajeros del hotel o de la estaci\u00f3n de bus en Ica, luego nos trasladaremos hacia la Ciudad de Nasca, la cu\u00e1l se encuentra a 02 horas al sur de Ica. Luego nos dirigiremos al\u00a0aer\u00f3dromo de Nasca.<\/p>\n<p><strong><span style=\"color: #ffcc00;\">10:30 hrs<\/span>\u00a0<\/strong>Una vez arribemos a las instalaciones en el aer\u00f3dromo, realizaremos el check in y luego reproduciremos un v\u00eddeo acerca de las\u00a0L\u00edneas de Nazca.<\/p>\n<p>En este documental en video tiene una duraci\u00f3n aproximada de 40 minutos, dando informaci\u00f3n destacada acerca de la\u00a0Cultura Nasca, tanto como de las figuras que usted observara desde el aire.<\/p>\n<p>Luego del v\u00eddeo, nuestro piloto brindara una descripci\u00f3n sobre \u00e9ste recorrido a\u00e9reo y posteriormente iniciaremos nuestro vuelo a las L\u00edneas Nazca.<\/p>\n<p>Una vez iniciado nuestro sobrevuelo, observaremos figuras como el colibr\u00ed, el mono, las manos, el \u00e1rbol, y otras figuras m\u00e1s.<\/p>\n<p>Continuando con nuestro vuelo, nos dirigiremos hacia la parte oeste de la pampa, en donde encontraremos unas de las figuras m\u00e1s bellas, el\u00a0colibr\u00ed, cuyas medidas son 96mts de largo por 66mts de\u00a0 ancho.<\/p>\n<p>Seg\u00fan la Dra.\u00a0Mar\u00eda Reiche, esta hermosa figura est\u00e1 asociada con el solsticio de verano, ya que el largo pico del ave est\u00e1 conectada a una l\u00ednea que apunta hacia la salida del sol cada a\u00f1o durante el solsticio de verano. Seguidamente podremos visualizar la figura de la ara\u00f1a, la cual se ubica al costado de un enorme rect\u00e1ngulo, la figura de la\u00a0ara\u00f1a\u00a0mide 46mts y fue la primera figura descubierta por Mar\u00eda Reiche en el a\u00f1o 1946.<\/p>\n<p>Algunos pocos metros m\u00e1s al sur se ubica la figura del\u00a0c\u00f3ndor, hermosa ave representada con sus dos alas en acci\u00f3n de vuelo, cuyas medidas son de 130mts de largo por 115mts de ancho.<\/p>\n<p>La siguiente figura se encuentra cerca al valle de Ingenio, se trata de la figura del\u00a0flamenco\u00a0o parihuana, la cual mide m\u00e1s de 300 metros de largo, es la figura m\u00e1s grande de todas las L\u00edneas de Nasca.<\/p>\n<p>Luego veremos la figura del\u00a0papagayo, gigantesco dise\u00f1o que muestra esta ave en forma delicada, mide aproximadamente 200mts de longitud.<\/p>\n<p>Finalmente sobrevolaremos por la carretera Panamericana, y aun lado de esta veremos dos agraciados dise\u00f1os,\u00a0la mano y el \u00e1rbol.<\/p>\n<p><span style=\"color: #ffcc00;\"><strong>12:00hrs<\/strong><\/span>\u00a0Luego del sobrevuelo, ofreceremos a nuestros pasajeros la opci\u00f3n de almorzar en la ciudad de Nasca, nos dirigiremos a un restaurante tur\u00edstico ubicado en el centro de Nasca.<\/p>\n<p><span style=\"color: #ffcc00;\"><strong>13:30 hrs<\/strong>\u00a0<\/span>Luego del almuerzo, retornaremos hacia la Ciudad de Ica la cu\u00e1l est\u00e1 a 02 horas aproximadas al norte de Nasca.<\/p>\n<p><strong><span style=\"color: #ffcc00;\">15:30 hrs<\/span>\u00a0<\/strong>Una vez arribemos a la ciudad de Ica, nos dirigiremos alOasis de Huacachina, la cual est\u00e1 ubicada a solo 8 minutos del centro de la ciudad. En esta popular laguna los visitantes podr\u00e1n disfrutar de la tranquilidad del lugar y caminar por los alrededores en busca de excelentes fotograf\u00edas.<\/p>\n<p><span style=\"color: #ffcc00;\"><strong>16:00 hrs\u00a0<\/strong><\/span>Continuaremos nuestro tour con el servicio de\u00a0Buggys, para ello deberemos escalar un peque\u00f1o m\u00e9dano de arena situado al lado de la laguna. Luego abordaremos nuestro Buggy y empezaremos la aventura final del d\u00eda.<\/p>\n<p>Las inmensas dunas que rodean el oasis permiten a los visitantes practicar uno de los deportes m\u00e1s populares de la zona, nos estamos refiriendo alSandboarding. Nuestro conductor\/gu\u00eda nos explicar\u00e1 como practicar este deporte sobre las dunas de arena.<\/p>\n<p><span style=\"color: #ffcc00;\"><strong>18:00<\/strong>\u00a0<strong>hrs<\/strong><\/span>\u00a0Finalmente, retornaremos al Oasis de Huacachina, abordaremos la unidad m\u00f3vil y nos trasladaremos hacia la ciudad de<strong>\u00a0Ica<\/strong>\u00a0donde finalizar\u00e1 el tour.<\/p>\n<\/div>\n<\/div>\n<\/div>\n<div class=\"elementor-element elementor-element-ddba68e elementor-widget elementor-widget-spacer\" data-id=\"ddba68e\" data-element_type=\"widget\" data-widget_type=\"spacer.default\">\n<div class=\"elementor-widget-container\">\n<div class=\"elementor-spacer\">\n<div class=\"elementor-spacer-inner\"><\/div>\n<\/div>\n<\/div>\n<\/div>\n<div class=\"elementor-element elementor-element-c64bd6e elementor-widget elementor-widget-heading\" data-id=\"c64bd6e\" data-element_type=\"widget\" data-widget_type=\"heading.default\">\n<div class=\"elementor-widget-container\">\n<h3 class=\"elementor-heading-title elementor-size-default\"><span style=\"color: #ff9900;\">Inclusiones<\/span><\/h3>\n<\/div>\n<\/div>\n<section class=\"wd-negative-gap elementor-section elementor-inner-section elementor-element elementor-element-83941b3 elementor-section-boxed elementor-section-height-default elementor-section-height-default wd-section-disabled\" data-id=\"83941b3\" data-element_type=\"section\" data-settings=\"{&quot;jet_parallax_layout_list&quot;:[]}\">\n<div class=\"elementor-container elementor-column-gap-default\">\n<div class=\"elementor-row\">\n<div class=\"elementor-column elementor-col-100 elementor-inner-column elementor-element elementor-element-6df0f45\" data-id=\"6df0f45\" data-element_type=\"column\">\n<div class=\"elementor-column-wrap elementor-element-populated\">\n<div class=\"elementor-widget-wrap\">\n<div class=\"elementor-element elementor-element-63c2a71 elementor-widget elementor-widget-heading\" data-id=\"63c2a71\" data-element_type=\"widget\" data-widget_type=\"heading.default\">\n<div class=\"elementor-widget-container\">\n<h4 class=\"elementor-heading-title elementor-size-default\"><span style=\"color: #ffcc00;\">Incluye:<\/span><\/h4>\n<\/div>\n<\/div>\n<div class=\"elementor-element elementor-element-0a12760 elementor-icon-list--layout-traditional elementor-list-item-link-full_width elementor-widget elementor-widget-icon-list\" data-id=\"0a12760\" data-element_type=\"widget\" data-widget_type=\"icon-list.default\">\n<div class=\"elementor-widget-container\">\n<p><i class=\"fa-solid fa-check\" style=\"color: #3cfe42;\"><\/i><span class=\"elementor-icon-list-text\">Recepci\u00f3n de los turistas en la estaci\u00f3n del bus o recojo del hotel en Ica<\/span><\/p>\n<p><i class=\"fa-solid fa-check\" style=\"color: #3cfe42;\"><\/i><span class=\"elementor-icon-list-text\">Movilidad grupal Ica\/Nasca\/Ica\/Huacachina<\/span><\/p>\n<p><i class=\"fa-solid fa-check\" style=\"color: #3cfe42;\"><\/i><span class=\"elementor-icon-list-text\">Sobrevuelo a las L\u00edneas de Nazca 30 a 35 minutos aproximadamente.<\/span><\/p>\n<p><i class=\"fa-solid fa-check\" style=\"color: #3cfe42;\"><\/i><span class=\"elementor-icon-list-text\">Transmisi\u00f3n de video informativo sobre las L\u00edneas de Nazca<\/span><\/p>\n<p><i class=\"fa-solid fa-check\" style=\"color: #3cfe42;\"><\/i><span class=\"elementor-icon-list-text\">Paseo en buggies tubulares y pr\u00e1ctica de sandboard en Huacachina<\/span><\/p>\n<p><i class=\"fa-solid fa-check\" style=\"color: #3cfe42;\"><\/i><span class=\"elementor-icon-list-text\">Entrega de certificado de Sobrevuelo a las L\u00edneas de Nazca<\/span><\/p>\n<p><i class=\"fa-solid fa-check\" style=\"color: #3cfe42;\"><\/i><span class=\"elementor-icon-list-text\">Guiado y asistencia permanente<\/span><\/p>\n<p><i class=\"fa-solid fa-check\" style=\"color: #3cfe42;\"><\/i><span class=\"elementor-icon-list-text\">Traslado de retorno a la estaci\u00f3n de bus o al hotel en Ica, al finalizar el tour<\/span><\/p>\n<\/div>\n<\/div>\n<div class=\"elementor-element elementor-element-f3f6977 elementor-widget elementor-widget-heading\" data-id=\"f3f6977\" data-element_type=\"widget\" data-widget_type=\"heading.default\">\n<div class=\"elementor-widget-container\">\n<h4 class=\"elementor-heading-title elementor-size-default\"><span style=\"color: #ffcc00;\">No incluye:<\/span><\/h4>\n<\/div>\n<\/div>\n<div class=\"elementor-element elementor-element-a05a562 elementor-icon-list--layout-traditional elementor-list-item-link-full_width elementor-widget elementor-widget-icon-list\" data-id=\"a05a562\" data-element_type=\"widget\" data-widget_type=\"icon-list.default\">\n<div class=\"elementor-widget-container\">\n<p><i class=\"fa-solid fa-xmark\" style=\"color: red;\"><\/i><span class=\"elementor-icon-list-text\">Impuesto Aeroportuario $10USD o S\/30.00 soles por persona<\/span><\/p>\n<p><i class=\"fa-solid fa-xmark\" style=\"color: red;\"><\/i><span class=\"elementor-icon-list-text\">Boleto tur\u00edstico L\u00edneas de Nasca S\/47.00 soles por persona<\/span><\/p>\n<p><i class=\"fa-solid fa-xmark\" style=\"color: red;\"><\/i><span class=\"elementor-icon-list-text\">Impuesto tur\u00edstico al desierto en Huacachina S\/3.60 soles por persona<\/span><\/p>\n<p><i class=\"fa-solid fa-xmark\" style=\"color: red;\"><\/i><span class=\"elementor-icon-list-text\">Hospedaje<\/span><\/p>\n<p>&lt;<i class=\"fa-solid fa-xmark\" style=\"color: red;\"><\/i><span class=\"elementor-icon-list-text\">Alimentaci\u00f3n<\/span><\/p>\n<p><i class=\"fa-solid fa-xmark\" style=\"color: red;\"><\/i><span class=\"elementor-icon-list-text\">Tickets de Bus Lima\/Ica o Ica\/Lima<\/span><\/p>\n<\/div>\n<\/div>\n<\/div>\n<\/div>\n<\/div>\n<\/div>\n<\/div>\n<\/section>\n<div class=\"elementor-element elementor-element-40e8142 elementor-widget elementor-widget-spacer\" data-id=\"40e8142\" data-element_type=\"widget\" data-widget_type=\"spacer.default\">\n<div class=\"elementor-widget-container\"><\/div>\n<\/div>\n<div class=\"elementor-element elementor-element-beb60eb elementor-widget elementor-widget-heading\" data-id=\"beb60eb\" data-element_type=\"widget\" data-widget_type=\"heading.default\">\n<div class=\"elementor-widget-container\">\n<h3 class=\"elementor-heading-title elementor-size-default\"><span style=\"color: #ff9900;\">Recomendaciones<\/span><\/h3>\n<\/div>\n<\/div>\n<div class=\"elementor-element elementor-element-a5da02b color-scheme-inherit text-left elementor-widget elementor-widget-text-editor\" data-id=\"a5da02b\" data-element_type=\"widget\" data-widget_type=\"text-editor.default\">\n<div class=\"elementor-widget-container\">\n<div class=\"elementor-text-editor elementor-clearfix\">\n<p>Sombrero, gafas de sol y bloqueador.<\/p>\n<p>Traer siempre consigo un poco de dinero extra en efectivo, en algunos lugares no hay cobertura y no hay uso de POS para tarjetas.<\/p>\n<p>Indicar si retorna a la ciudad de Ica o se queda en Huacachina.<\/p>\n<\/div>\n<\/div>\n<\/div>\n","protected":false},"excerpt":{"rendered":"<p>En Ica contamos con <span style=\"color: #ff9900;\">las maravillosas\u00a0<\/span><strong><span style=\"color: #ff9900;\">L\u00edneas de Nazca<\/span>,\u00a0<\/strong>las cuales son un lugar \u00fanico en el mundo, lleno de misterio y misticismo, trazos maravillosos de inmensas figuras y l\u00edneas, de espectacular perfecci\u00f3n. <span style=\"color: #ff9900;\">El <strong>Oasis de Huacachina<\/strong><\/span>, goza de un bello atractivo natural en busca de excelentes fotos y experimenta el recorrido en los carros areneros conocidos tambi\u00e9n como\u00a0<strong>Buggys<\/strong>, tambi\u00e9n podr\u00e1s experimentar unos de los deportes m\u00e1s populares de los \u00faltimos tiempos, llamado\u00a0<strong>Sandboarding o Tabla sobre Arena<\/strong>.<\/p>\n","protected":false},"featured_media":408,"comment_status":"open","ping_status":"closed","template":"","meta":{"site-sidebar-layout":"default","site-content-layout":"default","ast-global-header-display":"","ast-main-header-display":"","ast-hfb-above-header-display":"","ast-hfb-below-header-display":"","ast-hfb-mobile-header-display":"","site-post-title":"","ast-breadcrumbs-content":"","ast-featured-img":"","footer-sml-layout":"","theme-transparent-header-meta":"default","adv-header-id-meta":"","stick-header-meta":"","header-above-stick-meta":"","header-main-stick-meta":"","header-below-stick-meta":"","_joinchat":[]},"product_cat":[25,27],"product_tag":[],"_links":{"self":[{"href":"https:\/\/orlandoexpeditionperu.com\/index.php\/wp-json\/wp\/v2\/product\/187"}],"collection":[{"href":"https:\/\/orlandoexpeditionperu.com\/index.php\/wp-json\/wp\/v2\/product"}],"about":[{"href":"https:\/\/orlandoexpeditionperu.com\/index.php\/wp-json\/wp\/v2\/types\/product"}],"replies":[{"embeddable":true,"href":"https:\/\/orlandoexpeditionperu.com\/index.php\/wp-json\/wp\/v2\/comments?post=187"}],"wp:featuredmedia":[{"embeddable":true,"href":"https:\/\/orlandoexpeditionperu.com\/index.php\/wp-json\/wp\/v2\/media\/408"}],"wp:attachment":[{"href":"https:\/\/orlandoexpeditionperu.com\/index.php\/wp-json\/wp\/v2\/media?parent=187"}],"wp:term":[{"taxonomy":"product_cat","embeddable":true,"href":"https:\/\/orlandoexpeditionperu.com\/index.php\/wp-json\/wp\/v2\/product_cat?post=187"},{"taxonomy":"product_tag","embeddable":true,"href":"https:\/\/orlandoexpeditionperu.com\/index.php\/wp-json\/wp\/v2\/product_tag?post=187"}],"curies":[{"name":"wp","href":"https:\/\/api.w.org\/{rel}","templated":true}]}}