{"id":193,"date":"2023-02-18T00:09:22","date_gmt":"2023-02-18T00:09:22","guid":{"rendered":"https:\/\/orlandoexpeditionperu.com\/?post_type=product&#038;p=193"},"modified":"2023-03-04T14:40:08","modified_gmt":"2023-03-04T14:40:08","slug":"tour-arqueologico-palpa-full-day","status":"publish","type":"product","link":"https:\/\/orlandoexpeditionperu.com\/index.php\/producto\/tour-arqueologico-palpa-full-day\/","title":{"rendered":"TOUR ARQUEOLOGICO PALPA &#8211; FULL DAY"},"content":{"rendered":"<div class=\"elementor-element elementor-element-81d71d2 elementor-widget elementor-widget-heading\" data-id=\"81d71d2\" data-element_type=\"widget\" data-widget_type=\"heading.default\">\n<div class=\"elementor-widget-container\">\n<h2 class=\"elementor-heading-title elementor-size-default\"><span style=\"color: #ff9900;\">Tour Arqueol\u00f3gico Palpa &#8211; Full day<\/span><\/h2>\n<\/div>\n<\/div>\n<div class=\"elementor-element elementor-element-afafef3 elementor-widget elementor-widget-heading\" data-id=\"afafef3\" data-element_type=\"widget\" data-widget_type=\"heading.default\">\n<div class=\"elementor-widget-container\">\n<h3 class=\"elementor-heading-title elementor-size-default\"><span style=\"color: #ffcc00;\">Lo m\u00e1s destacado<\/span><\/h3>\n<\/div>\n<\/div>\n<div class=\"elementor-element elementor-element-caa875a elementor-icon-list--layout-traditional elementor-list-item-link-full_width elementor-widget elementor-widget-icon-list\" data-id=\"caa875a\" data-element_type=\"widget\" data-widget_type=\"icon-list.default\">\n<div class=\"elementor-widget-container\">\n<p><i class=\"fa-solid fa-tag\" style=\"color: #fea93c;\"><\/i><span class=\"elementor-icon-list-text\">Servicios en movilidad privada.<\/span><\/p>\n<p><i class=\"fa-solid fa-tag\" style=\"color: #fea93c;\"><\/i><span class=\"elementor-icon-list-text\">Protocolos de bioseguridad.<\/span><\/p>\n<p><i class=\"fa-solid fa-tag\" style=\"color: #fea93c;\"><\/i><span class=\"elementor-icon-list-text\">Se requiere m\u00ednimo 02 participantes<\/span><\/p>\n<p><i class=\"fa-solid fa-tag\" style=\"color: #fea93c;\"><\/i><span class=\"elementor-icon-list-text\">Asistencia personal de inicio a fin.<\/span><\/p>\n<\/div>\n<\/div>\n<div class=\"elementor-element elementor-element-e2ee425 elementor-widget elementor-widget-heading\" data-id=\"e2ee425\" data-element_type=\"widget\" data-widget_type=\"heading.default\">\n<div class=\"elementor-widget-container\">\n<h3 class=\"elementor-heading-title elementor-size-default\"><span style=\"color: #ffcc00;\">Itinerario<\/span><\/h3>\n<\/div>\n<\/div>\n<div class=\"elementor-element elementor-element-791feb3 elementor-icon-list--layout-traditional elementor-list-item-link-full_width elementor-widget elementor-widget-icon-list\" data-id=\"791feb3\" data-element_type=\"widget\" data-widget_type=\"icon-list.default\">\n<div class=\"elementor-widget-container\">\n<p><i class=\"fa-solid fa-location-dot\" style=\"color: #fea93c;\"><\/i> <span style=\"color: #ffcc00;\"><strong>Inicio:\u00a0<\/strong><\/span>06:30 Recojo desde su hotel o estaci\u00f3n de bus.<\/p>\n<p><i class=\"fa-solid fa-location-dot\" style=\"color: #fea93c;\"><\/i> <strong><span class=\"elementor-icon-list-text\"><span style=\"color: #ffcc00;\"> Final:<\/span> <\/span><\/strong><span class=\"elementor-icon-list-text\">17:00 hrs en su hotel en Ica o estaci\u00f3n de bus.<\/span><\/p>\n<\/div>\n<\/div>\n<div class=\"elementor-element elementor-element-1591b31 color-scheme-inherit text-left elementor-widget elementor-widget-text-editor\" data-id=\"1591b31\" data-element_type=\"widget\" data-widget_type=\"text-editor.default\">\n<div class=\"elementor-widget-container\">\n<div class=\"elementor-text-editor elementor-clearfix\">\n<p><span style=\"color: #ffcc00;\"><strong>7:00\u00a0am<\/strong><\/span> Recojo de nuestros pasajeros desde la comodidad de su hotel en\u00a0<a href=\"https:\/\/samtravelexperiences.com\/tours-ica\/\">Ica<\/a>\u00a0para dirigirnos al sur con destino a la ciudad de Palpa.<\/p>\n<p>En trayecto haremos unas paradas para ir conociendo los sitios tur\u00edsticos. Empezaremos con la visita a \u201cLa Cara del Inca\u201d, la cual es una misteriosa formaci\u00f3n rocosa que da forma a un rostro humano y que los lugare\u00f1os lo relacionan con la cara de un Inca.<\/p>\n<p>Mas adelante nos adentramos a un pueblo llamado Santa Cruz, nos introduciremos al desierto y visitaremos el famoso \u201cHuarango Milenario\u201d, seg\u00fan estudios realizados a este longevo \u00e1rbol, se le determin\u00f3 que tiene m\u00e1s de 1000 a\u00f1os de antig\u00fcedad y que sigue vivo a pesar que no lo riegan y est\u00e1 sobre una de las zonas m\u00e1s \u00e1ridas del planeta. Luego nos adentraremos m\u00e1s al desierto para conocer la enigm\u00e1tica \u201cCiudad Perdida de Huayur\u00ed\u201d.<\/p>\n<p>Tendremos que dejar la movilidad y caminar medio kil\u00f3metro, tendremos que cruzar algunos cerros de piedra para poder encontrar esta ciudad oculta. Estos restos arqueol\u00f3gicos est\u00e1n escondidos y rodeados por colinas altas de piedra y perteneci\u00f3 a la cultura Ica \u2013 Chincha durante los a\u00f1os 1000 DC a 1475 DC. Al parecer su uso fue dom\u00e9stico y habr\u00eda albergado una poblaci\u00f3n de 5000 habitantes. Podremos apreciar que la ciudadela se encuentra sumergida bajo tierra y apenas se pueden apreciar algunas paredes y puertas hechas en barro.<\/p>\n<p>Luego visitaremos la asombrosa laguna natural llamada \u201cManantial La M\u00e1quina\u201d, que se encuentra dentro del fundo santo Domingo, ubicado a 2 km. de la cuidad Palpa.<\/p>\n<p>Aqu\u00ed se puede no solo disfrutar del paisaje sino tambi\u00e9n nadar en la laguna de refrescante y tranquilizantes aguas cristalinas que emanan del sub suelo de manera natural.<\/p>\n<p>Despu\u00e9s volveremos a la movilidad y continuaremos nuestro tour hac\u00eda el \u201cMirador de Llipata\u201d para observar los geoglifos conocidos como \u201cLa Familia Real Paracas\u201d. Se trata de un grupo de dibujos que tiene la apariencia de una familia real junto a sus subordinados. Se cree que estos geoglifos fueron creados durante la migraci\u00f3n de la cultura Paracas hacia lo que hoy conocemos como Nasca.<\/p>\n<p>Nos trasladaremos al centro poblado de Palpa, conoceremos su plaza principal y tendremos un momento de relax para realizar algunas fotograf\u00edas.<\/p>\n<p>En los alrededores de la plaza se encuentra el Museo de Palpa. Si en caso se encontrase habilitado el mismo d\u00eda del tour, procederemos a visitarlo. En su interior podremos ver cer\u00e1micas, instrumentos musicales, trozos de mantos, cr\u00e1neos deformados, trepanados y muchas cosas m\u00e1s.<\/p>\n<p>Conduciremos 10 km al este de la ciudad de Palpa, dejaremos la movilidad y empezaremos a escalar monta\u00f1as de piedras, para m\u00e1s adelante conocer los famosos \u201cPetroglifos de Chichictara\u201d, los cuales son grabaciones sobre piedras que representan figuras de guerreros, felinos, aves, serpientes, monos y otros, seg\u00fan estudios realizados habr\u00edan pertenecido a la cultura paracas con m\u00e1s de 2000 a\u00f1os de antig\u00fcedad.<\/p>\n<p>Retornaremos a la movilidad y nos trasladaremos a la ciudad de\u00a0<a href=\"https:\/\/samtravelexperiences.com\/tours-ica\/\">Ica<\/a> para culminar el servicio.<\/p>\n<\/div>\n<\/div>\n<\/div>\n<div class=\"elementor-element elementor-element-c768091 elementor-widget elementor-widget-heading\" data-id=\"c768091\" data-element_type=\"widget\" data-widget_type=\"heading.default\">\n<div class=\"elementor-widget-container\">\n<h3 class=\"elementor-heading-title elementor-size-default\"><span style=\"color: #ff9900;\">Inclusiones<\/span><\/h3>\n<\/div>\n<\/div>\n<section class=\"wd-negative-gap elementor-section elementor-inner-section elementor-element elementor-element-ac3ec9b elementor-section-boxed elementor-section-height-default elementor-section-height-default wd-section-disabled\" data-id=\"ac3ec9b\" data-element_type=\"section\" data-settings=\"{&quot;jet_parallax_layout_list&quot;:[]}\">\n<div class=\"elementor-container elementor-column-gap-default\">\n<div class=\"elementor-row\">\n<div class=\"elementor-column elementor-col-50 elementor-inner-column elementor-element elementor-element-fcaa2d2\" data-id=\"fcaa2d2\" data-element_type=\"column\">\n<div class=\"elementor-column-wrap elementor-element-populated\">\n<div class=\"elementor-widget-wrap\">\n<div class=\"elementor-element elementor-element-bfd81dd elementor-widget elementor-widget-heading\" data-id=\"bfd81dd\" data-element_type=\"widget\" data-widget_type=\"heading.default\">\n<div class=\"elementor-widget-container\">\n<h4 class=\"elementor-heading-title elementor-size-default\"><span style=\"color: #ffcc00;\">Incluye:<\/span><\/h4>\n<\/div>\n<\/div>\n<div class=\"elementor-element elementor-element-4695020 elementor-icon-list--layout-traditional elementor-list-item-link-full_width elementor-widget elementor-widget-icon-list\" data-id=\"4695020\" data-element_type=\"widget\" data-widget_type=\"icon-list.default\">\n<div class=\"elementor-widget-container\">\n<p><i class=\"fa-solid fa-check\" style=\"color: #3cfe42;\"><\/i><span class=\"elementor-icon-list-text\">Recepci\u00f3n de los turistas en la estaci\u00f3n del bus o recojo del hotel en Ica<\/span><\/p>\n<p><i class=\"fa-solid fa-check\" style=\"color: #3cfe42;\"><\/i><span class=\"elementor-icon-list-text\">Movilidad Privada Ica\/Palpa\/Ica<\/span><\/p>\n<p><i class=\"fa-solid fa-check\" style=\"color: #3cfe42;\"><\/i><span class=\"elementor-icon-list-text\">Visita a la formaci\u00f3n rocosa \u201cLa Cara del Inca\u201d<\/span><\/p>\n<p><i class=\"fa-solid fa-check\" style=\"color: #3cfe42;\"><\/i><span class=\"elementor-icon-list-text\">Visita al Huarango Milenario<\/span><\/p>\n<p><i class=\"fa-solid fa-check\" style=\"color: #3cfe42;\"><\/i><span class=\"elementor-icon-list-text\">Visita a la Ciudad Perdida de Huayur\u00ed.<\/span><\/p>\n<p><i class=\"fa-solid fa-check\" style=\"color: #3cfe42;\"><\/i><span class=\"elementor-icon-list-text\">Visita a la Laguna Manantial La M\u00e1quina<\/span><\/p>\n<p><i class=\"fa-solid fa-check\" style=\"color: #3cfe42;\"><\/i><span class=\"elementor-icon-list-text\">Visita al Mirador Met\u00e1lico de Llipata<\/span><\/p>\n<p><i class=\"fa-solid fa-check\" style=\"color: #3cfe42;\"><\/i><span class=\"elementor-icon-list-text\">Visita a la Plaza Central de Palpa<\/span><\/p>\n<p><i class=\"fa-solid fa-check\" style=\"color: #3cfe42;\"><\/i><span class=\"elementor-icon-list-text\">Visita a los Petroglifos de Chichictara<\/span><\/p>\n<p><i class=\"fa-solid fa-check\" style=\"color: #3cfe42;\"><\/i><span class=\"elementor-icon-list-text\">Gu\u00eda profesional acreditado<\/span><\/p>\n<p><i class=\"fa-solid fa-check\" style=\"color: #3cfe42;\"><\/i><span class=\"elementor-icon-list-text\">Entradas e impuestos<\/span><\/p>\n<\/div>\n<\/div>\n<\/div>\n<\/div>\n<\/div>\n<div class=\"elementor-column elementor-col-50 elementor-inner-column elementor-element elementor-element-0d6559e\" data-id=\"0d6559e\" data-element_type=\"column\">\n<div class=\"elementor-column-wrap elementor-element-populated\">\n<div class=\"elementor-widget-wrap\">\n<div class=\"elementor-element elementor-element-3529baf elementor-widget elementor-widget-heading\" data-id=\"3529baf\" data-element_type=\"widget\" data-widget_type=\"heading.default\">\n<div class=\"elementor-widget-container\">\n<h4 class=\"elementor-heading-title elementor-size-default\"><span style=\"color: #ffcc00;\">No incluye:<\/span><\/h4>\n<\/div>\n<\/div>\n<div class=\"elementor-element elementor-element-e59139b elementor-icon-list--layout-traditional elementor-list-item-link-full_width elementor-widget elementor-widget-icon-list\" data-id=\"e59139b\" data-element_type=\"widget\" data-widget_type=\"icon-list.default\">\n<div class=\"elementor-widget-container\">\n<p><i class=\"fa-solid fa-xmark\" style=\"color: red;\"><\/i> Tickets de Bus Lima\/Ica o Ica\/Lima.<\/p>\n<p><i class=\"fa-solid fa-xmark\" style=\"color: red;\"><\/i> Hospedaje.<\/p>\n<p><i class=\"fa-solid fa-xmark\" style=\"color: red;\"><\/i> Alimentaci\u00f3n.<\/p>\n<\/div>\n<\/div>\n<\/div>\n<\/div>\n<\/div>\n<\/div>\n<\/div>\n<\/section>\n<div class=\"elementor-element elementor-element-89a7c6b elementor-widget elementor-widget-spacer\" data-id=\"89a7c6b\" data-element_type=\"widget\" data-widget_type=\"spacer.default\">\n<div class=\"elementor-widget-container\"><\/div>\n<\/div>\n<div class=\"elementor-element elementor-element-046396d elementor-widget elementor-widget-heading\" data-id=\"046396d\" data-element_type=\"widget\" data-widget_type=\"heading.default\">\n<div class=\"elementor-widget-container\">\n<h3 class=\"elementor-heading-title elementor-size-default\"><span style=\"color: #ff9900;\">Recomendaciones<\/span><\/h3>\n<\/div>\n<\/div>\n<div class=\"elementor-element elementor-element-a867f64 color-scheme-inherit text-left elementor-widget elementor-widget-text-editor\" data-id=\"a867f64\" data-element_type=\"widget\" data-widget_type=\"text-editor.default\">\n<div class=\"elementor-widget-container\">\n<div class=\"elementor-text-editor elementor-clearfix\">\n<p>Sombrero, gafas de sol y bloqueador.<\/p>\n<p>Traer siempre consigo un poco de dinero extra en efectivo, en algunos lugares no hay cobertura y no hay uso de POS para tarjetas.<\/p>\n<p>Indicar si retorna a la ciudad de Ica o Palpa.<\/p>\n<\/div>\n<\/div>\n<\/div>\n","protected":false},"excerpt":{"rendered":"<p>Palpa esta ubicada a 01 hora al sur de Ica. Se encuentra en el km 391 de la Panamericana Sur. <span style=\"color: #ff9900;\">Se le conoce como la tierra de las Naranjas, debido a que es su principal fruto bandera. En estas tierras existen profundas quebradas y estrechos valles.<\/span><\/p>\n<p>Su r\u00edo principal es Rio Grande, a la vez el m\u00e1s caudaloso. La principal actividad econ\u00f3mica es la Agricultura, donde se cultivan: algod\u00f3n, naranjas, mangos, esp\u00e1rragos, tunas, sand\u00eda, etc.<\/p>\n","protected":false},"featured_media":195,"comment_status":"open","ping_status":"closed","template":"","meta":{"site-sidebar-layout":"default","site-content-layout":"default","ast-global-header-display":"","ast-main-header-display":"","ast-hfb-above-header-display":"","ast-hfb-below-header-display":"","ast-hfb-mobile-header-display":"","site-post-title":"","ast-breadcrumbs-content":"","ast-featured-img":"","footer-sml-layout":"","theme-transparent-header-meta":"default","adv-header-id-meta":"","stick-header-meta":"","header-above-stick-meta":"","header-main-stick-meta":"","header-below-stick-meta":"","_joinchat":[]},"product_cat":[32],"product_tag":[],"_links":{"self":[{"href":"https:\/\/orlandoexpeditionperu.com\/index.php\/wp-json\/wp\/v2\/product\/193"}],"collection":[{"href":"https:\/\/orlandoexpeditionperu.com\/index.php\/wp-json\/wp\/v2\/product"}],"about":[{"href":"https:\/\/orlandoexpeditionperu.com\/index.php\/wp-json\/wp\/v2\/types\/product"}],"replies":[{"embeddable":true,"href":"https:\/\/orlandoexpeditionperu.com\/index.php\/wp-json\/wp\/v2\/comments?post=193"}],"wp:featuredmedia":[{"embeddable":true,"href":"https:\/\/orlandoexpeditionperu.com\/index.php\/wp-json\/wp\/v2\/media\/195"}],"wp:attachment":[{"href":"https:\/\/orlandoexpeditionperu.com\/index.php\/wp-json\/wp\/v2\/media?parent=193"}],"wp:term":[{"taxonomy":"product_cat","embeddable":true,"href":"https:\/\/orlandoexpeditionperu.com\/index.php\/wp-json\/wp\/v2\/product_cat?post=193"},{"taxonomy":"product_tag","embeddable":true,"href":"https:\/\/orlandoexpeditionperu.com\/index.php\/wp-json\/wp\/v2\/product_tag?post=193"}],"curies":[{"name":"wp","href":"https:\/\/api.w.org\/{rel}","templated":true}]}}