{"id":203,"date":"2023-02-18T00:45:20","date_gmt":"2023-02-18T00:45:20","guid":{"rendered":"https:\/\/orlandoexpeditionperu.com\/?post_type=product&#038;p=203"},"modified":"2023-03-04T14:25:08","modified_gmt":"2023-03-04T14:25:08","slug":"city-tour-ica","status":"publish","type":"product","link":"https:\/\/orlandoexpeditionperu.com\/index.php\/producto\/city-tour-ica\/","title":{"rendered":"CITY TOUR ICA"},"content":{"rendered":"<div class=\"elementor-element elementor-element-d794663 elementor-widget elementor-widget-heading\" data-id=\"d794663\" data-element_type=\"widget\" data-widget_type=\"heading.default\">\n<div class=\"elementor-widget-container\">\n<h2 class=\"elementor-heading-title elementor-size-default\"><span style=\"color: #ff9900;\">City Tour Ica<\/span><\/h2>\n<\/div>\n<\/div>\n<div class=\"elementor-element elementor-element-36c33f5 elementor-widget elementor-widget-heading\" data-id=\"36c33f5\" data-element_type=\"widget\" data-widget_type=\"heading.default\">\n<div class=\"elementor-widget-container\">\n<h3 class=\"elementor-heading-title elementor-size-default\"><span style=\"color: #ffcc00;\">Lo m\u00e1s destacado<\/span><\/h3>\n<\/div>\n<\/div>\n<div class=\"elementor-element elementor-element-4259907 elementor-icon-list--layout-traditional elementor-list-item-link-full_width elementor-widget elementor-widget-icon-list\" data-id=\"4259907\" data-element_type=\"widget\" data-widget_type=\"icon-list.default\">\n<div class=\"elementor-widget-container\">\n<p><i class=\"fa-solid fa-tag\" style=\"color: #fea93c;\"><\/i><span class=\"elementor-icon-list-text\">Servicios en movilidad Privada con Protocolos de Bioseguridad.<\/span><\/p>\n<p><i class=\"fa-solid fa-tag\" style=\"color: #fea93c;\"><\/i><span class=\"elementor-icon-list-text\">Grupo de viaje con m\u00e1ximo 08 personas.<\/span><\/p>\n<p><i class=\"fa-solid fa-tag\" style=\"color: #fea93c;\"><\/i><span class=\"elementor-icon-list-text\">Asistencia personal de inicio a fin.<\/span><\/p>\n<p><i class=\"fa-solid fa-tag\" style=\"color: #fea93c;\"><\/i><span class=\"elementor-icon-list-text\">Somos Tour Operador local registrado en Mincetur.<\/span><\/p>\n<\/div>\n<\/div>\n<div class=\"elementor-element elementor-element-7b787c1 elementor-widget elementor-widget-spacer\" data-id=\"7b787c1\" data-element_type=\"widget\" data-widget_type=\"spacer.default\">\n<div class=\"elementor-widget-container\"><\/div>\n<\/div>\n<div class=\"elementor-element elementor-element-09d4566 elementor-widget elementor-widget-heading\" data-id=\"09d4566\" data-element_type=\"widget\" data-widget_type=\"heading.default\">\n<div class=\"elementor-widget-container\">\n<h3 class=\"elementor-heading-title elementor-size-default\"><span style=\"color: #ffcc00;\">Itinerario<\/span><\/h3>\n<\/div>\n<\/div>\n<div class=\"elementor-element elementor-element-3e5f1c9 elementor-icon-list--layout-traditional elementor-list-item-link-full_width elementor-widget elementor-widget-icon-list\" data-id=\"3e5f1c9\" data-element_type=\"widget\" data-widget_type=\"icon-list.default\">\n<div class=\"elementor-widget-container\">\n<p><i class=\"fa-solid fa-location-dot\" style=\"color: #fea93c;\"><\/i> <span style=\"color: #ffcc00;\"><strong>Inicio:\u00a0<\/strong><\/span>Recojo desde su hotel o estaci\u00f3n de bus.<\/p>\n<p><i class=\"fa-solid fa-location-dot\" style=\"color: #fea93c;\"><\/i> <strong><span class=\"elementor-icon-list-text\"><span style=\"color: #ffcc00;\"> Final:<\/span> <\/span><\/strong><span class=\"elementor-icon-list-text\">Traslado a su hotel en Ica o estaci\u00f3n de bus.<\/span><\/p>\n<\/div>\n<\/div>\n<div class=\"elementor-element elementor-element-b9d1d71 color-scheme-inherit text-left elementor-widget elementor-widget-text-editor\" data-id=\"b9d1d71\" data-element_type=\"widget\" data-widget_type=\"text-editor.default\">\n<div class=\"elementor-widget-container\">\n<div class=\"elementor-text-editor elementor-clearfix\">\n<p><span style=\"color: #ffcc00;\"><strong>11:00hrs<\/strong>.<\/span> Nuestros pasajeros son recogidos desde su hotel o terminal de bus en la ciudad de Ica.<\/p>\n<p>Visitaremos de forma panor\u00e1mica la\u00a0Plaza\u00a0Mayor de Ica, seguidamente conoceremos el templo mas antiguo de Ica llamado \u00abLuren\u00ab.<\/p>\n<p>Seguidamente nos dirigiremos hacia una dulcer\u00eda llama \u201cMargarito\u201d; la cual nos ofrece una degustaci\u00f3n de galletas t\u00edpicas de Ica conocidas como \u00abPaciencias, Revoluciones, Rosquitas y Besitos\u00bb, todas ellas elaboradas en base al\u00a0Pisco.<\/p>\n<p>Continuando con el tour nos dirigiremos al pueblo de\u00a0Cachiche, donde se cuentan historias y leyendas de antiguas Brujas, aqu\u00ed observaremos un parque moderno con distintos tem\u00e1ticas relacionados con la brujer\u00eda y hechicer\u00eda, tambi\u00e9n encontraremos un monumento elaborado en honor a una de las brujas m\u00e1s famosas de Ica conocida como La Bruja de los Corazones \u00abJulia\u00a0Hern\u00e1ndez\u00ab.<\/p>\n<p>Mas adelante nos acercaremos hacia una Palmera con una malformaci\u00f3n gen\u00e9tica la cual esconde muchos misterios , esta se le conoce como la\u00a0Palmera de 7 Cabezas.<\/p>\n<p>Luego nos movilizaremos hacia el norte de Ica para poder visitar la Bodega Artesanal llamada \u00abEl Catador\u00bb en donde se elabora la bebida bandera del Per\u00fa llamado\u00a0Pisco.<\/p>\n<p>En este lugar nuestro gu\u00eda local nos llevara a dar un recorrido por las instalaciones de la bodega y explicar\u00e1 sobre la tradicional t\u00e9cnica de elaborar\u00a0Pisco y Vino.<\/p>\n<p>Nuestros pasajeros podr\u00e1n degustar las diferentes variedades de\u00a0Pisco, Vino, Cachina, Cremas de Pisco\u00a0y otros productos que nos ofrece este acogedor lugar, y si lo desean tambi\u00e9n podr\u00e1n adquirir cualquier producto. A la vez podr\u00e1n encontrar una tienda surtida de productos t\u00edpicos de Ica, entre ellas el dulce llamado \u00abChocoteja\u00ab.<\/p>\n<p>Tambi\u00e9n se les ofrecer\u00e1 un tiempo libre para que nuestros pasajeros puedan almorzar en el restaurante de la Bodega. Se les ofrecer\u00e1 platos t\u00edpicos de la zona como:\u00a0Arroz con Pato, Carapulcra con Sopa Seca, Seco de Pallares, Ceviche,\u00a0etc.<\/p>\n<p>Luego nos dirigiremos al\u00a0Oasis de Huacachina, la cual est\u00e1 ubicada a solo 8 minutos del centro de la ciudad. En esta popular laguna los visitantes podr\u00e1n disfrutar de la tranquilidad del lugar y caminar por los alrededores en busca de excelentes fotograf\u00edas.<\/p>\n<p><span style=\"color: #ffcc00;\"><strong>15:30hrs aprox.<\/strong>\u00a0<\/span>Finalmente, nuestros pasajeros son trasladados en su respectivo hotel o la estaci\u00f3n de bus en\u00a0Ica.<\/p>\n<\/div>\n<\/div>\n<\/div>\n<div class=\"elementor-element elementor-element-b72add8 elementor-widget elementor-widget-heading\" data-id=\"b72add8\" data-element_type=\"widget\" data-widget_type=\"heading.default\">\n<div class=\"elementor-widget-container\">\n<h3 class=\"elementor-heading-title elementor-size-default\"><span style=\"color: #ff9900;\">Inclusiones<\/span><\/h3>\n<\/div>\n<\/div>\n<section class=\"wd-negative-gap elementor-section elementor-inner-section elementor-element elementor-element-5d79103 elementor-section-boxed elementor-section-height-default elementor-section-height-default wd-section-disabled\" data-id=\"5d79103\" data-element_type=\"section\" data-settings=\"{&quot;jet_parallax_layout_list&quot;:[]}\">\n<div class=\"elementor-container elementor-column-gap-default\">\n<div class=\"elementor-row\">\n<div class=\"elementor-column elementor-col-100 elementor-inner-column elementor-element elementor-element-f9c2902\" data-id=\"f9c2902\" data-element_type=\"column\">\n<div class=\"elementor-column-wrap elementor-element-populated\">\n<div class=\"elementor-widget-wrap\">\n<div class=\"elementor-element elementor-element-0699454 elementor-widget elementor-widget-heading\" data-id=\"0699454\" data-element_type=\"widget\" data-widget_type=\"heading.default\">\n<div class=\"elementor-widget-container\">\n<h4 class=\"elementor-heading-title elementor-size-default\"><span style=\"color: #ffcc00;\">Incluye:<\/span><\/h4>\n<\/div>\n<\/div>\n<div class=\"elementor-element elementor-element-e4760e3 elementor-icon-list--layout-traditional elementor-list-item-link-full_width elementor-widget elementor-widget-icon-list\" data-id=\"e4760e3\" data-element_type=\"widget\" data-widget_type=\"icon-list.default\">\n<div class=\"elementor-widget-container\">\n<p><i class=\"fa-solid fa-check\" style=\"color: #3cfe42;\"><\/i> <span class=\"elementor-icon-list-text\">Recepci\u00f3n de los turistas en la estaci\u00f3n del bus o recojo del hotel.<\/span><\/p>\n<p><i class=\"fa-solid fa-check\" style=\"color: #3cfe42;\"><\/i><span class=\"elementor-icon-list-text\">Movilidad para visitar los puntos descritos en el itinerario<\/span><\/p>\n<p><i class=\"fa-solid fa-check\" style=\"color: #3cfe42;\"><\/i><span class=\"elementor-icon-list-text\">Tasa municipal<\/span><\/p>\n<p><i class=\"fa-solid fa-check\" style=\"color: #3cfe42;\"><\/i><span class=\"elementor-icon-list-text\">Gu\u00eda profesional acreditado<\/span><\/p>\n<p><i class=\"fa-solid fa-check\" style=\"color: #3cfe42;\"><\/i><span class=\"elementor-icon-list-text\">Traslado a la estaci\u00f3n del bus o al hotel, al finalizar el tour<\/span><\/p>\n<\/div>\n<\/div>\n<div class=\"elementor-element elementor-element-5e1589a elementor-widget elementor-widget-heading\" data-id=\"5e1589a\" data-element_type=\"widget\" data-widget_type=\"heading.default\">\n<div class=\"elementor-widget-container\">\n<h4 class=\"elementor-heading-title elementor-size-default\"><span style=\"color: #ffcc00;\">No incluye:<\/span><\/h4>\n<\/div>\n<\/div>\n<div class=\"elementor-element elementor-element-a7278b2 elementor-icon-list--layout-traditional elementor-list-item-link-full_width elementor-widget elementor-widget-icon-list\" data-id=\"a7278b2\" data-element_type=\"widget\" data-widget_type=\"icon-list.default\">\n<div class=\"elementor-widget-container\">\n<p><i class=\"fa-solid fa-xmark\" style=\"color: red;\"><\/i> Tickets de Bus Lima\/Ica o Ica\/Lima.<\/p>\n<p><i class=\"fa-solid fa-xmark\" style=\"color: red;\"><\/i> Hospedaje.<\/p>\n<p><i class=\"fa-solid fa-xmark\" style=\"color: red;\"><\/i> Alimentaci\u00f3n.<\/p>\n<\/div>\n<\/div>\n<\/div>\n<\/div>\n<\/div>\n<\/div>\n<\/div>\n<\/section>\n<div class=\"elementor-element elementor-element-8f451ae elementor-widget elementor-widget-spacer\" data-id=\"8f451ae\" data-element_type=\"widget\" data-widget_type=\"spacer.default\">\n<div class=\"elementor-widget-container\"><\/div>\n<\/div>\n<div class=\"elementor-element elementor-element-c1cfabd elementor-widget elementor-widget-heading\" data-id=\"c1cfabd\" data-element_type=\"widget\" data-widget_type=\"heading.default\">\n<div class=\"elementor-widget-container\">\n<h3 class=\"elementor-heading-title elementor-size-default\"><span style=\"color: #ffcc00;\">Recomendaciones<\/span><\/h3>\n<\/div>\n<\/div>\n<div class=\"elementor-element elementor-element-ec773b4 color-scheme-inherit text-left elementor-widget elementor-widget-text-editor\" data-id=\"ec773b4\" data-element_type=\"widget\" data-widget_type=\"text-editor.default\">\n<div class=\"elementor-widget-container\">\n<div class=\"elementor-text-editor elementor-clearfix\">\n<p>Sombrero, gafas de sol y bloqueador.<\/p>\n<p>Traer siempre consigo un poco de dinero extra en efectivo, en algunos lugares no hay cobertura y no hay uso de POS para tarjetas.<\/p>\n<p>Indicar si retorna a la ciudad de Ica o se queda en Paracas.<\/p>\n<\/div>\n<\/div>\n<\/div>\n","protected":false},"excerpt":{"rendered":"<p><span style=\"color: #ff9900;\">La Ciudad de\u00a0<strong>Ica<\/strong>\u00a0es conocida por producir exquisitos\u00a0<\/span><strong><span style=\"color: #ff9900;\">Piscos y Vinos<\/span>, <\/strong>contamos con mas de 150 bodegas vitivin\u00edcolas en las afueras de la ciudad, en estas bodegas se puede aprender sobre la elaboraci\u00f3n de estas bebidas y tambi\u00e9n degustar la variedad de productos que se producen. A unos pocos kil\u00f3metros <span style=\"color: #ff9900;\">al sur de la ciudad de<strong>\u00a0Ica<\/strong>\u00a0encontramos el\u00a0<strong>Oasis de Huacachina<\/strong><\/span>, ubicada en medio de bellas palmeras tropicales y rodeada por impresionantes dunas. Podr\u00e1s\u00a0disfrutar de un hermoso paisaje natural al abordar los famosos <span style=\"color: #ff9900;\">carros areneros llamados tambi\u00e9n <strong>Buggys<\/strong>, tambi\u00e9n podr\u00e1s practicar el deporte del <strong>Sandboarding<\/strong>\u00a0o Tabla sobre Arena.<\/span><\/p>\n","protected":false},"featured_media":223,"comment_status":"open","ping_status":"closed","template":"","meta":{"site-sidebar-layout":"default","site-content-layout":"default","ast-global-header-display":"","ast-main-header-display":"","ast-hfb-above-header-display":"","ast-hfb-below-header-display":"","ast-hfb-mobile-header-display":"","site-post-title":"","ast-breadcrumbs-content":"","ast-featured-img":"","footer-sml-layout":"","theme-transparent-header-meta":"default","adv-header-id-meta":"","stick-header-meta":"","header-above-stick-meta":"","header-main-stick-meta":"","header-below-stick-meta":"","_joinchat":[]},"product_cat":[25],"product_tag":[],"_links":{"self":[{"href":"https:\/\/orlandoexpeditionperu.com\/index.php\/wp-json\/wp\/v2\/product\/203"}],"collection":[{"href":"https:\/\/orlandoexpeditionperu.com\/index.php\/wp-json\/wp\/v2\/product"}],"about":[{"href":"https:\/\/orlandoexpeditionperu.com\/index.php\/wp-json\/wp\/v2\/types\/product"}],"replies":[{"embeddable":true,"href":"https:\/\/orlandoexpeditionperu.com\/index.php\/wp-json\/wp\/v2\/comments?post=203"}],"wp:featuredmedia":[{"embeddable":true,"href":"https:\/\/orlandoexpeditionperu.com\/index.php\/wp-json\/wp\/v2\/media\/223"}],"wp:attachment":[{"href":"https:\/\/orlandoexpeditionperu.com\/index.php\/wp-json\/wp\/v2\/media?parent=203"}],"wp:term":[{"taxonomy":"product_cat","embeddable":true,"href":"https:\/\/orlandoexpeditionperu.com\/index.php\/wp-json\/wp\/v2\/product_cat?post=203"},{"taxonomy":"product_tag","embeddable":true,"href":"https:\/\/orlandoexpeditionperu.com\/index.php\/wp-json\/wp\/v2\/product_tag?post=203"}],"curies":[{"name":"wp","href":"https:\/\/api.w.org\/{rel}","templated":true}]}}