{"id":229,"date":"2023-02-18T01:18:15","date_gmt":"2023-02-18T01:18:15","guid":{"rendered":"https:\/\/orlandoexpeditionperu.com\/?post_type=product&#038;p=229"},"modified":"2025-10-01T16:32:35","modified_gmt":"2025-10-01T16:32:35","slug":"tour-bodegas-ica","status":"publish","type":"product","link":"https:\/\/orlandoexpeditionperu.com\/index.php\/producto\/tour-bodegas-ica\/","title":{"rendered":"TOUR BODEGAS ICA<br><br>"},"content":{"rendered":"<div class=\"elementor-element elementor-element-24f0a79 elementor-widget elementor-widget-heading\" data-id=\"24f0a79\" data-element_type=\"widget\" data-widget_type=\"heading.default\">\n<div class=\"elementor-widget-container\">\n<h2 class=\"elementor-heading-title elementor-size-default\"><span style=\"color: #ff9900;\">Tours Bodegas de Piscos y Vinos en Ica<\/span><\/h2>\n<p>&nbsp;<\/p>\n<\/div>\n<\/div>\n<div class=\"elementor-element elementor-element-e40f1fb elementor-widget elementor-widget-heading\" data-id=\"e40f1fb\" data-element_type=\"widget\" data-widget_type=\"heading.default\">\n<div class=\"elementor-widget-container\">\n<h3 class=\"elementor-heading-title elementor-size-default\"><span style=\"color: #ffcc00;\">Lo m\u00e1s destacado<\/span><\/h3>\n<\/div>\n<\/div>\n<div class=\"elementor-element elementor-element-e7e9ae3 elementor-icon-list--layout-traditional elementor-list-item-link-full_width elementor-widget elementor-widget-icon-list\" data-id=\"e7e9ae3\" data-element_type=\"widget\" data-widget_type=\"icon-list.default\">\n<div class=\"elementor-widget-container\">\n<p><i class=\"fa-solid fa-check\" style=\"color: #3cfe42;\"><\/i> <span class=\"elementor-icon-list-text\">Servicios en Movilidad Grupal con Protocolos de Bioseguridad.<\/span><\/p>\n<p><i class=\"fa-solid fa-check\" style=\"color: #3cfe42;\"><\/i> <span class=\"elementor-icon-list-text\">Nuestras tarifas son directas y sin comisiones.<\/span><\/p>\n<p><i class=\"fa-solid fa-check\" style=\"color: #3cfe42;\"><\/i> <span class=\"elementor-icon-list-text\">Asistencia personal de inicio a fin.<\/span><\/p>\n<p><i class=\"fa-solid fa-check\" style=\"color: #3cfe42;\"><\/i> <span class=\"elementor-icon-list-text\">Somos Tour Operador local registrado en Mincetur.<\/span><\/p>\n<\/div>\n<\/div>\n<div class=\"elementor-element elementor-element-a0e8ff4 elementor-widget elementor-widget-spacer\" data-id=\"a0e8ff4\" data-element_type=\"widget\" data-widget_type=\"spacer.default\">\n<div class=\"elementor-widget-container\"><\/div>\n<\/div>\n<div class=\"elementor-element elementor-element-60824a4 elementor-widget elementor-widget-heading\" data-id=\"60824a4\" data-element_type=\"widget\" data-widget_type=\"heading.default\">\n<div class=\"elementor-widget-container\">\n<h3 class=\"elementor-heading-title elementor-size-default\"><span style=\"color: #ffcc00;\">Itinerario<\/span><\/h3>\n<\/div>\n<\/div>\n<div class=\"elementor-element elementor-element-b367a2e elementor-icon-list--layout-traditional elementor-list-item-link-full_width elementor-widget elementor-widget-icon-list\" data-id=\"b367a2e\" data-element_type=\"widget\" data-widget_type=\"icon-list.default\">\n<div class=\"elementor-widget-container\">\n<p><i class=\"fa-solid fa-location-dot\" style=\"color: #fea93c;\"><\/i> <span style=\"color: #ffcc00;\"><strong>Inicio:\u00a0<\/strong><\/span>11:00 Recojo desde su hotel o estaci\u00f3n de bus.<i class=\"fa-solid fa-location-dot\" style=\"color: #fea93c;\"><\/i><\/p>\n<p><strong><span class=\"elementor-icon-list-text\"><span style=\"color: #ffcc00;\"> Final:<\/span> <\/span><\/strong><span class=\"elementor-icon-list-text\">16:00 hrs en su hotel en Ica o estaci\u00f3n de buses.<\/span><\/p>\n<\/div>\n<\/div>\n<div class=\"elementor-element elementor-element-0d14e7b color-scheme-inherit text-left elementor-widget elementor-widget-text-editor\" data-id=\"0d14e7b\" data-element_type=\"widget\" data-widget_type=\"text-editor.default\">\n<div class=\"elementor-widget-container\">\n<div class=\"elementor-text-editor elementor-clearfix\">\n<p>Tour Bodegas de Ica: En esta experiencia conoceremos la famosa\u00abRuta del Pisco\u00bb\u00a0visitando las bodegas m\u00e1s reconocidas como la\u00a0Bodega Restaurant Tur\u00edstico \u00abEl catador\u00bb; la cual es una bodega artesanal donde la tradici\u00f3n en la elaboraci\u00f3n del vino y pisco se ha conservado con el paso de los a\u00f1os. Durante los meses de Marzo, esta bodega ofrece su show de pisado de uva, recordando la tradicional Vendimia Ique\u00f1a.<\/p>\n<p>Siguiendo con el tour, procederemos a visitar la tradicional\u00a0Bodega Museo \u00abLazo\u00bb.\u00a0Esta bodega fue fundada en 1809 por la familia Donayre Bol\u00edvar, la cual tiene descendencia del Libertador Sim\u00f3n Bol\u00edvar. Hay que destacar que la bodega tiene un r\u00fastico museo implementado, donde se pueden observar piezas de colecci\u00f3n como cabezas trofeos momificadas, ceramios, trabajos de orfebrer\u00eda, restos de mantos de culturas Pre \u2013 Hisp\u00e1nicas, y otras piezas como armas de todo tipo y de toda \u00e9poca, tambi\u00e9n cuadros, animales disecados entre otros artefactos de colecci\u00f3n.<\/p>\n<p>Esta bodega se encuentra ubicada en el caser\u00edo de Camino de Reyes, distrito de San Juan Bautista.<\/p>\n<p>Finalizamos el tour conociendo la bodega mas antigua de Suram\u00e9rica, llamada hoy en d\u00eda\u00a0Hacienda\u00a0\u00abTacama\u00bb\u00a0la cual emplea finas uvas extranjeras para la elaboraci\u00f3n de sus vinos, piscos y espumantes. Esta bodega fue construida por primera vez en 1540, por el espa\u00f1ol Francisco de Carabantes.<\/p>\n<p>Nuestros pasajeros ser\u00e1n invitados con degustaciones de los diversos productos en cada una de las bodegas, como\u00a0Pisco, Vino, Cachina, Espumantes, Cremas de Pisco, etc.<\/p>\n<p>Luego retornaremos al hotel o estaci\u00f3n de bus en Ica para culminar el Tour.<\/p>\n<\/div>\n<\/div>\n<\/div>\n<div class=\"elementor-element elementor-element-c93b2e8 elementor-widget elementor-widget-heading\" data-id=\"c93b2e8\" data-element_type=\"widget\" data-widget_type=\"heading.default\">\n<div class=\"elementor-widget-container\">\n<h3 class=\"elementor-heading-title elementor-size-default\"><span style=\"color: #ff9900;\">Inclusiones<\/span><\/h3>\n<\/div>\n<\/div>\n<section class=\"wd-negative-gap elementor-section elementor-inner-section elementor-element elementor-element-9c0dd7e elementor-section-boxed elementor-section-height-default elementor-section-height-default wd-section-disabled\" data-id=\"9c0dd7e\" data-element_type=\"section\" data-settings=\"{&quot;jet_parallax_layout_list&quot;:[]}\">\n<div class=\"elementor-container elementor-column-gap-default\">\n<div class=\"elementor-row\">\n<div class=\"elementor-column elementor-col-100 elementor-inner-column elementor-element elementor-element-072c074\" data-id=\"072c074\" data-element_type=\"column\">\n<div class=\"elementor-column-wrap elementor-element-populated\">\n<div class=\"elementor-widget-wrap\">\n<div class=\"elementor-element elementor-element-79498bc elementor-widget elementor-widget-heading\" data-id=\"79498bc\" data-element_type=\"widget\" data-widget_type=\"heading.default\">\n<div class=\"elementor-widget-container\">\n<h4 class=\"elementor-heading-title elementor-size-default\"><span style=\"color: #ffcc00;\">Incluye:<\/span><\/h4>\n<\/div>\n<\/div>\n<div class=\"elementor-element elementor-element-f0e15b1 elementor-icon-list--layout-traditional elementor-list-item-link-full_width elementor-widget elementor-widget-icon-list\" data-id=\"f0e15b1\" data-element_type=\"widget\" data-widget_type=\"icon-list.default\">\n<div class=\"elementor-widget-container\">\n<p><i class=\"fa-solid fa-check\" style=\"color: #3cfe42;\"><\/i><span class=\"elementor-icon-list-text\">Recepci\u00f3n de los turistas en la estaci\u00f3n del bus o recojo del hotel<\/span><\/p>\n<p><i class=\"fa-solid fa-check\" style=\"color: #3cfe42;\"><\/i><span class=\"elementor-icon-list-text\">Movilidad para visitar los puntos descritos en el itinerario<\/span><\/p>\n<p>&lt;<i class=\"fa-solid fa-check\" style=\"color: #3cfe42;\"><\/i><span class=\"elementor-icon-list-text\">Visita a la Bodega artesanal el Catador<\/span><\/p>\n<p><i class=\"fa-solid fa-check\" style=\"color: #3cfe42;\"><\/i><span class=\"elementor-icon-list-text\">Visita a la Bodega Museo Lazo<\/span><\/p>\n<p><i class=\"fa-solid fa-check\" style=\"color: #3cfe42;\"><\/i><span class=\"elementor-icon-list-text\">Visita a la Bodega Industrial Tacama<\/span><\/p>\n<p><i class=\"fa-solid fa-check\" style=\"color: #3cfe42;\"><\/i><span class=\"elementor-icon-list-text\">Degustaci\u00f3n y cata de piscos y vinos<\/span><\/p>\n<p><i class=\"fa-solid fa-check\" style=\"color: #3cfe42;\"><\/i><span class=\"elementor-icon-list-text\">Gu\u00eda profesional acreditado<\/span><\/p>\n<p><i class=\"fa-solid fa-check\" style=\"color: #3cfe42;\"><\/i><span class=\"elementor-icon-list-text\">Traslado a la estaci\u00f3n del bus o al hotel, al finalizar el tour<\/span><\/p>\n<\/div>\n<\/div>\n<div class=\"elementor-element elementor-element-7d57af7 elementor-widget elementor-widget-heading\" data-id=\"7d57af7\" data-element_type=\"widget\" data-widget_type=\"heading.default\">\n<div class=\"elementor-widget-container\">\n<h4 class=\"elementor-heading-title elementor-size-default\"><span style=\"color: #ffcc00;\">No incluye:<\/span><\/h4>\n<\/div>\n<\/div>\n<div class=\"elementor-element elementor-element-ac6763c elementor-icon-list--layout-traditional elementor-list-item-link-full_width elementor-widget elementor-widget-icon-list\" data-id=\"ac6763c\" data-element_type=\"widget\" data-widget_type=\"icon-list.default\">\n<div class=\"elementor-widget-container\">\n<p><i class=\"fa-solid fa-xmark\" style=\"color: red;\"><\/i> <span class=\"elementor-icon-list-text\">Tickets de Bus Ica\/Lima o Lima\/Ica<\/span><\/p>\n<p><i class=\"fa-solid fa-xmark\" style=\"color: red;\"><\/i> <span class=\"elementor-icon-list-text\">Hospedaje<\/span><\/p>\n<p><i class=\"fa-solid fa-xmark\" style=\"color: red;\"><\/i> <span class=\"elementor-icon-list-text\">Alimentaci\u00f3n<\/span><\/p>\n<p><i class=\"fa-solid fa-xmark\" style=\"color: red;\"><\/i> <span class=\"elementor-icon-list-text\">Ticket de entrada a la hacienda Tacama S\/20.00 soles por persona<\/span><\/p>\n<\/div>\n<\/div>\n<\/div>\n<\/div>\n<\/div>\n<\/div>\n<\/div>\n<\/section>\n<div class=\"elementor-element elementor-element-5ea7695 elementor-widget elementor-widget-spacer\" data-id=\"5ea7695\" data-element_type=\"widget\" data-widget_type=\"spacer.default\">\n<div class=\"elementor-widget-container\"><\/div>\n<\/div>\n<div class=\"elementor-element elementor-element-cb19c94 elementor-widget elementor-widget-heading\" data-id=\"cb19c94\" data-element_type=\"widget\" data-widget_type=\"heading.default\">\n<div class=\"elementor-widget-container\">\n<h3 class=\"elementor-heading-title elementor-size-default\"><span style=\"color: #ff9900;\">Recomendaciones<\/span><\/h3>\n<\/div>\n<\/div>\n<div class=\"elementor-element elementor-element-6df6cbf color-scheme-inherit text-left elementor-widget elementor-widget-text-editor\" data-id=\"6df6cbf\" data-element_type=\"widget\" data-widget_type=\"text-editor.default\">\n<div class=\"elementor-widget-container\">\n<div class=\"elementor-text-editor elementor-clearfix\">\n<p>Sombrero, gafas de sol y bloqueador.<\/p>\n<p>Traer siempre consigo un poco de dinero extra en efectivo, en algunos lugares no hay cobertura y no hay uso de POS para tarjetas.<\/p>\n<p>Los d\u00edas lunes la hacienda Tacama no atiende, en esos casos reeemplazaremos la visita de Tacama por la hacienda Vista Alegre, la cual es una hacienda de la misma categoria.<\/p>\n<\/div>\n<\/div>\n<\/div>\n","protected":false},"excerpt":{"rendered":"<p>La Ciudad de\u00a0<strong>Ica<\/strong>\u00a0es conocida por sus exquisitos\u00a0<strong>Piscos y Vinos,<\/strong> disfruta de un espectacular recorrido por nuestras campi\u00f1as, conociendo las bodegas <strong>vitivin\u00edcolas<\/strong>\u00a0que nuestro valle puede ofrecer, donde se elaboran los mejores vinos y piscos del Per\u00fa.<\/p>\n<p>Contamos con mas de\u00a0<strong>150 bodegas<\/strong>\u00a0vitivin\u00edcolas en las afueras de la ciudad, en estas bodegas <span style=\"color: #ff9900;\">se puede aprender sobre la elaboraci\u00f3n de estas bebidas y tambi\u00e9n degustar la variedad de productos que se producen.<\/span><\/p>\n","protected":false},"featured_media":230,"comment_status":"open","ping_status":"closed","template":"","meta":{"site-sidebar-layout":"default","site-content-layout":"default","ast-global-header-display":"","ast-main-header-display":"","ast-hfb-above-header-display":"","ast-hfb-below-header-display":"","ast-hfb-mobile-header-display":"","site-post-title":"","ast-breadcrumbs-content":"","ast-featured-img":"","footer-sml-layout":"","theme-transparent-header-meta":"default","adv-header-id-meta":"","stick-header-meta":"","header-above-stick-meta":"","header-main-stick-meta":"","header-below-stick-meta":"","_joinchat":[]},"product_cat":[25],"product_tag":[],"_links":{"self":[{"href":"https:\/\/orlandoexpeditionperu.com\/index.php\/wp-json\/wp\/v2\/product\/229"}],"collection":[{"href":"https:\/\/orlandoexpeditionperu.com\/index.php\/wp-json\/wp\/v2\/product"}],"about":[{"href":"https:\/\/orlandoexpeditionperu.com\/index.php\/wp-json\/wp\/v2\/types\/product"}],"replies":[{"embeddable":true,"href":"https:\/\/orlandoexpeditionperu.com\/index.php\/wp-json\/wp\/v2\/comments?post=229"}],"wp:featuredmedia":[{"embeddable":true,"href":"https:\/\/orlandoexpeditionperu.com\/index.php\/wp-json\/wp\/v2\/media\/230"}],"wp:attachment":[{"href":"https:\/\/orlandoexpeditionperu.com\/index.php\/wp-json\/wp\/v2\/media?parent=229"}],"wp:term":[{"taxonomy":"product_cat","embeddable":true,"href":"https:\/\/orlandoexpeditionperu.com\/index.php\/wp-json\/wp\/v2\/product_cat?post=229"},{"taxonomy":"product_tag","embeddable":true,"href":"https:\/\/orlandoexpeditionperu.com\/index.php\/wp-json\/wp\/v2\/product_tag?post=229"}],"curies":[{"name":"wp","href":"https:\/\/api.w.org\/{rel}","templated":true}]}}