{"id":233,"date":"2023-02-18T01:30:07","date_gmt":"2023-02-18T01:30:07","guid":{"rendered":"https:\/\/orlandoexpeditionperu.com\/?post_type=product&#038;p=233"},"modified":"2023-03-04T13:36:55","modified_gmt":"2023-03-04T13:36:55","slug":"tour-bodegas-y-carros-areneros-full-day","status":"publish","type":"product","link":"https:\/\/orlandoexpeditionperu.com\/index.php\/producto\/tour-bodegas-y-carros-areneros-full-day\/","title":{"rendered":"TOUR BODEGAS Y CARROS ARENEROS FULL DAY"},"content":{"rendered":"<div class=\"elementor-element elementor-element-b645f83 elementor-widget elementor-widget-heading\" data-id=\"b645f83\" data-element_type=\"widget\" data-widget_type=\"heading.default\">\n<div class=\"elementor-widget-container\">\n<h2 class=\"elementor-heading-title elementor-size-default\"><span style=\"color: #ff9900;\">Tour Bodegas y Carros Areneros Full Day<\/span><\/h2>\n<\/div>\n<\/div>\n<div class=\"elementor-element elementor-element-ba40500 elementor-widget elementor-widget-heading\" data-id=\"ba40500\" data-element_type=\"widget\" data-widget_type=\"heading.default\">\n<div class=\"elementor-widget-container\">\n<h3 class=\"elementor-heading-title elementor-size-default\"><span style=\"color: #ffcc00;\">Lo m\u00e1s destacado<\/span><\/h3>\n<\/div>\n<\/div>\n<div class=\"elementor-element elementor-element-627fe06 elementor-widget elementor-widget-spacer\" data-id=\"627fe06\" data-element_type=\"widget\" data-widget_type=\"spacer.default\">\n<div class=\"elementor-widget-container\">\n<p><i class=\"fa-solid fa-tag\" style=\"color: #fea93c;\"><\/i><span class=\"elementor-icon-list-text\">Servicios en Movilidad Privada con Protocolos de Bioseguridad.<\/span><\/p>\n<p><i class=\"fa-solid fa-tag\" style=\"color: #fea93c;\"><\/i><span class=\"elementor-icon-list-text\">Grupo de viaje con m\u00e1ximo 08 personas.<\/span><\/p>\n<p><i class=\"fa-solid fa-tag\" style=\"color: #fea93c;\"><\/i><span class=\"elementor-icon-list-text\"> Asistencia personal de inicio a fin.<\/span><\/p>\n<\/div>\n<\/div>\n<div class=\"elementor-element elementor-element-05e5cf1 elementor-widget elementor-widget-heading\" data-id=\"05e5cf1\" data-element_type=\"widget\" data-widget_type=\"heading.default\">\n<div class=\"elementor-widget-container\">\n<h3 class=\"elementor-heading-title elementor-size-default\"><span style=\"color: #ffcc00;\">Itinerario<\/span><\/h3>\n<\/div>\n<\/div>\n<div class=\"elementor-element elementor-element-3afdbab elementor-icon-list--layout-traditional elementor-list-item-link-full_width elementor-widget elementor-widget-icon-list\" data-id=\"3afdbab\" data-element_type=\"widget\" data-widget_type=\"icon-list.default\">\n<div class=\"elementor-widget-container\">\n<p><i class=\"fa-solid fa-location-dot\" style=\"color: #fea93c;\"><\/i> <strong><span class=\"elementor-icon-list-text\"><span style=\"color: #ffcc00;\"> Inicio:<\/span> <\/span><\/strong><span class=\"elementor-icon-list-text\">11:30hrs Recojo desde su hotel o estaci\u00f3n de bus.<\/span><\/p>\n<p><i class=\"fa-solid fa-location-dot\" style=\"color: #fea93c;\"><\/i> <strong><span class=\"elementor-icon-list-text\"><span style=\"color: #ffcc00;\"> Final:<\/span> <\/span><\/strong><span class=\"elementor-icon-list-text\">18:00hrs en su hotel en Ica o estaci\u00f3n de buses.<\/span><\/p>\n<\/div>\n<\/div>\n<div class=\"elementor-element elementor-element-1b53c04 color-scheme-inherit text-left elementor-widget elementor-widget-text-editor\" data-id=\"1b53c04\" data-element_type=\"widget\" data-widget_type=\"text-editor.default\">\n<div class=\"elementor-widget-container\">\n<div class=\"elementor-text-editor elementor-clearfix\">\n<p>En este impresionante Tour conoceremos la famosa<strong>\u00a0<span style=\"color: #ffcc00;\">\u201cRuta del Pisco\u201d<\/span><\/strong>\u00a0visitando las bodegas m\u00e1s reconocidas como la<span style=\"color: #ffcc00;\">\u00a0<strong>Bodega Restaurant Tur\u00edstico \u201cEl Catador\u201d<\/strong><\/span>; la cual es una bodega artesanal donde la tradici\u00f3n en la elaboraci\u00f3n del vino y pisco se ha conservado con el paso de los a\u00f1os. Durante los meses de Marzo, esta bodega ofrece su show de pisado de uva, recordando la tradicional Vendimia Ique\u00f1a.<\/p>\n<p>Continuaremos el tour en la antigua bodega conocida como \u00ab<strong><span style=\"color: #ffcc00;\">Hacienda Tacama<\/span>\u00bb<\/strong>\u00a0la cual emplea finas uvas extranjeras para la elaboraci\u00f3n de sus vinos, piscos y espumantes. Esta bodega fue construida por primera vez en\u00a0<span style=\"color: #ffcc00;\"><strong>1540<\/strong><\/span>, por el espa\u00f1ol\u00a0<span style=\"color: #ffcc00;\"><strong>Francisco de Carabantes<\/strong><\/span>.<\/p>\n<p>Nuestros pasajeros ser\u00e1n invitados con degustaciones de los diversos productos en cada una de las bodegas, como Pisco, Vino, Cachina, Espumantes, Cremas de Pisco, etc.<\/p>\n<p>Luego nos dirigiremos al\u00a0Oasis de Huacachina, la cual est\u00e1 ubicada a solo 8 minutos del centro de la ciudad. En esta popular laguna los visitantes podr\u00e1n disfrutar de la tranquilidad del lugar y caminar por los alrededores en busca de excelentes fotograf\u00edas.<\/p>\n<p>Continuaremos nuestro tour con el servicio de\u00a0<span style=\"color: #ffcc00;\"><strong>Buggys<\/strong>,<\/span> para ello deberemos escalar un peque\u00f1o m\u00e9dano de arena situado al lado de la laguna. Luego abordaremos nuestro\u00a0Buggy\u00a0y empezaremos la aventura final del d\u00eda.<\/p>\n<p>Las inmensas dunas que rodean el oasis permiten a los visitantes practicar uno de los deportes m\u00e1s populares de la zona, nos estamos refiriendo al\u00a0Sandboarding. Nuestro conductor\/gu\u00eda nos explicar\u00e1 como practicar este deporte sobre las dunas de arena.<\/p>\n<p>17:00hrs\u00a0Finalmente, retornaremos al Oasis de Huacachina, abordaremos la unidad m\u00f3vil y nos trasladaremos hacia la ciudad de\u00a0Ica donde finalizar\u00e1 el tour.<\/p>\n<\/div>\n<\/div>\n<\/div>\n<div class=\"elementor-element elementor-element-10af1ce elementor-widget elementor-widget-heading\" data-id=\"10af1ce\" data-element_type=\"widget\" data-widget_type=\"heading.default\">\n<div class=\"elementor-widget-container\">\n<h3 class=\"elementor-heading-title elementor-size-default\"><span style=\"color: #ff9900;\">Inclusiones<\/span><\/h3>\n<\/div>\n<\/div>\n<section class=\"wd-negative-gap elementor-section elementor-inner-section elementor-element elementor-element-db52e1b elementor-section-boxed elementor-section-height-default elementor-section-height-default wd-section-disabled\" data-id=\"db52e1b\" data-element_type=\"section\" data-settings=\"{&quot;jet_parallax_layout_list&quot;:[]}\">\n<div class=\"elementor-container elementor-column-gap-default\">\n<div class=\"elementor-row\">\n<div class=\"elementor-column elementor-col-100 elementor-inner-column elementor-element elementor-element-eea8e44\" data-id=\"eea8e44\" data-element_type=\"column\">\n<div class=\"elementor-column-wrap elementor-element-populated\">\n<div class=\"elementor-widget-wrap\">\n<div class=\"elementor-element elementor-element-0645b06 elementor-widget elementor-widget-heading\" data-id=\"0645b06\" data-element_type=\"widget\" data-widget_type=\"heading.default\">\n<div class=\"elementor-widget-container\">\n<h4 class=\"elementor-heading-title elementor-size-default\"><span style=\"color: #ffcc00;\">Incluye:<\/span><\/h4>\n<\/div>\n<\/div>\n<div class=\"elementor-element elementor-element-5dd2536 elementor-icon-list--layout-traditional elementor-list-item-link-full_width elementor-widget elementor-widget-icon-list\" data-id=\"5dd2536\" data-element_type=\"widget\" data-widget_type=\"icon-list.default\">\n<p><i class=\"fa-solid fa-check\" style=\"color: #3cfe42;\"><\/i> Recepci\u00f3n de los turistas en la estaci\u00f3n del bus o recojo del hotel.<\/p>\n<p><i class=\"fa-solid fa-check\" style=\"color: #3cfe42;\"><\/i> Movilidad moderna para visitar los puntos descritos en el itinerario.<\/p>\n<p><i class=\"fa-solid fa-check\" style=\"color: #3cfe42;\"><\/i>V<span class=\"elementor-icon-list-text\">isita a la Bodega artesanal el Catador<\/span><\/p>\n<p><i class=\"fa-solid fa-check\" style=\"color: #3cfe42;\"><\/i><span class=\"elementor-icon-list-text\">Visita a la Bodega Industrial Tacama.<\/span><\/p>\n<p><i class=\"fa-solid fa-check\" style=\"color: #3cfe42;\"><\/i>D<span class=\"elementor-icon-list-text\">egustaci\u00f3n y cata de piscos y vinos<\/span><\/p>\n<p><i class=\"fa-solid fa-check\" style=\"color: #3cfe42;\"><\/i><span class=\"elementor-icon-list-text\">Paseo en buggies tubulares y pr\u00e1ctica de sandboard en Huacachina<\/span><\/p>\n<p><i class=\"fa-solid fa-check\" style=\"color: #3cfe42;\"><\/i> Tickets de ingreso a los lugares tur\u00edsticos por visitar.<\/p>\n<p><i class=\"fa-solid fa-check\" style=\"color: #3cfe42;\"><\/i><span class=\"elementor-icon-list-text\">Gu\u00eda profesional acreditado.<\/span><\/p>\n<p><i class=\"fa-solid fa-check\" style=\"color: #3cfe42;\"><\/i><span class=\"elementor-icon-list-text\">Traslado a la estaci\u00f3n del bus o al hotel, al finalizar el tour<\/span><\/p>\n<\/div>\n<div class=\"elementor-element elementor-element-39f456c elementor-widget elementor-widget-heading\" data-id=\"39f456c\" data-element_type=\"widget\" data-widget_type=\"heading.default\">\n<div class=\"elementor-widget-container\">\n<h4 class=\"elementor-heading-title elementor-size-default\"><span style=\"color: #ffcc00;\">No incluye:<\/span><\/h4>\n<\/div>\n<\/div>\n<div class=\"elementor-element elementor-element-9826754 elementor-icon-list--layout-traditional elementor-list-item-link-full_width elementor-widget elementor-widget-icon-list\" data-id=\"9826754\" data-element_type=\"widget\" data-widget_type=\"icon-list.default\">\n<div class=\"elementor-widget-container\">\n<p><i class=\"fa-solid fa-xmark\" style=\"color: red;\"><\/i>Tickets de Bus Lima\/Ica o Ica\/Lima.<\/p>\n<p><i class=\"fa-solid fa-xmark\" style=\"color: red;\"><\/i> Hospedaje.<\/p>\n<p><i class=\"fa-solid fa-xmark\" style=\"color: red;\"><\/i> Alimentaci\u00f3n.<\/p>\n<\/div>\n<\/div>\n<\/div>\n<\/div>\n<\/div>\n<\/div>\n<\/div>\n<\/section>\n<div class=\"elementor-element elementor-element-798e4a6 elementor-widget elementor-widget-heading\" data-id=\"798e4a6\" data-element_type=\"widget\" data-widget_type=\"heading.default\">\n<div class=\"elementor-widget-container\">\n<h3 class=\"elementor-heading-title elementor-size-default\"><span style=\"color: #ffcc00;\">Recomendaciones<\/span><\/h3>\n<\/div>\n<\/div>\n<div class=\"elementor-element elementor-element-988bd46 color-scheme-inherit text-left elementor-widget elementor-widget-text-editor\" data-id=\"988bd46\" data-element_type=\"widget\" data-widget_type=\"text-editor.default\">\n<div class=\"elementor-widget-container\">\n<div class=\"elementor-text-editor elementor-clearfix\">\n<p>Sombrero, gafas de sol y bloqueador.<\/p>\n<p>Traer siempre consigo un poco de dinero extra en efectivo, en algunos lugares no hay cobertura y no hay uso de POS para tarjetas.<\/p>\n<p>Indicar si retorna a la ciudad de Ica o se queda en Paracas.<\/p>\n<\/div>\n<\/div>\n<\/div>\n","protected":false},"excerpt":{"rendered":"<p>La ciudad de Ica tiene como uno de los principales atractivos tur\u00edsticos a nivel nacional sus m\u00e1s de 85 bodegas artesanales de Pisco, siendo as\u00ed conocida a nivel internacional como principales productores de vino y pisco del pa\u00eds.<\/p>\n","protected":false},"featured_media":240,"comment_status":"open","ping_status":"closed","template":"","meta":{"site-sidebar-layout":"default","site-content-layout":"default","ast-global-header-display":"","ast-main-header-display":"","ast-hfb-above-header-display":"","ast-hfb-below-header-display":"","ast-hfb-mobile-header-display":"","site-post-title":"","ast-breadcrumbs-content":"","ast-featured-img":"","footer-sml-layout":"","theme-transparent-header-meta":"default","adv-header-id-meta":"","stick-header-meta":"","header-above-stick-meta":"","header-main-stick-meta":"","header-below-stick-meta":"","_joinchat":[]},"product_cat":[25],"product_tag":[],"_links":{"self":[{"href":"https:\/\/orlandoexpeditionperu.com\/index.php\/wp-json\/wp\/v2\/product\/233"}],"collection":[{"href":"https:\/\/orlandoexpeditionperu.com\/index.php\/wp-json\/wp\/v2\/product"}],"about":[{"href":"https:\/\/orlandoexpeditionperu.com\/index.php\/wp-json\/wp\/v2\/types\/product"}],"replies":[{"embeddable":true,"href":"https:\/\/orlandoexpeditionperu.com\/index.php\/wp-json\/wp\/v2\/comments?post=233"}],"wp:featuredmedia":[{"embeddable":true,"href":"https:\/\/orlandoexpeditionperu.com\/index.php\/wp-json\/wp\/v2\/media\/240"}],"wp:attachment":[{"href":"https:\/\/orlandoexpeditionperu.com\/index.php\/wp-json\/wp\/v2\/media?parent=233"}],"wp:term":[{"taxonomy":"product_cat","embeddable":true,"href":"https:\/\/orlandoexpeditionperu.com\/index.php\/wp-json\/wp\/v2\/product_cat?post=233"},{"taxonomy":"product_tag","embeddable":true,"href":"https:\/\/orlandoexpeditionperu.com\/index.php\/wp-json\/wp\/v2\/product_tag?post=233"}],"curies":[{"name":"wp","href":"https:\/\/api.w.org\/{rel}","templated":true}]}}