{"id":244,"date":"2023-02-18T01:49:09","date_gmt":"2023-02-18T01:49:09","guid":{"rendered":"https:\/\/orlandoexpeditionperu.com\/?post_type=product&#038;p=244"},"modified":"2023-03-03T08:16:59","modified_gmt":"2023-03-03T08:16:59","slug":"tour-en-bicicleta-y-campamento-en-la-playa-de-carhuaz-ica","status":"publish","type":"product","link":"https:\/\/orlandoexpeditionperu.com\/index.php\/producto\/tour-en-bicicleta-y-campamento-en-la-playa-de-carhuaz-ica\/","title":{"rendered":"TOUR EN BICICLETA Y CAMPAMENTO EN LA PLAYA DE CARHUAZ- ICA"},"content":{"rendered":"<div class=\"elementor-element elementor-element-40f9a48 elementor-widget elementor-widget-heading\" data-id=\"40f9a48\" data-element_type=\"widget\" data-widget_type=\"heading.default\">\n<div class=\"elementor-widget-container\">\n<h2 class=\"elementor-heading-title elementor-size-default\"><span style=\"color: #ff9900;\">Tour en bicicleta y campamento en la Playa de Carhuaz Ica &#8211; 2 d\u00edas 1 noche<\/span><\/h2>\n<\/div>\n<div class=\"elementor-element elementor-element-2fb391f elementor-widget elementor-widget-heading\" data-id=\"2fb391f\" data-element_type=\"widget\" data-widget_type=\"heading.default\">\n<div class=\"elementor-widget-container\">\n<h4 class=\"elementor-heading-title elementor-size-default\"><span style=\"color: #ffcc00;\">Que Incluye el tour<\/span><\/h4>\n<\/div>\n<\/div>\n<div class=\"elementor-element elementor-element-d2377ed elementor-icon-list--layout-traditional elementor-list-item-link-full_width elementor-widget elementor-widget-icon-list\" data-id=\"d2377ed\" data-element_type=\"widget\" data-widget_type=\"icon-list.default\">\n<div class=\"elementor-widget-container\">\n<p><i class=\"fa-solid fa-check\" style=\"color: #3cfe42;\"><\/i><span class=\"elementor-icon-list-text\">Servicios en Movilidad Privada con Protocolos de Bioseguridad.<\/span><\/p>\n<p><i class=\"fa-solid fa-check\" style=\"color: #3cfe42;\"><\/i><span class=\"elementor-icon-list-text\">Grupo de viaje con m\u00e1ximo 08 personas.<\/span><\/p>\n<p><i class=\"fa-solid fa-check\" style=\"color: #3cfe42;\"><\/i><span class=\"elementor-icon-list-text\">Asistencia personal de inicio a fin.<\/span><\/p>\n<p><i class=\"fa-sharp fa-solid fa-badge-check\" style=\"color: #fea93c;\"><\/i><span class=\"elementor-icon-list-text\">Somos Tour Operador local registrado en Mincetur.<\/span><\/p>\n<\/div>\n<\/div>\n<\/div>\n<div class=\"elementor-element elementor-element-33436e6 elementor-widget elementor-widget-spacer\" data-id=\"33436e6\" data-element_type=\"widget\" data-widget_type=\"spacer.default\">\n<div class=\"elementor-widget-container\">\n<div class=\"elementor-element elementor-element-d2377ed elementor-icon-list--layout-traditional elementor-list-item-link-full_width elementor-widget elementor-widget-icon-list\" data-id=\"d2377ed\" data-element_type=\"widget\" data-widget_type=\"icon-list.default\">\n<div class=\"elementor-widget-container\">\n<h4 class=\"elementor-heading-title elementor-size-default\" style=\"color: #3ce0fe;\"><span style=\"color: #ffcc00;\">Itinerario<\/span><\/h4>\n<\/div>\n<\/div>\n<div class=\"elementor-element elementor-element-d2377ed elementor-icon-list--layout-traditional elementor-list-item-link-full_width elementor-widget elementor-widget-icon-list\" data-id=\"d2377ed\" data-element_type=\"widget\" data-widget_type=\"icon-list.default\">\n<div class=\"elementor-widget-container\">\n<p><i class=\"fa-solid fa-location-dot\" style=\"color: #fea93c;\"><\/i> <span style=\"color: #ffcc00;\"><strong>Inicio: <\/strong><\/span><span class=\"elementor-icon-list-text\">11:30en Ica<\/span><\/p>\n<p><i class=\"fa-solid fa-location-dot\" style=\"color: #fea93c;\"><\/i> <strong><span class=\"elementor-icon-list-text\"><span style=\"color: #ffcc00;\"> Final:<\/span> <\/span><\/strong><span class=\"elementor-icon-list-text\">Medio d\u00eda en Ica<\/span><\/p>\n<\/div>\n<\/div>\n<\/div>\n<\/div>\n<div class=\"elementor-element elementor-element-99e8f10 elementor-widget elementor-widget-heading\" data-id=\"99e8f10\" data-element_type=\"widget\" data-widget_type=\"heading.default\">\n<div class=\"elementor-widget-container\">\n<h3 class=\"elementor-heading-title elementor-size-default\"><span style=\"color: #ffcc00;\">D\u00cdA 1:<\/span><\/h3>\n<div class=\"elementor-element elementor-element-2fb391f elementor-widget elementor-widget-heading\" data-id=\"2fb391f\" data-element_type=\"widget\" data-widget_type=\"heading.default\">\n<div class=\"elementor-widget-container\">\n<h4 class=\"elementor-heading-title elementor-size-default\"><span style=\"color: #ffcc00;\">Que Incluye el tour<\/span><\/h4>\n<\/div>\n<\/div>\n<div class=\"elementor-element elementor-element-d2377ed elementor-icon-list--layout-traditional elementor-list-item-link-full_width elementor-widget elementor-widget-icon-list\" data-id=\"d2377ed\" data-element_type=\"widget\" data-widget_type=\"icon-list.default\">\n<div class=\"elementor-widget-container\">\n<p><i class=\"fa-solid fa-check\" style=\"color: #3cfe42;\"><\/i><span class=\"elementor-icon-list-text\">Movilidad tur\u00edstica asistida todo el tiempo.<\/span><\/p>\n<p><i class=\"fa-solid fa-check\" style=\"color: #3cfe42;\"><\/i><span class=\"elementor-icon-list-text\">11:00am (aprox) traslado Ica \u2013 playa Carhuaz.<\/span><\/p>\n<p><i class=\"fa-solid fa-check\" style=\"color: #3cfe42;\"><\/i><span class=\"elementor-icon-list-text\">Botellas de agua, rehidratantes, frutas frescas y frutos secos.<\/span><\/p>\n<p><i class=\"fa-solid fa-check\" style=\"color: #3cfe42;\"><\/i><span class=\"elementor-icon-list-text\">Equipo de protecci\u00f3n para deporte de aventura (cascos, guantes, mangas).<\/span><\/p>\n<p><i class=\"fa-solid fa-check\" style=\"color: #3cfe42;\"><\/i><span class=\"elementor-icon-list-text\">Bicicletas de monta\u00f1a.<\/span><\/p>\n<p><i class=\"fa-solid fa-check\" style=\"color: #3cfe42;\"><\/i><span class=\"elementor-icon-list-text\">Equipo de campamento de playa.<\/span><\/p>\n<p><span class=\"elementor-icon-list-text\">Noche libre y pernocte.<\/span><\/p>\n<div class=\"elementor-element elementor-element-2fb391f elementor-widget elementor-widget-heading\" data-id=\"2fb391f\" data-element_type=\"widget\" data-widget_type=\"heading.default\">\n<div class=\"elementor-widget-container\">\n<h4 class=\"elementor-heading-title elementor-size-default\"><span style=\"color: #ffcc00;\">No incluye<\/span><\/h4>\n<\/div>\n<\/div>\n<div class=\"elementor-element elementor-element-d2377ed elementor-icon-list--layout-traditional elementor-list-item-link-full_width elementor-widget elementor-widget-icon-list\" data-id=\"d2377ed\" data-element_type=\"widget\" data-widget_type=\"icon-list.default\">\n<div class=\"elementor-widget-container\">\n<p><i class=\"fa-solid fa-xmark\" style=\"color: red;\"><\/i><span class=\"elementor-icon-list-text\">Costo de bebidas y alimentos adicionales no mencionados.<\/span><\/p>\n<p>&nbsp;<\/p>\n<\/div>\n<\/div>\n<\/div>\n<\/div>\n<\/div>\n<\/div>\n<div class=\"elementor-element elementor-element-3bebe38 elementor-widget elementor-widget-heading\" data-id=\"3bebe38\" data-element_type=\"widget\" data-widget_type=\"heading.default\">\n<div class=\"elementor-widget-container\">\n<h3 class=\"elementor-heading-title elementor-size-default\"><span style=\"color: #ffcc00;\">D\u00cdA 2:<\/span><\/h3>\n<div class=\"elementor-element elementor-element-2fb391f elementor-widget elementor-widget-heading\" data-id=\"2fb391f\" data-element_type=\"widget\" data-widget_type=\"heading.default\">\n<div class=\"elementor-widget-container\">\n<h4 class=\"elementor-heading-title elementor-size-default\"><span style=\"color: #ffcc00;\">Que Incluye el tour<\/span><\/h4>\n<\/div>\n<\/div>\n<div class=\"elementor-element elementor-element-d2377ed elementor-icon-list--layout-traditional elementor-list-item-link-full_width elementor-widget elementor-widget-icon-list\" data-id=\"d2377ed\" data-element_type=\"widget\" data-widget_type=\"icon-list.default\">\n<div class=\"elementor-widget-container\">\n<p><i class=\"fa-solid fa-check\" style=\"color: #3cfe42;\"><\/i><span class=\"elementor-icon-list-text\">Movilidad tur\u00edstica + gu\u00eda tur\u00edstico.<\/span><\/p>\n<p><i class=\"fa-solid fa-check\" style=\"color: #3cfe42;\"><\/i><span class=\"elementor-icon-list-text\">07:30am desayuno playero (galletas, atun, jugo en tetrapack, fruta)<\/span><\/p>\n<p><i class=\"fa-solid fa-check\" style=\"color: #3cfe42;\"><\/i><span class=\"elementor-icon-list-text\">Ma\u00f1ana libre para ba\u00f1arse en la playa y pasear en bicicleta.<\/span><\/p>\n<p><i class=\"fa-solid fa-check\" style=\"color: #3cfe42;\"><\/i><span class=\"elementor-icon-list-text\">12:00pm (aprox) traslado de retorno a Ica.<\/span><\/p>\n<p><i class=\"fa-solid fa-check\" style=\"color: #3cfe42;\"><\/i><span class=\"elementor-icon-list-text\">03:00pm (aprox) arribo a la ciudad de Ica.<\/span><\/p>\n<div class=\"elementor-element elementor-element-2fb391f elementor-widget elementor-widget-heading\" data-id=\"2fb391f\" data-element_type=\"widget\" data-widget_type=\"heading.default\">\n<div class=\"elementor-widget-container\">\n<h4 class=\"elementor-heading-title elementor-size-default\"><span style=\"color: #ffcc00;\">No incluye<\/span><\/h4>\n<\/div>\n<\/div>\n<div class=\"elementor-element elementor-element-d2377ed elementor-icon-list--layout-traditional elementor-list-item-link-full_width elementor-widget elementor-widget-icon-list\" data-id=\"d2377ed\" data-element_type=\"widget\" data-widget_type=\"icon-list.default\">\n<div class=\"elementor-widget-container\">\n<p><i class=\"fa-solid fa-xmark\" style=\"color: red;\"><\/i><span class=\"elementor-icon-list-text\">Alimentaci\u00f3n.<\/span><\/p>\n<\/div>\n<\/div>\n<\/div>\n<\/div>\n<\/div>\n<\/div>\n","protected":false},"excerpt":{"rendered":"<p>La playa de Carhuaz tiene el agua cristalina con un hermoso paisaje, perfecto para realizar ciclismo con tus amigos y pasar momentos agradables al momento de acampar.<\/p>\n","protected":false},"featured_media":251,"comment_status":"open","ping_status":"closed","template":"","meta":{"site-sidebar-layout":"default","site-content-layout":"default","ast-global-header-display":"","ast-main-header-display":"","ast-hfb-above-header-display":"","ast-hfb-below-header-display":"","ast-hfb-mobile-header-display":"","site-post-title":"","ast-breadcrumbs-content":"","ast-featured-img":"","footer-sml-layout":"","theme-transparent-header-meta":"default","adv-header-id-meta":"","stick-header-meta":"","header-above-stick-meta":"","header-main-stick-meta":"","header-below-stick-meta":"","_joinchat":[]},"product_cat":[25],"product_tag":[],"_links":{"self":[{"href":"https:\/\/orlandoexpeditionperu.com\/index.php\/wp-json\/wp\/v2\/product\/244"}],"collection":[{"href":"https:\/\/orlandoexpeditionperu.com\/index.php\/wp-json\/wp\/v2\/product"}],"about":[{"href":"https:\/\/orlandoexpeditionperu.com\/index.php\/wp-json\/wp\/v2\/types\/product"}],"replies":[{"embeddable":true,"href":"https:\/\/orlandoexpeditionperu.com\/index.php\/wp-json\/wp\/v2\/comments?post=244"}],"wp:featuredmedia":[{"embeddable":true,"href":"https:\/\/orlandoexpeditionperu.com\/index.php\/wp-json\/wp\/v2\/media\/251"}],"wp:attachment":[{"href":"https:\/\/orlandoexpeditionperu.com\/index.php\/wp-json\/wp\/v2\/media?parent=244"}],"wp:term":[{"taxonomy":"product_cat","embeddable":true,"href":"https:\/\/orlandoexpeditionperu.com\/index.php\/wp-json\/wp\/v2\/product_cat?post=244"},{"taxonomy":"product_tag","embeddable":true,"href":"https:\/\/orlandoexpeditionperu.com\/index.php\/wp-json\/wp\/v2\/product_tag?post=244"}],"curies":[{"name":"wp","href":"https:\/\/api.w.org\/{rel}","templated":true}]}}