{"id":375,"date":"2023-03-05T17:01:44","date_gmt":"2023-03-05T17:01:44","guid":{"rendered":"https:\/\/orlandoexpeditionperu.com\/?post_type=product&#038;p=375"},"modified":"2025-09-23T13:52:57","modified_gmt":"2025-09-23T13:52:57","slug":"paragliding-en-huacachina","status":"publish","type":"product","link":"https:\/\/orlandoexpeditionperu.com\/index.php\/producto\/paragliding-en-huacachina\/","title":{"rendered":"PARAGLIDING EN HUACACHINA <br><br>"},"content":{"rendered":"<h4 class=\"elementor-heading-title elementor-size-default\"><span style=\"color: #ffcc00;\">ITINERARIO:<\/span><\/h4>\n<p><strong><span style=\"color: #ffcc00;\">08:00 am<\/span><\/strong> Recojo de su hotel y traslado al sector de dunas.<br \/>\nEl paraglinding es la forma m\u00e1s libre de vuelo que se puede realizar, disfrutando del paisaje y viento sin ruidos ni vibraciones.<\/p>\n<p>Huacachina ofrece uno de los paisajes m\u00e1s espectaculares rodeado por impresionantes dunas, te asombrar\u00e1s de semejante amplitud de belleza y sobre todo adrenalina.<\/p>\n<p>Podr\u00e1s realizar este deporte sin contar con nociones b\u00e1sicas de vuelo, y con la asistencia permanente de un instructor. Se realizar\u00e1n dos ca\u00eddas con el parapente de 4 a 6 minutos cada una.<\/p>\n<h4 class=\"elementor-heading-title elementor-size-default\"><span style=\"color: #ffcc00;\">Incluye:<\/span><\/h4>\n<p><i class=\"fa-solid fa-check\" style=\"color: #3cfe42;\"><\/i><span class=\"elementor-icon-list-text\">Recojo del Hotel<\/span><\/p>\n<p><i class=\"fa-solid fa-check\" style=\"color: #3cfe42;\"><\/i><span class=\"elementor-icon-list-text\">Vuelo dirigido por un piloto<\/span><\/p>\n<h4 class=\"elementor-heading-title elementor-size-default\"><span style=\"color: #ffcc00;\">No incluye:<\/span><\/h4>\n<p><i class=\"fa-solid fa-xmark\" style=\"color: red;\"><\/i> V\u00eddeos<\/p>\n<h3 class=\"elementor-heading-title elementor-size-default\"><span style=\"color: #ffcc00;\">Tips de Recomendaci\u00f3n:<\/span><\/h3>\n<p>Llevar lentes de sol<br \/>\nProtector solar<\/p>\n","protected":false},"excerpt":{"rendered":"<p>Vuela por las imponentes Dunas de Huachina\u00a0como lo hacen las aves, no necesitas saber nada de vuelo, el piloto se encarga de todo, tu s\u00f3lo camina, vuela y disfruta.<\/p>\n<p>El Parapente es la forma m\u00e1s libre de vuelo que hay, sin ruidos ni vibraciones, solo t\u00fa y el viento. Nunca el desierto de\u00a0 se vio en semejante amplitud de belleza, simplemente te asombrar\u00e1!<\/p>\n","protected":false},"featured_media":484,"comment_status":"open","ping_status":"closed","template":"","meta":{"site-sidebar-layout":"default","site-content-layout":"default","ast-global-header-display":"","ast-main-header-display":"","ast-hfb-above-header-display":"","ast-hfb-below-header-display":"","ast-hfb-mobile-header-display":"","site-post-title":"","ast-breadcrumbs-content":"","ast-featured-img":"","footer-sml-layout":"","theme-transparent-header-meta":"default","adv-header-id-meta":"","stick-header-meta":"","header-above-stick-meta":"","header-main-stick-meta":"","header-below-stick-meta":"","_joinchat":[]},"product_cat":[25],"product_tag":[33],"_links":{"self":[{"href":"https:\/\/orlandoexpeditionperu.com\/index.php\/wp-json\/wp\/v2\/product\/375"}],"collection":[{"href":"https:\/\/orlandoexpeditionperu.com\/index.php\/wp-json\/wp\/v2\/product"}],"about":[{"href":"https:\/\/orlandoexpeditionperu.com\/index.php\/wp-json\/wp\/v2\/types\/product"}],"replies":[{"embeddable":true,"href":"https:\/\/orlandoexpeditionperu.com\/index.php\/wp-json\/wp\/v2\/comments?post=375"}],"wp:featuredmedia":[{"embeddable":true,"href":"https:\/\/orlandoexpeditionperu.com\/index.php\/wp-json\/wp\/v2\/media\/484"}],"wp:attachment":[{"href":"https:\/\/orlandoexpeditionperu.com\/index.php\/wp-json\/wp\/v2\/media?parent=375"}],"wp:term":[{"taxonomy":"product_cat","embeddable":true,"href":"https:\/\/orlandoexpeditionperu.com\/index.php\/wp-json\/wp\/v2\/product_cat?post=375"},{"taxonomy":"product_tag","embeddable":true,"href":"https:\/\/orlandoexpeditionperu.com\/index.php\/wp-json\/wp\/v2\/product_tag?post=375"}],"curies":[{"name":"wp","href":"https:\/\/api.w.org\/{rel}","templated":true}]}}