{"id":382,"date":"2023-03-05T17:50:07","date_gmt":"2023-03-05T17:50:07","guid":{"rendered":"https:\/\/orlandoexpeditionperu.com\/?post_type=product&#038;p=382"},"modified":"2024-07-05T20:11:22","modified_gmt":"2024-07-05T20:11:22","slug":"polaris-en-huacachina","status":"publish","type":"product","link":"https:\/\/orlandoexpeditionperu.com\/index.php\/producto\/polaris-en-huacachina\/","title":{"rendered":"POLARIS EN HUACACHINA <br><br>"},"content":{"rendered":"<h2 class=\"elementor-heading-title elementor-size-default\"><span style=\"color: #ff9900;\">Polaris en Huacachina<\/span><\/h2>\n<h4 class=\"elementor-heading-title elementor-size-default\"><span style=\"color: #ffcc00;\">Nuestro Tour comprende:<\/span><\/h4>\n<p><i class=\"fa-solid fa-check\" style=\"color: #3cfe42;\"><\/i> Transporte Tur\u00edstico.<br \/>\n<i class=\"fa-solid fa-check\" style=\"color: #3cfe42;\"><\/i> Asistente biling\u00fce.<br \/>\n<i class=\"fa-solid fa-check\" style=\"color: #3cfe42;\"><\/i> Casco de seguridad con protectores oculares.<br \/>\n<i class=\"fa-solid fa-check\" style=\"color: #3cfe42;\"><\/i>Tabla de sandboard.<br \/>\n<i class=\"fa-solid fa-check\" style=\"color: #3cfe42;\"><\/i>Cinturones de seguridad.<br \/>\n<i class=\"fa-solid fa-check\" style=\"color: #3cfe42;\"><\/i>Jaula y agarraderas de seguridadmontada de f\u00e1brica.<br \/>\n<i class=\"fa-solid fa-check\" style=\"color: #3cfe42;\"><\/i>Tasa Tur\u00edstica en Huacachina.<\/p>\n<h4 class=\"elementor-heading-title elementor-size-default\"><span style=\"color: #ffcc00;\">Lo que debes saber:<\/span><\/h4>\n<p>Nuestro recorrido empieza con el recojo desde su hotel para luego dirigirnos al campamento base donde encontraremos a los ROV\u00b4S Polaris (veh\u00edculo recreativo fuera de carretera) para luego partir a Huacachina donde realizaremos dos tipos de deporte de aventura: paseo en Polaris y deslizamiento en tablas de sandboard.<\/p>\n<p>El recorrido en las dunas tiene una duraci\u00f3n de 45-50 min aproximadamente, propicio para contemplar las m\u00e1gicas dunas de Ica. Durante el paseo se realizar\u00e1n (03) paradas; la primera ser\u00e1 en una duna de tama\u00f1o medio para poder practicar el sandboarding, la segunda parada ser\u00e1 en la duna \u201cPatrick\u201d ideal para quienes buscan mayor adrenalina. Finalmente, la \u00faltima parada ser\u00e1 para contemplar el hermoso Oasis de Am\u00e9rica; donde tendremos un tiempo prudente para fotografiarnos y admirar la belleza del paisaje.<\/p>\n<p>Luego retornaremos a base.<\/p>\n<p>Finalmente retorno al hotel.<\/p>\n","protected":false},"excerpt":{"rendered":"<p>Una manera diferente de vivir la adrenalina a bordo de los Rov\u00b4s Polaris en Huacachina, ofreciendo comodidad, seguridad y tecnolog\u00eda en su recorrido por las dunas de Ica.<\/p>\n","protected":false},"featured_media":476,"comment_status":"open","ping_status":"closed","template":"","meta":{"site-sidebar-layout":"default","site-content-layout":"default","ast-global-header-display":"","ast-main-header-display":"","ast-hfb-above-header-display":"","ast-hfb-below-header-display":"","ast-hfb-mobile-header-display":"","site-post-title":"","ast-breadcrumbs-content":"","ast-featured-img":"","footer-sml-layout":"","theme-transparent-header-meta":"default","adv-header-id-meta":"","stick-header-meta":"","header-above-stick-meta":"","header-main-stick-meta":"","header-below-stick-meta":"","_joinchat":[]},"product_cat":[25],"product_tag":[34],"_links":{"self":[{"href":"https:\/\/orlandoexpeditionperu.com\/index.php\/wp-json\/wp\/v2\/product\/382"}],"collection":[{"href":"https:\/\/orlandoexpeditionperu.com\/index.php\/wp-json\/wp\/v2\/product"}],"about":[{"href":"https:\/\/orlandoexpeditionperu.com\/index.php\/wp-json\/wp\/v2\/types\/product"}],"replies":[{"embeddable":true,"href":"https:\/\/orlandoexpeditionperu.com\/index.php\/wp-json\/wp\/v2\/comments?post=382"}],"wp:featuredmedia":[{"embeddable":true,"href":"https:\/\/orlandoexpeditionperu.com\/index.php\/wp-json\/wp\/v2\/media\/476"}],"wp:attachment":[{"href":"https:\/\/orlandoexpeditionperu.com\/index.php\/wp-json\/wp\/v2\/media?parent=382"}],"wp:term":[{"taxonomy":"product_cat","embeddable":true,"href":"https:\/\/orlandoexpeditionperu.com\/index.php\/wp-json\/wp\/v2\/product_cat?post=382"},{"taxonomy":"product_tag","embeddable":true,"href":"https:\/\/orlandoexpeditionperu.com\/index.php\/wp-json\/wp\/v2\/product_tag?post=382"}],"curies":[{"name":"wp","href":"https:\/\/api.w.org\/{rel}","templated":true}]}}