{"id":524,"date":"2024-03-07T17:00:28","date_gmt":"2024-03-07T17:00:28","guid":{"rendered":"https:\/\/orlandoexpeditionperu.com\/?post_type=product&#038;p=524"},"modified":"2024-04-15T12:34:22","modified_gmt":"2024-04-15T12:34:22","slug":"tour-islas-ballestas-desde-paracas","status":"publish","type":"product","link":"https:\/\/orlandoexpeditionperu.com\/index.php\/producto\/tour-islas-ballestas-desde-paracas\/","title":{"rendered":"TOUR ISLAS BALLESTAS DESDE PARACAS"},"content":{"rendered":"<div class=\"elementor-element elementor-element-33c3506 elementor-widget elementor-widget-heading\" data-id=\"33c3506\" data-element_type=\"widget\" data-widget_type=\"heading.default\">\n<div class=\"elementor-widget-container\">\n<h2 class=\"elementor-heading-title elementor-size-default\"><span style=\"color: #ff9900;\"> Islas Ballestas desde Paracas <\/span><\/h2>\n<\/div>\n<\/div>\n<div class=\"elementor-element elementor-element-a92a7e4 color-scheme-inherit text-left elementor-widget elementor-widget-text-editor\" data-id=\"a92a7e4\" data-element_type=\"widget\" data-widget_type=\"text-editor.default\">\n<div class=\"elementor-widget-container\">\n<div class=\"elementor-text-editor elementor-clearfix\">\n<p>Visita junto a nosotros los mejores atractivos tur\u00edsticos de Paracas:\u00a0<span style=\"color: #ffcc00;\"><strong>Las Islas Ballestas y la Reserva Nacional de Paracas<\/strong><\/span>\u00a0en nuestro full day desde Ica o Paracas.<\/p>\n<p>Nuestro tour Islas Ballestas desde Paracas es la excursi\u00f3n ideal para viajeros que decidan ir a Paracas luego de visitar Huacachina.<\/p>\n<\/div>\n<\/div>\n<\/div>\n<div class=\"elementor-element elementor-element-1958b90 elementor-widget elementor-widget-heading\" data-id=\"1958b90\" data-element_type=\"widget\" data-widget_type=\"heading.default\">\n<div class=\"elementor-widget-container\">\n<h3 class=\"elementor-heading-title elementor-size-default\"><span style=\"color: #ffcc00;\">Lo m\u00e1s destacado<\/span><\/h3>\n<\/div>\n<\/div>\n<div data-id=\"5ff469d\" data-element_type=\"widget\" data-widget_type=\"icon-list.default\">\n<p><i class=\"fa-solid fa-tag\" style=\"color: #fea93c;\"><\/i> Servicios en Movilidad Privada con Protocolos de Bioseguridad.<\/p>\n<p><i class=\"fa-solid fa-tag\" style=\"color: #fea93c;\"><\/i> Grupo de viaje con 15 personas aproximadamente (en feriados largos puede variar la cantidad de personas).<\/p>\n<p><i class=\"fa-solid fa-tag\" style=\"color: #fea93c;\"><\/i> Asistencia personal de inicio a fin.<\/p>\n<\/div>\n<div class=\"elementor-element elementor-element-f2d651d elementor-widget elementor-widget-heading\" data-id=\"f2d651d\" data-element_type=\"widget\" data-widget_type=\"heading.default\">\n<div class=\"elementor-widget-container\">\n<h3 class=\"elementor-heading-title elementor-size-default\"><span style=\"color: #ffcc00;\">Itinerario<\/span><\/h3>\n<\/div>\n<\/div>\n<div data-id=\"eaad78b\" data-element_type=\"widget\" data-widget_type=\"icon-list.default\">\n<div>\n<p><i class=\"fa-solid fa-location-dot\" style=\"color: #fea93c;\"><\/i> <span style=\"color: #ffcc00;\"><strong>Inicio:\u00a0<\/strong><\/span>\u00a007:30 hrs Recojo desde su hotel o estaci\u00f3n de bus.<\/p>\n<p><i class=\"fa-solid fa-location-dot\" style=\"color: #fea93c;\"><\/i> <strong><span class=\"elementor-icon-list-text\"><span style=\"color: #ffcc00;\"> Final:<\/span> <\/span><\/strong><span class=\"elementor-icon-list-text\">10:00 hrs en su hotel en Paracas o estaci\u00f3n de bus.<\/span><\/p>\n<\/div>\n<\/div>\n<div class=\"elementor-element elementor-element-7cb356c color-scheme-inherit text-left elementor-widget elementor-widget-text-editor\" data-id=\"7cb356c\" data-element_type=\"widget\" data-widget_type=\"text-editor.default\">\n<div class=\"elementor-widget-container\">\n<div class=\"elementor-text-editor elementor-clearfix\">\n<p><span style=\"color: #ffcc00;\"><strong>7:30 am<\/strong><\/span> aprox. Recojo de nuestros pasajeros desde su Hotel en Paracas,\u00a0 para luego dirigirnos al muelle artesanal del Chaco, lugar en el que abordar\u00e1n un bote deslizador hacia las Islas Ballestas, ya en el deslizador se nos brindar\u00e1n unos chalecos salvavidas como medio de protecci\u00f3n, se les explicar\u00e1 los protocolos de seguridad a seguir durante el trayecto, haciendo que nuestra visita sea c\u00f3moda y segura.<\/p>\n<p>Durante nuestro recorrido nos detendremos a apreciar la misteriosa figura del Candelabro; un impresionante dise\u00f1o trazado sobre la falda de un cerro en la bah\u00eda de Paracas.<\/p>\n<p>Hay en realidad muchas teor\u00edas con respecto a su origen; algunos creen que tiene relaci\u00f3n con las L\u00edneas de Nasca, las cuales se ubican a unos 120 kil\u00f3metros al sur, otros acreditan su construcci\u00f3n a los antiguos piratas, quienes seg\u00fan se dice la hicieron como punto de referencia para poder guiarse, debido a la densa neblina de la zona. Nuestro capit\u00e1n har\u00e1 una parada en frente a la figura y nuestro gu\u00eda local explicar\u00e1 sobre ella.<\/p>\n<p>Luego continuaremos con direcci\u00f3n a las Islas Ballestas, ya en las islas; los visitantes podr\u00e1n disfrutar de un impresionante escenario marino colmado de aves y lobos marinos.<\/p>\n<p>Aqu\u00ed recorreremos en nuestro deslizador los alrededores de las islas, pasando por cuevas, formaciones rocosas como el perfil de Cristo y apreciaremos muchas otras especies acu\u00e1ticas.<\/p>\n<p>Debido a su ubicaci\u00f3n semi-tropical, hace un poco de calor, por lo cual recomendamos traer bloqueador solar y una gorra para protegerse de los rayos solares.<\/p>\n<p>El paseo dura un total de 2 horas comprendiendo: 1 hora entre ida y retorno, y 1 hora de circunnavegaci\u00f3n en las islas.<\/p>\n<p>Al retorno los visitantes podr\u00e1n hacer un recorrido por la feria artesanal de Paracas; donde podr\u00e1n adquirir souvenirs t\u00edpicos de la zona.<\/p>\n","protected":false},"excerpt":{"rendered":"<p>Paracas se ubica a s\u00f3lo unas 3 hrs de Lima. <strong><span style=\"color: #ffcc00;\">Cuna de la m\u00e1s importante cultura pre Inca<\/span><\/strong>, cuenta con una extraordinaria biodiversidad.<\/p>\n","protected":false},"featured_media":497,"comment_status":"open","ping_status":"closed","template":"","meta":{"site-sidebar-layout":"default","site-content-layout":"default","ast-global-header-display":"","ast-main-header-display":"","ast-hfb-above-header-display":"","ast-hfb-below-header-display":"","ast-hfb-mobile-header-display":"","site-post-title":"","ast-breadcrumbs-content":"","ast-featured-img":"","footer-sml-layout":"","theme-transparent-header-meta":"default","adv-header-id-meta":"","stick-header-meta":"","header-above-stick-meta":"","header-main-stick-meta":"","header-below-stick-meta":"","_joinchat":[]},"product_cat":[26],"product_tag":[],"_links":{"self":[{"href":"https:\/\/orlandoexpeditionperu.com\/index.php\/wp-json\/wp\/v2\/product\/524"}],"collection":[{"href":"https:\/\/orlandoexpeditionperu.com\/index.php\/wp-json\/wp\/v2\/product"}],"about":[{"href":"https:\/\/orlandoexpeditionperu.com\/index.php\/wp-json\/wp\/v2\/types\/product"}],"replies":[{"embeddable":true,"href":"https:\/\/orlandoexpeditionperu.com\/index.php\/wp-json\/wp\/v2\/comments?post=524"}],"wp:featuredmedia":[{"embeddable":true,"href":"https:\/\/orlandoexpeditionperu.com\/index.php\/wp-json\/wp\/v2\/media\/497"}],"wp:attachment":[{"href":"https:\/\/orlandoexpeditionperu.com\/index.php\/wp-json\/wp\/v2\/media?parent=524"}],"wp:term":[{"taxonomy":"product_cat","embeddable":true,"href":"https:\/\/orlandoexpeditionperu.com\/index.php\/wp-json\/wp\/v2\/product_cat?post=524"},{"taxonomy":"product_tag","embeddable":true,"href":"https:\/\/orlandoexpeditionperu.com\/index.php\/wp-json\/wp\/v2\/product_tag?post=524"}],"curies":[{"name":"wp","href":"https:\/\/api.w.org\/{rel}","templated":true}]}}